{"id":111422,"date":"2023-02-17T17:41:50","date_gmt":"2023-02-17T17:41:50","guid":{"rendered":"https:\/\/mcs.ed.cr\/?page_id=111422"},"modified":"2025-01-27T19:58:08","modified_gmt":"2025-01-27T19:58:08","slug":"carta-de-bienvenida","status":"publish","type":"page","link":"https:\/\/mcs.ed.cr\/es\/carta-de-bienvenida\/","title":{"rendered":"Bienvenida del Director"},"content":{"rendered":"<p>[et_pb_section fb_built=\"1\u2033 _builder_version=\"4.27.4\u2033 _module_preset=\"default\" background_image=\"https:\/\/mcs.ed.cr\/wp-content\/uploads\/2024\/12\/banphy8.jpg\" background_size=\"contain\" min_height=\"537px\" height=\"493px\" max_height=\"394px\" custom_margin=\"-120px||||false|false\" hover_enabled=\"0\u2033 global_colors_info=\"{}\" disabled_on=\"on|off|off\" sticky_enabled=\"0\u2033][\/et_pb_section][et_pb_section fb_built=\"1\u2033 fullwidth=\"on\" theme_builder_area=\"post_content\" _builder_version=\"4.27.4\u2033 _module_preset=\"default\" hover_enabled=\"0\u2033 custom_margin=\"||||false|false\" custom_padding=\"||0px||false|false\" sticky_enabled=\"0\u2033][et_pb_fullwidth_image _builder_version=\"4.27.4\u2033 _module_preset=\"default\" theme_builder_area=\"post_content\" title_text=\"ban11p\" src=\"https:\/\/mcs.ed.cr\/wp-content\/uploads\/2025\/01\/ban11p.jpg\" disabled_on=\"off|on|on\" hover_enabled=\"0\u2033 sticky_enabled=\"0\u2033][\/et_pb_fullwidth_image][\/et_pb_section][et_pb_section fb_built=\"1\u2033 theme_builder_area=\"post_content\" _builder_version=\"4.27.4\u2033 _module_preset=\"default\" hover_enabled=\"0\u2033 sticky_enabled=\"0\u2033 custom_margin=\"-2px||-50px||false|false\" custom_padding=\"||54px||false|false\"][et_pb_row _builder_version=\"4.27.4\u2033 _module_preset=\"default\" theme_builder_area=\"post_content\" hover_enabled=\"0\u2033 sticky_enabled=\"0\u2033][et_pb_column _builder_version=\"4.27.4\u2033 _module_preset=\"default\" type=\"4_4\u2033 theme_builder_area=\"post_content\"][et_pb_text _builder_version=\"4.27.4\u2033 _module_preset=\"default\" theme_builder_area=\"post_content\" hover_enabled=\"0\u2033 disabled_on=\"off|on|on\" custom_margin=\"-314px|||-193px||false|false\" header_text_color=\"#FFFFFF\" sticky_enabled=\"0\u2033]<\/p>\n<h1>Bienvenida de nuestro Director General<\/h1>\n<p>[\/et_pb_text][\/et_pb_column][\/et_pb_row][\/et_pb_section][et_pb_section fb_built=\"1\u2033 _builder_version=\"4.27.4\u2033 _module_preset=\"default\" min_height=\"369.5px\" height=\"408px\" max_height=\"1000px\" custom_margin=\"-100px||||false|false\" custom_padding=\"||68px|||\" hover_enabled=\"0\u2033 global_colors_info=\"{}\" sticky_enabled=\"0\u2033 custom_margin_last_edited=\"on|phone\" custom_margin_phone=\"-.163px||-74px||false|false\" custom_padding_last_edited=\"on|phone\" custom_padding_phone=\"0px||68px||false|false\" custom_margin_tablet=\"-100px||||false|false\" custom_padding_tablet=\"||68px||||\"][et_pb_row column_structure=\"1_2,1_2\u2033 _builder_version=\"4.27.4\u2033 _module_preset=\"default\" custom_padding=\"||0px|||\" hover_enabled=\"0\u2033 global_colors_info=\"{}\" custom_margin_last_edited=\"on|phone\" custom_margin_phone=\"-57px||||false|false\" sticky_enabled=\"0\u2033][et_pb_column type=\"1_2\u2033 _builder_version=\"4.27.4\u2033 _module_preset=\"default\" global_colors_info=\"{}\"][et_pb_text _builder_version=\"4.27.4\u2033 _module_preset=\"default\" hover_enabled=\"0\u2033 global_colors_info=\"{}\" custom_margin_last_edited=\"on|phone\" custom_margin_phone=\"-49px||||false|false\" sticky_enabled=\"0\u2033]<\/p>\n<p style=\"text-align: left;\"><strong>Querida familia MCS,<\/strong><\/p>\n<p style=\"text-align: justify;\">Desde 1956 nuestra instituci\u00f3n ha servido a estudiantes y familias de diferentes lugares de Costa Rica. En todos estos a\u00f1os hemos mantenido nuestro compromiso de formar a los estudiantes de manera integral, considerando todos aquellos aspectos que forman parte de su ser y prepararlos para ser exitosos en su vida personal y profesional desde una cosmovisi\u00f3n b\u00edblica. Esto involucra elementos fundamentales como la convivencia cristiana, la socializaci\u00f3n, el manejo emocional y el desarrollo de habilidades y competencias en un ambiente acad\u00e9mico del m\u00e1s alto nivel.<\/p>\n<p style=\"text-align: justify;\"><strong>En MCS creemos que el objetivo \u00faltimo de la educaci\u00f3n cristiana es el discipulado: una vida dedicada a descubrir todo lo que podamos sobre Dios y su prop\u00f3sito para nosotros en este mundo. Abrazamos nuestra curiosidad innata sobre la creaci\u00f3n de Dios explorada a trav\u00e9s de la ciencia, la literatura, las matem\u00e1ticas, la historia, las artes y las relaciones que desarrollamos entre nosotros.<\/strong><\/p>\n<p style=\"text-align: justify;\">[\/et_pb_text][\/et_pb_column][et_pb_column type=\"1_2\u2033 _builder_version=\"4.27.4\u2033 _module_preset=\"default\" global_colors_info=\"{}\"][dmpro_image_hotspot img_src=\"https:\/\/mcs.ed.cr\/wp-content\/uploads\/2023\/06\/056A0491-scaled.jpg\" _builder_version=\"4.27.4\u2033 _module_preset=\"default\" hover_enabled=\"0\u2033 global_colors_info=\"{}\" custom_margin_last_edited=\"on|phone\" custom_margin_phone=\"-19px|||15px||false|false\" sticky_enabled=\"0\u2033][dmpro_image_hotspot_child _builder_version=\"4.27.4\u2033 _module_preset=\"default\" global_colors_info=\"{}\"][\/dmpro_image_hotspot_child][\/dmpro_image_hotspot][\/et_pb_column][\/et_pb_row][\/et_pb_section][et_pb_section fb_built=\"1\u2033 _builder_version=\"4.27.4\u2033 _module_preset=\"default\" global_colors_info=\"{}\"][et_pb_row _builder_version=\"4.27.4\u2033 _module_preset=\"default\" global_colors_info=\"{}\"][et_pb_column type=\"4_4\u2033 _builder_version=\"4.27.4\u2033 _module_preset=\"default\" global_colors_info=\"{}\"][et_pb_text _builder_version=\"4.27.4\u2033 _module_preset=\"default\" global_colors_info=\"{}\"]<\/p>\n<p style=\"text-align: justify;\">Nuestra misi\u00f3n y pasi\u00f3n es equipar estudiantes que conozcan a Dios y Su Palabra, que tengan una genuina experiencia cristiana y que sean una luz en este mundo. Asimismo, es nuestra misi\u00f3n asegurar que todos los alumnos alcancen las habilidades y competencias necesarias para surgir en el futuro a trav\u00e9s de programas que los preparen en cuatro \u00e1reas fundamentales, que son: saber, saber hacer, saber ser y saber relacionarse con los dem\u00e1s.<\/p>\n<p style=\"text-align: justify;\">Gracias a Dios hemos podido mantenernos fieles a la visi\u00f3n y misi\u00f3n que \u00c9l ha puesto en nuestros corazones desde el inicio de este proyecto, ofrecemos una educaci\u00f3n del siglo XXI que prepara aut\u00e9nticamente a los estudiantes para las diferentes din\u00e1micas y retos que enfrentar\u00e1n en su mundo personal, acad\u00e9mico y profesional. Educamos y preparamos a nuestros alumnos utilizando las mejores pr\u00e1cticas pedag\u00f3gicas y metodol\u00f3gicas basadas en la investigaci\u00f3n neurocient\u00edfica y en est\u00e1ndares reconocidos internacionalmente.<\/p>\n<blockquote>\n<p style=\"text-align: justify;\"><strong>Nuestros programas educativos est\u00e1n meticulosamente dise\u00f1ados para inspirar a cada estudiante a sobresalir, desbloqueando todo su potencial para convertirse en la mejor versi\u00f3n de s\u00ed mismos - dedicados a glorificar a Dios y hacer un impacto transformador en la sociedad y el mundo.<\/strong><\/p>\n<\/blockquote>\n<p style=\"text-align: justify;\">Esto es precisamente lo que nos distingue de otras opciones educativas del pa\u00eds. <strong>No s\u00f3lo proporcionamos un programa acad\u00e9micamente exigente, sino que lo hacemos en un entorno seguro donde los alumnos son realmente queridos, valorados y respetados, rodeados de un personal comprometido con la educaci\u00f3n integral de cada uno de ellos y donde conocen a Dios m\u00e1s profundamente cada d\u00eda.<\/strong><\/p>\n<p style=\"text-align: justify;\">Ya sea que nos conoza por primera o sea ya miembro de la familia MCS, me alegro de que est\u00e9 aqu\u00ed. Le invito a explorar nuestro sitio web y conocer nuestros fundamentos, valores, nuestro plan de estudios y nuestra oferta extracurricular. Mejor a\u00fan, le invito a visitar nuestras instalaciones y ver lo que hace de nuestra instituci\u00f3n un lugar tan extraordinario.<\/p>\n<p style=\"text-align: justify;\">Que Dios te bendiga,<\/p>\n<p style=\"text-align: justify;\">Michael Parrales, MSc., MNE.<\/p>\n<p style=\"text-align: justify;\">Director General<\/p>\n<p>[\/et_pb_text][\/et_pb_column][\/et_pb_row][\/et_pb_section][et_pb_section fb_built=\"1\u2033 _builder_version=\"4.27.4\u2033 _module_preset=\"default\" min_height=\"649.9px\" custom_margin=\"-144px||||false|false\" hover_enabled=\"0\u2033 global_colors_info=\"{}\" disabled_on=\"on|off|off\" sticky_enabled=\"0\u2033][et_pb_row _builder_version=\"4.27.4\u2033 _module_preset=\"default\" custom_margin=\"30px||||false|false\" global_colors_info=\"{}\"][et_pb_column type=\"4_4\u2033 _builder_version=\"4.27.4\u2033 _module_preset=\"default\" global_colors_info=\"{}\"][et_pb_image src=\"https:\/\/mcs.ed.cr\/wp-content\/uploads\/2025\/01\/accreditations.jpg\" _builder_version=\"4.27.4\u2033 _module_preset=\"default\" global_colors_info=\"{}\"][\/et_pb_image][\/et_pb_column][\/et_pb_row][\/et_pb_section]<\/p>","protected":false},"excerpt":{"rendered":"<p>Bienvenida de nuestro Director GeneralAmada Familia MCS, Desde 1956 nuestra instituci\u00f3n ha servido a estudiantes y familias de diferentes lugares de Costa Rica. En todos estos a\u00f1os hemos mantenido nuestra [...]<\/p>","protected":false},"author":1,"featured_media":0,"parent":0,"menu_order":0,"comment_status":"closed","ping_status":"closed","template":"","meta":{"_et_pb_use_builder":"on","_et_pb_old_content":"","_et_gb_content_width":"","footnotes":""},"difl_page_category":[],"class_list":["post-111422","page","type-page","status-publish","hentry"],"yoast_head":"<!-- This site is optimized with the Yoast SEO Premium plugin v26.5 (Yoast SEO v26.5) - https:\/\/yoast.com\/wordpress\/plugins\/seo\/ -->\n<title>Bienvenida del Director - Monterrey Christian School<\/title>\n<meta name=\"robots\" content=\"index, follow, max-snippet:-1, max-image-preview:large, max-video-preview:-1\" \/>\n<link rel=\"canonical\" href=\"https:\/\/mcs.ed.cr\/es\/carta-de-bienvenida\/\" \/>\n<meta property=\"og:locale\" content=\"es_ES\" \/>\n<meta property=\"og:type\" content=\"article\" \/>\n<meta property=\"og:title\" content=\"Bienvenida del Director - Monterrey Christian School\" \/>\n<meta property=\"og:description\" content=\"Welcome from our General DirectorBeloved MCS Family, Since 1956 our institution has served students and families from different places in Costa Rica. In all these years we have maintained our [&hellip;]\" \/>\n<meta property=\"og:url\" content=\"https:\/\/mcs.ed.cr\/es\/carta-de-bienvenida\/\" \/>\n<meta property=\"og:site_name\" content=\"Monterrey Christian School\" \/>\n<meta property=\"article:publisher\" content=\"https:\/\/www.facebook.com\/MonterreyChristianSchool\/\" \/>\n<meta property=\"article:modified_time\" content=\"2025-01-27T19:58:08+00:00\" \/>\n<meta property=\"og:image\" content=\"https:\/\/mcs.ed.cr\/wp-content\/uploads\/2025\/08\/Torneo-Robotica-MCS-9-scaled.jpg\" \/>\n\t<meta property=\"og:image:width\" content=\"2560\" \/>\n\t<meta property=\"og:image:height\" content=\"1440\" \/>\n\t<meta property=\"og:image:type\" content=\"image\/jpeg\" \/>\n<meta name=\"twitter:card\" content=\"summary_large_image\" \/>\n<meta name=\"twitter:label1\" content=\"Est. reading time\" \/>\n\t<meta name=\"twitter:data1\" content=\"5 minutos\" \/>\n<script type=\"application\/ld+json\" class=\"yoast-schema-graph\">{\"@context\":\"https:\/\/schema.org\",\"@graph\":[{\"@type\":\"WebPage\",\"@id\":\"https:\/\/mcs.ed.cr\/welcome-letter\/\",\"url\":\"https:\/\/mcs.ed.cr\/welcome-letter\/\",\"name\":\"Bienvenida del Director - Monterrey Christian School\",\"isPartOf\":{\"@id\":\"https:\/\/mcs.ed.cr\/#website\"},\"datePublished\":\"2023-02-17T17:41:50+00:00\",\"dateModified\":\"2025-01-27T19:58:08+00:00\",\"inLanguage\":\"es-CR\",\"potentialAction\":[{\"@type\":\"ReadAction\",\"target\":[\"https:\/\/mcs.ed.cr\/welcome-letter\/\"]}]},{\"@type\":\"WebSite\",\"@id\":\"https:\/\/mcs.ed.cr\/#website\",\"url\":\"https:\/\/mcs.ed.cr\/\",\"name\":\"Monterrey Christian School\",\"description\":\"Glorifyng God's Name Since 1956\",\"publisher\":{\"@id\":\"https:\/\/mcs.ed.cr\/#organization\"},\"potentialAction\":[{\"@type\":\"SearchAction\",\"target\":{\"@type\":\"EntryPoint\",\"urlTemplate\":\"https:\/\/mcs.ed.cr\/?s={search_term_string}\"},\"query-input\":{\"@type\":\"PropertyValueSpecification\",\"valueRequired\":true,\"valueName\":\"search_term_string\"}}],\"inLanguage\":\"es-CR\"},{\"@type\":\"Organization\",\"@id\":\"https:\/\/mcs.ed.cr\/#organization\",\"name\":\"Monterrey Christian School\",\"alternateName\":\"MCS\",\"url\":\"https:\/\/mcs.ed.cr\/\",\"logo\":{\"@type\":\"ImageObject\",\"inLanguage\":\"es-CR\",\"@id\":\"https:\/\/mcs.ed.cr\/#\/schema\/logo\/image\/\",\"url\":\"https:\/\/mcs.ed.cr\/wp-content\/uploads\/2023\/02\/MCS-turquesa.png\",\"contentUrl\":\"https:\/\/mcs.ed.cr\/wp-content\/uploads\/2023\/02\/MCS-turquesa.png\",\"width\":1359,\"height\":737,\"caption\":\"Monterrey Christian School\"},\"image\":{\"@id\":\"https:\/\/mcs.ed.cr\/#\/schema\/logo\/image\/\"},\"sameAs\":[\"https:\/\/www.facebook.com\/MonterreyChristianSchool\/\",\"https:\/\/www.instagram.com\/monterreychristianschool\/\"],\"email\":\"mparrales@monterrey.ed.cr\",\"telephone\":\"22240833\",\"legalName\":\"Asociaci\u00f3n Cultural Monterrey\",\"foundingDate\":\"1956-03-01\",\"numberOfEmployees\":{\"@type\":\"QuantitativeValue\",\"minValue\":\"51\",\"maxValue\":\"200\"}}]}<\/script>\n<!-- \/ Yoast SEO Premium plugin. -->","yoast_head_json":{"title":"Bienvenida del Director - Monterrey Christian School","robots":{"index":"index","follow":"follow","max-snippet":"max-snippet:-1","max-image-preview":"max-image-preview:large","max-video-preview":"max-video-preview:-1"},"canonical":"https:\/\/mcs.ed.cr\/es\/carta-de-bienvenida\/","og_locale":"es_ES","og_type":"article","og_title":"Bienvenida del Director - Monterrey Christian School","og_description":"Welcome from our General DirectorBeloved MCS Family, Since 1956 our institution has served students and families from different places in Costa Rica. In all these years we have maintained our [&hellip;]","og_url":"https:\/\/mcs.ed.cr\/es\/carta-de-bienvenida\/","og_site_name":"Monterrey Christian School","article_publisher":"https:\/\/www.facebook.com\/MonterreyChristianSchool\/","article_modified_time":"2025-01-27T19:58:08+00:00","og_image":[{"width":2560,"height":1440,"url":"https:\/\/mcs.ed.cr\/wp-content\/uploads\/2025\/08\/Torneo-Robotica-MCS-9-scaled.jpg","type":"image\/jpeg"}],"twitter_card":"summary_large_image","twitter_misc":{"Est. reading time":"5 minutos"},"schema":{"@context":"https:\/\/schema.org","@graph":[{"@type":"WebPage","@id":"https:\/\/mcs.ed.cr\/welcome-letter\/","url":"https:\/\/mcs.ed.cr\/welcome-letter\/","name":"Bienvenida del Director - Monterrey Christian School","isPartOf":{"@id":"https:\/\/mcs.ed.cr\/#website"},"datePublished":"2023-02-17T17:41:50+00:00","dateModified":"2025-01-27T19:58:08+00:00","inLanguage":"es-CR","potentialAction":[{"@type":"ReadAction","target":["https:\/\/mcs.ed.cr\/welcome-letter\/"]}]},{"@type":"WebSite","@id":"https:\/\/mcs.ed.cr\/#website","url":"https:\/\/mcs.ed.cr\/","name":"Monterrey Christian School","description":"Glorificando el nombre de Dios desde 1956","publisher":{"@id":"https:\/\/mcs.ed.cr\/#organization"},"potentialAction":[{"@type":"SearchAction","target":{"@type":"EntryPoint","urlTemplate":"https:\/\/mcs.ed.cr\/?s={search_term_string}"},"query-input":{"@type":"PropertyValueSpecification","valueRequired":true,"valueName":"search_term_string"}}],"inLanguage":"es-CR"},{"@type":"Organization","@id":"https:\/\/mcs.ed.cr\/#organization","name":"Monterrey Christian School","alternateName":"MCS","url":"https:\/\/mcs.ed.cr\/","logo":{"@type":"ImageObject","inLanguage":"es-CR","@id":"https:\/\/mcs.ed.cr\/#\/schema\/logo\/image\/","url":"https:\/\/mcs.ed.cr\/wp-content\/uploads\/2023\/02\/MCS-turquesa.png","contentUrl":"https:\/\/mcs.ed.cr\/wp-content\/uploads\/2023\/02\/MCS-turquesa.png","width":1359,"height":737,"caption":"Monterrey Christian School"},"image":{"@id":"https:\/\/mcs.ed.cr\/#\/schema\/logo\/image\/"},"sameAs":["https:\/\/www.facebook.com\/MonterreyChristianSchool\/","https:\/\/www.instagram.com\/monterreychristianschool\/"],"email":"mparrales@monterrey.ed.cr","telephone":"22240833","legalName":"Asociaci\u00f3n Cultural Monterrey","foundingDate":"1956-03-01","numberOfEmployees":{"@type":"QuantitativeValue","minValue":"51","maxValue":"200"}}]}},"_links":{"self":[{"href":"https:\/\/mcs.ed.cr\/es\/wp-json\/wp\/v2\/pages\/111422","targetHints":{"allow":["GET"]}}],"collection":[{"href":"https:\/\/mcs.ed.cr\/es\/wp-json\/wp\/v2\/pages"}],"about":[{"href":"https:\/\/mcs.ed.cr\/es\/wp-json\/wp\/v2\/types\/page"}],"author":[{"embeddable":true,"href":"https:\/\/mcs.ed.cr\/es\/wp-json\/wp\/v2\/users\/1"}],"replies":[{"embeddable":true,"href":"https:\/\/mcs.ed.cr\/es\/wp-json\/wp\/v2\/comments?post=111422"}],"version-history":[{"count":0,"href":"https:\/\/mcs.ed.cr\/es\/wp-json\/wp\/v2\/pages\/111422\/revisions"}],"wp:attachment":[{"href":"https:\/\/mcs.ed.cr\/es\/wp-json\/wp\/v2\/media?parent=111422"}],"wp:term":[{"taxonomy":"difl_page_category","embeddable":true,"href":"https:\/\/mcs.ed.cr\/es\/wp-json\/wp\/v2\/difl_page_category?post=111422"}],"curies":[{"name":"wp","href":"https:\/\/api.w.org\/{rel}","templated":true}]}}