{"id":111692,"date":"2023-03-24T14:31:58","date_gmt":"2023-03-24T14:31:58","guid":{"rendered":"https:\/\/mcs.ed.cr\/?page_id=111692"},"modified":"2025-02-05T14:53:53","modified_gmt":"2025-02-05T14:53:53","slug":"manifiesto-monterrey","status":"publish","type":"page","link":"https:\/\/mcs.ed.cr\/es\/manifiesto-monterrey\/","title":{"rendered":"Manifiesto"},"content":{"rendered":"<p>[et_pb_section fb_built=&#8221;1&#8243; disabled_on=&#8221;on|on|off&#8221; _builder_version=&#8221;4.27.4&#8243; _module_preset=&#8221;default&#8221; background_enable_image=&#8221;off&#8221; background_size=&#8221;contain&#8221; background_position=&#8221;top_center&#8221; background_enable_video_mp4=&#8221;off&#8221; module_alignment=&#8221;center&#8221; min_height=&#8221;322px&#8221; height=&#8221;323px&#8221; custom_margin=&#8221;||1px|||&#8221; global_colors_info=&#8221;{}&#8221;][et_pb_row use_custom_gutter=&#8221;on&#8221; _builder_version=&#8221;4.27.4&#8243; _module_preset=&#8221;default&#8221; width=&#8221;100%&#8221; max_width=&#8221;100%&#8221; global_colors_info=&#8221;{}&#8221;][et_pb_column type=&#8221;4_4&#8243; _builder_version=&#8221;4.27.4&#8243; _module_preset=&#8221;default&#8221; global_colors_info=&#8221;{}&#8221;][et_pb_image src=&#8221;https:\/\/mcs.ed.cr\/wp-content\/uploads\/2025\/02\/manifest.jpg&#8221; title_text=&#8221;manifest&#8221; force_fullwidth=&#8221;on&#8221; _builder_version=&#8221;4.27.4&#8243; _module_preset=&#8221;default&#8221; min_height=&#8221;100%&#8221; height=&#8221;100%&#8221; custom_margin=&#8221;-83px||||false|false&#8221; global_colors_info=&#8221;{}&#8221;][\/et_pb_image][et_pb_text disabled_on=&#8221;off|off|off&#8221; _builder_version=&#8221;4.27.4&#8243; _module_preset=&#8221;default&#8221; header_font=&#8221;Nexa Bold||||||||&#8221; header_3_font=&#8221;Nexa Bold||||||||&#8221; header_3_text_color=&#8221;#FFFFFF&#8221; header_3_font_size=&#8221;43px&#8221; custom_margin=&#8221;-197px|||44px|false|false&#8221; hover_enabled=&#8221;0&#8243; global_colors_info=&#8221;{}&#8221; transform_styles_last_edited=&#8221;on|phone&#8221; transform_scale_last_edited=&#8221;on|phone&#8221; transform_translate_last_edited=&#8221;on|phone&#8221; transform_rotate_last_edited=&#8221;on|phone&#8221; transform_skew_last_edited=&#8221;on|phone&#8221; transform_origin_last_edited=&#8221;on|phone&#8221; transform_translate_phone=&#8221;-49px|97px&#8221; sticky_enabled=&#8221;0&#8243;]<\/p>\n<h3 style=\"text-align: left;\">Manifiesto MCS<\/h3>\n<p>[\/et_pb_text][\/et_pb_column][\/et_pb_row][\/et_pb_section][et_pb_section fb_built=&#8221;1&#8243; fullwidth=&#8221;on&#8221; disabled_on=&#8221;off|off|on&#8221; _builder_version=&#8221;4.27.4&#8243; _module_preset=&#8221;default&#8221; global_colors_info=&#8221;{}&#8221;][et_pb_fullwidth_image src=&#8221;https:\/\/mcs.ed.cr\/wp-content\/uploads\/2025\/01\/ban4p.jpg&#8221; title_text=&#8221;ban4p&#8221; _builder_version=&#8221;4.27.4&#8243; _module_preset=&#8221;default&#8221; global_colors_info=&#8221;{}&#8221;][\/et_pb_fullwidth_image][\/et_pb_section][et_pb_section fb_built=&#8221;1&#8243; disabled_on=&#8221;off|on|on&#8221; _builder_version=&#8221;4.27.4&#8243; _module_preset=&#8221;default&#8221; custom_margin=&#8221;-2px||-50px||false|false&#8221; custom_padding=&#8221;||54px||false|false&#8221; global_colors_info=&#8221;{}&#8221;][et_pb_row _builder_version=&#8221;4.27.4&#8243; _module_preset=&#8221;default&#8221; global_colors_info=&#8221;{}&#8221;][et_pb_column type=&#8221;4_4&#8243; _builder_version=&#8221;4.27.4&#8243; _module_preset=&#8221;default&#8221; global_colors_info=&#8221;{}&#8221;][et_pb_text disabled_on=&#8221;off|on|on&#8221; _builder_version=&#8221;4.27.4&#8243; _module_preset=&#8221;default&#8221; header_text_color=&#8221;#FFFFFF&#8221; custom_margin=&#8221;-314px||-193px||false|false&#8221; custom_margin_tablet=&#8221;-314px||-193px||false|false&#8221; custom_margin_phone=&#8221;||||false|false&#8221; custom_margin_last_edited=&#8221;on|phone&#8221; custom_padding_tablet=&#8221;&#8221; custom_padding_phone=&#8221;||0px||false|false&#8221; custom_padding_last_edited=&#8221;on|phone&#8221; global_colors_info=&#8221;{}&#8221;]<\/p>\n<div class=\"et_pb_module et_pb_text et_pb_text_0  et_pb_text_align_left et_pb_bg_layout_light\">\n<div class=\"et_pb_text_inner\">\n<h1>Manifiesto MCS<\/h1>\n<\/div>\n<\/div>\n<p>[\/et_pb_text][\/et_pb_column][\/et_pb_row][\/et_pb_section][et_pb_section fb_built=&#8221;1&#8243; _builder_version=&#8221;4.27.4&#8243; _module_preset=&#8221;default&#8221; custom_margin=&#8221;-21px||-193px||false|false&#8221; custom_margin_tablet=&#8221;-21px||-193px||false|false&#8221; custom_margin_phone=&#8221;-164px||||false|false&#8221; custom_margin_last_edited=&#8221;on|phone&#8221; global_colors_info=&#8221;{}&#8221;][et_pb_row _builder_version=&#8221;4.20.2&#8243; _module_preset=&#8221;default&#8221; background_enable_image=&#8221;off&#8221; global_colors_info=&#8221;{}&#8221;][et_pb_column type=&#8221;4_4&#8243; _builder_version=&#8221;4.20.2&#8243; _module_preset=&#8221;default&#8221; global_colors_info=&#8221;{}&#8221;][et_pb_text _builder_version=&#8221;4.27.3&#8243; _module_preset=&#8221;default&#8221; header_font_size=&#8221;47px&#8221; global_colors_info=&#8221;{}&#8221;]<\/p>\n<h1 style=\"text-align: center;\">Manifiesto MCS<\/h1>\n<p>[\/et_pb_text][et_pb_text _builder_version=&#8221;4.27.4&#8243; _module_preset=&#8221;default&#8221; text_font=&#8221;&#8211;et_global_body_font||||||||&#8221; text_font_size=&#8221;15px&#8221; custom_margin_tablet=&#8221;&#8221; custom_margin_phone=&#8221;|-12px||-12px|false|false&#8221; custom_margin_last_edited=&#8221;on|phone&#8221; custom_padding=&#8221;||40px||false|false&#8221; global_colors_info=&#8221;{}&#8221;]<\/p>\n<p style=\"text-align: justify;\"><strong>En el nombre del Se\u00f1or Jesucristo, Hijo de Dios y Redentor del mundo, Monterrey manifiesta por convicci\u00f3n, por mandato de Dios y con la intervenci\u00f3n del Esp\u00edritu Santo, lo siguiente:<\/strong><\/p>\n<p style=\"text-align: justify;\">Esta instituci\u00f3n forma parte del pueblo del Se\u00f1or, Su asamblea, Su iglesia.<\/p>\n<p style=\"text-align: justify;\">Los que formamos este pueblo tenemos el precioso honor de representar a Dios en la tierra y dar a conocer Su plan perfecto para la humanidad.<\/p>\n<p style=\"text-align: justify;\">Todos los que hemos aceptado que Jes\u00fas dirija nuestras vidas hemos sido hechos hijos e hijas de Dios.<\/p>\n<p style=\"text-align: justify;\"><strong>Su Palabra, la Biblia, constituye el fundamento de nuestra fe y de nuestras acciones.<\/strong><\/p>\n<p style=\"text-align: justify;\">Los seres humanos estamos hechos a imagen y semejanza de Dios, y se nos invita a formar parte de Su perfecta voluntad recibiendo a Jes\u00fas en nuestros corazones y guardando y siguiendo Sus ense\u00f1anzas, Sus principios y Sus ordenanzas.<\/p>\n<p style=\"text-align: justify;\">Invitamos a los miembros de esta comunidad educativa a honrar, alabar y glorificar Su nombre en la formaci\u00f3n de las nuevas generaciones.<\/p>\n<p style=\"text-align: justify;\">Todas las personas estamos hechas por la voluntad de Dios, con su esencia en nuestras vidas, y depende de nosotros seguirlo u oponernos a su voluntad. En nuestro caso, \u00c9l es el Se\u00f1or de la obra educativa del Colegio Monterrey, y todos los que pertenecemos a esta comunidad estamos llamados a seguirlo.<\/p>\n<p style=\"text-align: justify;\">Honramos y alabamos a Dios con toda nuestra raz\u00f3n de ser institucional, con nuestra visi\u00f3n ministerial de levantar y fortalecer una comunidad de transformaci\u00f3n, con nuestras acciones diarias y con nuestro trabajo en todas las \u00e1reas educativas y administrativas.<\/p>\n<p style=\"text-align: justify;\">Aceptamos y confiamos en Su voluntad y Su autoridad sobre nuestras vidas. Conocemos y trabajamos dentro de la voluntad del Se\u00f1or y para hacer Su voluntad.<\/p>\n<p style=\"text-align: justify;\">Dios es amor, por lo que para el Colegio Monterrey seguirlo es tener un testimonio permanente de servicio, de vivencias del evangelio y de conducta coherente y sincronizada con sus valores y principios.<\/p>\n<p style=\"text-align: justify;\">Nuestra posici\u00f3n como cristianos, hijos e hijas de Dios, no es negociable frente a los ataques y embates de los enemigos del evangelio, que pretenden acallar nuestra voz y destruir la obra de Dios.<\/p>\n<p style=\"text-align: justify;\">Llamamos a volver nuestros ojos hacia Dios buscando alinear nuestra vida y testimonio personal y colectivo a la voluntad de Dios.<\/p>\n<p>[\/et_pb_text][\/et_pb_column][\/et_pb_row][et_pb_row _builder_version=&#8221;4.20.2&#8243; _module_preset=&#8221;default&#8221; global_colors_info=&#8221;{}&#8221;][et_pb_column type=&#8221;4_4&#8243; _builder_version=&#8221;4.20.2&#8243; _module_preset=&#8221;default&#8221; global_colors_info=&#8221;{}&#8221;][et_pb_text _builder_version=&#8221;4.20.2&#8243; _module_preset=&#8221;default&#8221; global_colors_info=&#8221;{}&#8221;][\/et_pb_text][\/et_pb_column][\/et_pb_row][\/et_pb_section][et_pb_section fb_built=&#8221;1&#8243; custom_padding_last_edited=&#8221;on|phone&#8221; disabled_on=&#8221;on|on|off&#8221; admin_label=&#8221;Footer&#8221; _builder_version=&#8221;4.27.4&#8243; _module_preset=&#8221;default&#8221; background_color=&#8221;#FFFFFF&#8221; transform_scale_tablet=&#8221;&#8221; transform_scale_phone=&#8221;&#8221; transform_scale_last_edited=&#8221;on|phone&#8221; transform_translate_tablet=&#8221;&#8221; transform_translate_phone=&#8221;&#8221; transform_translate_last_edited=&#8221;on|phone&#8221; transform_rotate_tablet=&#8221;&#8221; transform_rotate_phone=&#8221;&#8221; transform_rotate_last_edited=&#8221;on|phone&#8221; transform_skew_tablet=&#8221;&#8221; transform_skew_phone=&#8221;&#8221; transform_skew_last_edited=&#8221;on|phone&#8221; transform_origin_tablet=&#8221;&#8221; transform_origin_phone=&#8221;&#8221; transform_origin_last_edited=&#8221;on|phone&#8221; transform_styles_last_edited=&#8221;on|phone&#8221; max_width_tablet=&#8221;&#8221; max_width_phone=&#8221;&#8221; max_width_last_edited=&#8221;on|phone&#8221; min_height=&#8221;268px&#8221; min_height_tablet=&#8221;&#8221; min_height_phone=&#8221;&#8221; min_height_last_edited=&#8221;on|phone&#8221; custom_margin=&#8221;-3px||-5px||false|false&#8221; custom_margin_tablet=&#8221;&#8221; custom_margin_phone=&#8221;-3px||13px||false|false&#8221; custom_margin_last_edited=&#8221;on|phone&#8221; custom_padding=&#8221;1px||17px||false|false&#8221; custom_padding_tablet=&#8221;&#8221; custom_padding_phone=&#8221;15px||0px||false|false&#8221; background_color_phone=&#8221;#FFFFFF&#8221; background_last_edited=&#8221;on|phone&#8221; background_enable_color_phone=&#8221;on&#8221; transform_styles_tablet=&#8221;&#8221; transform_styles_phone=&#8221;&#8221; global_module=&#8221;111401&#8243; saved_tabs=&#8221;all&#8221; global_colors_info=&#8221;{}&#8221;][et_pb_row _builder_version=&#8221;4.20.2&#8243; _module_preset=&#8221;default&#8221; custom_padding=&#8221;120px||0px|||&#8221; global_colors_info=&#8221;{}&#8221;][et_pb_column type=&#8221;4_4&#8243; _builder_version=&#8221;4.20.2&#8243; _module_preset=&#8221;default&#8221; global_colors_info=&#8221;{}&#8221;][et_pb_image src=&#8221;https:\/\/mcs.ed.cr\/wp-content\/uploads\/2025\/01\/accreditations.jpg&#8221; title_text=&#8221;acreditaciones y mep_Mesa de trabajo 1_Mesa de trabajo 1&#8243; disabled_on=&#8221;off|off|off&#8221; _builder_version=&#8221;4.27.4&#8243; _module_preset=&#8221;default&#8221; transform_scale_tablet=&#8221;&#8221; transform_scale_phone=&#8221;122%|122%&#8221; transform_scale_last_edited=&#8221;on|phone&#8221; transform_translate_tablet=&#8221;&#8221; transform_translate_phone=&#8221;&#8221; transform_translate_last_edited=&#8221;on|phone&#8221; transform_rotate_tablet=&#8221;&#8221; transform_rotate_phone=&#8221;&#8221; transform_rotate_last_edited=&#8221;on|phone&#8221; transform_skew_tablet=&#8221;&#8221; transform_skew_phone=&#8221;&#8221; transform_skew_last_edited=&#8221;on|phone&#8221; transform_origin_tablet=&#8221;&#8221; transform_origin_phone=&#8221;&#8221; transform_origin_last_edited=&#8221;on|phone&#8221; transform_styles_last_edited=&#8221;on|phone&#8221; min_height=&#8221;195.8px&#8221; custom_margin=&#8221;-109px||||false|false&#8221; custom_margin_tablet=&#8221;&#8221; custom_margin_phone=&#8221;||||false|false&#8221; custom_margin_last_edited=&#8221;on|phone&#8221; custom_padding_tablet=&#8221;&#8221; custom_padding_phone=&#8221;||0px||false|false&#8221; custom_padding_last_edited=&#8221;on|phone&#8221; transform_styles_tablet=&#8221;&#8221; transform_styles_phone=&#8221;&#8221; global_colors_info=&#8221;{}&#8221;][\/et_pb_image][\/et_pb_column][\/et_pb_row][\/et_pb_section]<\/p>","protected":false},"excerpt":{"rendered":"<p>MCS Manifest MCS Manifest MCS ManifestIn the name of the Lord Jesus Christ, Son of God and Redeemer of the world, Monterrey manifests by conviction, by command of God, and [&hellip;]<\/p>","protected":false},"author":1,"featured_media":0,"parent":0,"menu_order":0,"comment_status":"closed","ping_status":"closed","template":"","meta":{"_et_pb_use_builder":"on","_et_pb_old_content":"","_et_gb_content_width":"","footnotes":""},"difl_page_category":[],"class_list":["post-111692","page","type-page","status-publish","hentry"],"yoast_head":"<!-- This site is optimized with the Yoast SEO Premium plugin v26.5 (Yoast SEO v26.5) - https:\/\/yoast.com\/wordpress\/plugins\/seo\/ -->\n<title>Manifiesto - Monterrey Christian School<\/title>\n<meta name=\"robots\" content=\"index, follow, max-snippet:-1, max-image-preview:large, max-video-preview:-1\" \/>\n<link rel=\"canonical\" href=\"https:\/\/mcs.ed.cr\/es\/manifiesto-monterrey\/\" \/>\n<meta property=\"og:locale\" content=\"es_ES\" \/>\n<meta property=\"og:type\" content=\"article\" \/>\n<meta property=\"og:title\" content=\"Manifiesto - Monterrey Christian School\" \/>\n<meta property=\"og:description\" content=\"MCS Manifest MCS Manifest MCS ManifestIn the name of the Lord Jesus Christ, Son of God and Redeemer of the world, Monterrey manifests by conviction, by command of God, and [&hellip;]\" \/>\n<meta property=\"og:url\" content=\"https:\/\/mcs.ed.cr\/es\/manifiesto-monterrey\/\" \/>\n<meta property=\"og:site_name\" content=\"Monterrey Christian School\" \/>\n<meta property=\"article:publisher\" content=\"https:\/\/www.facebook.com\/MonterreyChristianSchool\/\" \/>\n<meta property=\"article:modified_time\" content=\"2025-02-05T14:53:53+00:00\" \/>\n<meta property=\"og:image\" content=\"https:\/\/mcs.ed.cr\/wp-content\/uploads\/2025\/08\/Torneo-Robotica-MCS-9-scaled.jpg\" \/>\n\t<meta property=\"og:image:width\" content=\"2560\" \/>\n\t<meta property=\"og:image:height\" content=\"1440\" \/>\n\t<meta property=\"og:image:type\" content=\"image\/jpeg\" \/>\n<meta name=\"twitter:card\" content=\"summary_large_image\" \/>\n<meta name=\"twitter:label1\" content=\"Est. reading time\" \/>\n\t<meta name=\"twitter:data1\" content=\"3 minutos\" \/>\n<script type=\"application\/ld+json\" class=\"yoast-schema-graph\">{\"@context\":\"https:\/\/schema.org\",\"@graph\":[{\"@type\":\"WebPage\",\"@id\":\"https:\/\/mcs.ed.cr\/manifiesto-monterrey\/\",\"url\":\"https:\/\/mcs.ed.cr\/manifiesto-monterrey\/\",\"name\":\"Manifiesto - Monterrey Christian School\",\"isPartOf\":{\"@id\":\"https:\/\/mcs.ed.cr\/#website\"},\"datePublished\":\"2023-03-24T14:31:58+00:00\",\"dateModified\":\"2025-02-05T14:53:53+00:00\",\"inLanguage\":\"es-CR\",\"potentialAction\":[{\"@type\":\"ReadAction\",\"target\":[\"https:\/\/mcs.ed.cr\/manifiesto-monterrey\/\"]}]},{\"@type\":\"WebSite\",\"@id\":\"https:\/\/mcs.ed.cr\/#website\",\"url\":\"https:\/\/mcs.ed.cr\/\",\"name\":\"Monterrey Christian School\",\"description\":\"Glorifyng God's Name Since 1956\",\"publisher\":{\"@id\":\"https:\/\/mcs.ed.cr\/#organization\"},\"potentialAction\":[{\"@type\":\"SearchAction\",\"target\":{\"@type\":\"EntryPoint\",\"urlTemplate\":\"https:\/\/mcs.ed.cr\/?s={search_term_string}\"},\"query-input\":{\"@type\":\"PropertyValueSpecification\",\"valueRequired\":true,\"valueName\":\"search_term_string\"}}],\"inLanguage\":\"es-CR\"},{\"@type\":\"Organization\",\"@id\":\"https:\/\/mcs.ed.cr\/#organization\",\"name\":\"Monterrey Christian School\",\"alternateName\":\"MCS\",\"url\":\"https:\/\/mcs.ed.cr\/\",\"logo\":{\"@type\":\"ImageObject\",\"inLanguage\":\"es-CR\",\"@id\":\"https:\/\/mcs.ed.cr\/#\/schema\/logo\/image\/\",\"url\":\"https:\/\/mcs.ed.cr\/wp-content\/uploads\/2023\/02\/MCS-turquesa.png\",\"contentUrl\":\"https:\/\/mcs.ed.cr\/wp-content\/uploads\/2023\/02\/MCS-turquesa.png\",\"width\":1359,\"height\":737,\"caption\":\"Monterrey Christian School\"},\"image\":{\"@id\":\"https:\/\/mcs.ed.cr\/#\/schema\/logo\/image\/\"},\"sameAs\":[\"https:\/\/www.facebook.com\/MonterreyChristianSchool\/\",\"https:\/\/www.instagram.com\/monterreychristianschool\/\"],\"email\":\"mparrales@monterrey.ed.cr\",\"telephone\":\"22240833\",\"legalName\":\"Asociaci\u00f3n Cultural Monterrey\",\"foundingDate\":\"1956-03-01\",\"numberOfEmployees\":{\"@type\":\"QuantitativeValue\",\"minValue\":\"51\",\"maxValue\":\"200\"}}]}<\/script>\n<!-- \/ Yoast SEO Premium plugin. -->","yoast_head_json":{"title":"Manifiesto - Monterrey Christian School","robots":{"index":"index","follow":"follow","max-snippet":"max-snippet:-1","max-image-preview":"max-image-preview:large","max-video-preview":"max-video-preview:-1"},"canonical":"https:\/\/mcs.ed.cr\/es\/manifiesto-monterrey\/","og_locale":"es_ES","og_type":"article","og_title":"Manifiesto - Monterrey Christian School","og_description":"MCS Manifest MCS Manifest MCS ManifestIn the name of the Lord Jesus Christ, Son of God and Redeemer of the world, Monterrey manifests by conviction, by command of God, and [&hellip;]","og_url":"https:\/\/mcs.ed.cr\/es\/manifiesto-monterrey\/","og_site_name":"Monterrey Christian School","article_publisher":"https:\/\/www.facebook.com\/MonterreyChristianSchool\/","article_modified_time":"2025-02-05T14:53:53+00:00","og_image":[{"width":2560,"height":1440,"url":"https:\/\/mcs.ed.cr\/wp-content\/uploads\/2025\/08\/Torneo-Robotica-MCS-9-scaled.jpg","type":"image\/jpeg"}],"twitter_card":"summary_large_image","twitter_misc":{"Est. reading time":"3 minutos"},"schema":{"@context":"https:\/\/schema.org","@graph":[{"@type":"WebPage","@id":"https:\/\/mcs.ed.cr\/manifiesto-monterrey\/","url":"https:\/\/mcs.ed.cr\/manifiesto-monterrey\/","name":"Manifiesto - Monterrey Christian School","isPartOf":{"@id":"https:\/\/mcs.ed.cr\/#website"},"datePublished":"2023-03-24T14:31:58+00:00","dateModified":"2025-02-05T14:53:53+00:00","inLanguage":"es-CR","potentialAction":[{"@type":"ReadAction","target":["https:\/\/mcs.ed.cr\/manifiesto-monterrey\/"]}]},{"@type":"WebSite","@id":"https:\/\/mcs.ed.cr\/#website","url":"https:\/\/mcs.ed.cr\/","name":"Monterrey Christian School","description":"Glorificando el nombre de Dios desde 1956","publisher":{"@id":"https:\/\/mcs.ed.cr\/#organization"},"potentialAction":[{"@type":"SearchAction","target":{"@type":"EntryPoint","urlTemplate":"https:\/\/mcs.ed.cr\/?s={search_term_string}"},"query-input":{"@type":"PropertyValueSpecification","valueRequired":true,"valueName":"search_term_string"}}],"inLanguage":"es-CR"},{"@type":"Organization","@id":"https:\/\/mcs.ed.cr\/#organization","name":"Monterrey Christian School","alternateName":"MCS","url":"https:\/\/mcs.ed.cr\/","logo":{"@type":"ImageObject","inLanguage":"es-CR","@id":"https:\/\/mcs.ed.cr\/#\/schema\/logo\/image\/","url":"https:\/\/mcs.ed.cr\/wp-content\/uploads\/2023\/02\/MCS-turquesa.png","contentUrl":"https:\/\/mcs.ed.cr\/wp-content\/uploads\/2023\/02\/MCS-turquesa.png","width":1359,"height":737,"caption":"Monterrey Christian School"},"image":{"@id":"https:\/\/mcs.ed.cr\/#\/schema\/logo\/image\/"},"sameAs":["https:\/\/www.facebook.com\/MonterreyChristianSchool\/","https:\/\/www.instagram.com\/monterreychristianschool\/"],"email":"mparrales@monterrey.ed.cr","telephone":"22240833","legalName":"Asociaci\u00f3n Cultural Monterrey","foundingDate":"1956-03-01","numberOfEmployees":{"@type":"QuantitativeValue","minValue":"51","maxValue":"200"}}]}},"_links":{"self":[{"href":"https:\/\/mcs.ed.cr\/es\/wp-json\/wp\/v2\/pages\/111692","targetHints":{"allow":["GET"]}}],"collection":[{"href":"https:\/\/mcs.ed.cr\/es\/wp-json\/wp\/v2\/pages"}],"about":[{"href":"https:\/\/mcs.ed.cr\/es\/wp-json\/wp\/v2\/types\/page"}],"author":[{"embeddable":true,"href":"https:\/\/mcs.ed.cr\/es\/wp-json\/wp\/v2\/users\/1"}],"replies":[{"embeddable":true,"href":"https:\/\/mcs.ed.cr\/es\/wp-json\/wp\/v2\/comments?post=111692"}],"version-history":[{"count":0,"href":"https:\/\/mcs.ed.cr\/es\/wp-json\/wp\/v2\/pages\/111692\/revisions"}],"wp:attachment":[{"href":"https:\/\/mcs.ed.cr\/es\/wp-json\/wp\/v2\/media?parent=111692"}],"wp:term":[{"taxonomy":"difl_page_category","embeddable":true,"href":"https:\/\/mcs.ed.cr\/es\/wp-json\/wp\/v2\/difl_page_category?post=111692"}],"curies":[{"name":"wp","href":"https:\/\/api.w.org\/{rel}","templated":true}]}}