{"id":111705,"date":"2023-03-24T14:51:52","date_gmt":"2023-03-24T14:51:52","guid":{"rendered":"https:\/\/mcs.ed.cr\/?page_id=111705"},"modified":"2025-01-29T17:34:47","modified_gmt":"2025-01-29T17:34:47","slug":"principios-valores","status":"publish","type":"page","link":"https:\/\/mcs.ed.cr\/es\/principios-valores\/","title":{"rendered":"Principios y Valores"},"content":{"rendered":"<p>[et_pb_section fb_built=&#8221;1&#8243; disabled_on=&#8221;on|on|off&#8221; _builder_version=&#8221;4.27.4&#8243; _module_preset=&#8221;default&#8221; background_image=&#8221;https:\/\/mcs.ed.cr\/wp-content\/uploads\/2024\/12\/banpy3.jpg&#8221; background_size=&#8221;contain&#8221; background_position=&#8221;top_center&#8221; background_enable_video_mp4=&#8221;off&#8221; min_height=&#8221;330px&#8221; height=&#8221;267px&#8221; custom_margin=&#8221;||1px|||&#8221; global_colors_info=&#8221;{}&#8221;][\/et_pb_section][et_pb_section fb_built=&#8221;1&#8243; fullwidth=&#8221;on&#8221; theme_builder_area=&#8221;post_content&#8221; _builder_version=&#8221;4.27.4&#8243; _module_preset=&#8221;default&#8221; disabled_on=&#8221;off|on|on&#8221; hover_enabled=&#8221;0&#8243; sticky_enabled=&#8221;0&#8243;][et_pb_fullwidth_image _builder_version=&#8221;4.27.4&#8243; _module_preset=&#8221;default&#8221; theme_builder_area=&#8221;post_content&#8221; title_text=&#8221;ban6p&#8221; src=&#8221;https:\/\/mcs.ed.cr\/wp-content\/uploads\/2025\/01\/ban6p.jpg&#8221; hover_enabled=&#8221;0&#8243; sticky_enabled=&#8221;0&#8243;][\/et_pb_fullwidth_image][\/et_pb_section][et_pb_section fb_built=&#8221;1&#8243; _builder_version=&#8221;4.27.0&#8243; _module_preset=&#8221;default&#8221; min_height=&#8221;1638.7px&#8221; custom_margin=&#8221;-3px|||||&#8221; custom_margin_tablet=&#8221;-3px|||||&#8221; custom_margin_phone=&#8221;-44px||||false|false&#8221; custom_margin_last_edited=&#8221;on|phone&#8221; custom_padding=&#8221;||0px|||&#8221; global_colors_info=&#8221;{}&#8221;][et_pb_row _builder_version=&#8221;4.20.2&#8243; _module_preset=&#8221;default&#8221; background_enable_image=&#8221;off&#8221; global_colors_info=&#8221;{}&#8221;][et_pb_column type=&#8221;4_4&#8243; _builder_version=&#8221;4.20.2&#8243; _module_preset=&#8221;default&#8221; global_colors_info=&#8221;{}&#8221;][et_pb_text _builder_version=&#8221;4.27.4&#8243; _module_preset=&#8221;default&#8221; header_font_size=&#8221;47px&#8221; global_colors_info=&#8221;{}&#8221;]<\/p>\n<h1 style=\"text-align: center;\"><span style=\"color: #33cccc;\">PRINCIPIOS Y VALORES<\/span><\/h1>\n<p>[\/et_pb_text][et_pb_text _builder_version=&#8221;4.27.4&#8243; _module_preset=&#8221;default&#8221; text_font=&#8221;||||||||&#8221; global_colors_info=&#8221;{}&#8221;]<\/p>\n<p style=\"text-align: justify;\">Toda organizaci\u00f3n se conoce por la cultura que viven a diario sus miembros. Esa cultura es el producto de los modelos que la instituci\u00f3n sigue para alcanzar sus objetivos. Por otro lado, esos modelos son la expresi\u00f3n visible de los valores que la organizaci\u00f3n promueve. Esos valores, a su vez, son el reflejo de los principios que rigen la raz\u00f3n de ser y actuar de esa instituci\u00f3n.<\/p>\n<p style=\"text-align: justify;\">Como entidad educativa, el Colegio Cristiano Monterrey tiene principios y valores que marcan el modelo y las acciones de su comunidad, y determinan su cultura. Los principios son aquellas leyes externas que, en \u00faltima instancia, controlan las consecuencias de nuestras acciones. Los valores, por su parte, son internos y subjetivos, y representan aquello que sentimos con m\u00e1s fuerza y que gu\u00eda nuestra conducta. Para la Comunidad Educativa Monterrey, los valores est\u00e1n determinados por sus principios, y ambos provienen, inevitablemente, de la Palabra de Dios.<\/p>\n<p style=\"text-align: justify;\">Esta instituci\u00f3n se basa en los tres principios establecidos por Jes\u00fas en Mateo 22:37-39. El Se\u00f1or estableci\u00f3 las leyes que deben regir la vida: amar a Dios, amarse a uno mismo y amar al pr\u00f3jimo. El orden importa: no se puede hacer algo por amor al pr\u00f3jimo que implique dejar de amar a Dios. Nadie puede amar al pr\u00f3jimo si no se ama a s\u00ed mismo.<\/p>\n<p style=\"text-align: justify;\">Cada uno de estos tres principios debe reflejarse en los valores. El amor a Dios debe manifestarse en la fe y la obediencia. El amor a uno mismo implica integridad, excelencia y disciplina. El amor al pr\u00f3jimo debe manifestarse en la misericordia, el respeto y el servicio.<\/p>\n<p style=\"text-align: justify;\">La misi\u00f3n educativa del Colegio Cristiano Monterrey busca, a trav\u00e9s del discipulado, que cada miembro de su familia (alumnos, padres y personal) exprese estos principios y valores en su vida diaria. Este discipulado busca que cada uno sea fiel e id\u00f3neo (2 Timoteo 2:2). La fidelidad se refiere al ser, a la misi\u00f3n, a la expresi\u00f3n del fruto del Esp\u00edritu. La idoneidad, en cambio, se refiere al hacer, a la tarea, a la pr\u00e1ctica correcta de los dones del Esp\u00edritu.<\/p>\n<p style=\"text-align: justify;\">Los valores del MCS son un resumen de fidelidad e idoneidad, reflejados en la afirmaci\u00f3n \"Por amor se es... y se demuestra en...\". Por amor a Dios se es alguien de fe, y se demuestra en la obediencia a Dios. Por amor a uno mismo se es honesto, y se demuestra en la excelencia y la disciplina. Por amor al pr\u00f3jimo se es misericordioso, y se demuestra en el respeto y el servicio.<\/p>\n<p style=\"text-align: justify;\"><span style=\"font-weight: 400;\"><\/span><\/p>\n<h2 style=\"text-align: justify;\">DECLARACI\u00d3N DE PRINCIPIOS Y VALORES<\/h2>\n<h2 style=\"text-align: justify;\"><b style=\"color: #33cccc; font-size: 26px;\"><\/b><\/h2>\n<h2 style=\"text-align: justify;\"><b style=\"color: #33cccc; font-size: 26px;\">Amor a Dios<\/b><\/h2>\n<ul style=\"text-align: justify;\">\n<li aria-level=\"1\"><b>Fe<\/b><\/li>\n<\/ul>\n<p style=\"text-align: justify;\">MCS es una instituci\u00f3n centrada en Cristo, que declara la existencia y el movimiento de Dios entre los hombres. Por lo tanto, la fe es el valor central, no s\u00f3lo para la salvaci\u00f3n, sino para todas las \u00e1reas del quehacer humano. Por esta raz\u00f3n, MCS da especial \u00e9nfasis a la oraci\u00f3n y al culto como forma de vida.<\/p>\n<ul style=\"text-align: justify;\">\n<li aria-level=\"1\"><b>Obediencia<\/b><\/li>\n<\/ul>\n<p style=\"text-align: justify;\">Jes\u00fas dijo: \"Si me am\u00e1is, guardad mis mandamientos\" (Juan 14:15). La obediencia a Dios se traduce en una experiencia de santidad; \u00e9sta trae bendici\u00f3n y plenitud de vida. El SCV tiene como eje central la ense\u00f1anza y la pr\u00e1ctica vivencial de la Biblia, que establece con claridad las normas divinas que hay que obedecer para vivir en santidad.<\/p>\n<p style=\"text-align: justify;\"><span style=\"font-weight: 400;\"><\/span><\/p>\n<h2 style=\"text-align: justify;\"><strong><span style=\"color: #33cccc;\">Amor a uno mismo<\/span><\/strong><\/h2>\n<ul style=\"text-align: justify;\">\n<li aria-level=\"1\"><b>Integridad<\/b><\/li>\n<\/ul>\n<p style=\"text-align: justify;\">El ser humano es uno y, por tanto, sus acciones p\u00fablicas y privadas deben ser una misma cosa. La integridad habla de transparencia, honestidad, sinceridad. Es una vida en la que debe haber asertividad y congruencia entre el decir y el hacer.<\/p>\n<ul style=\"text-align: justify;\">\n<li aria-level=\"1\"><b>Excelencia<\/b><\/li>\n<\/ul>\n<p style=\"text-align: justify;\">Dios es un Dios de excelencia. La excelencia exige hacer las cosas con dedicaci\u00f3n, perseverancia y diligencia, cuidando cada detalle. Es la renuncia no s\u00f3lo a lo malo, sino a lo mediocre. Es optar siempre no s\u00f3lo por lo bueno, sino por lo mejor. Es mostrar esa excelencia en lo acad\u00e9mico, en lo laboral y en lo personal, para ser el m\u00e1s alto ejemplo en todo.<\/p>\n<ul style=\"text-align: justify;\">\n<li aria-level=\"1\"><b>Disciplina<\/b><\/li>\n<\/ul>\n<p style=\"text-align: justify;\">La disciplina, como valor, no surge de fuentes o exigencias externas. Es un valor intr\u00ednseco de quien se valora a s\u00ed mismo. Implica responsabilidad, orden, autocontrol y esfuerzo, mostrando una sana administraci\u00f3n de lo que se ha recibido de Dios.<\/p>\n<h2 style=\"text-align: justify;\"><strong><span style=\"color: #33cccc;\">Amor por el VECINO<\/span><\/strong><\/h2>\n<ul style=\"text-align: justify;\">\n<li aria-level=\"1\"><b>Mercy<\/b><\/li>\n<\/ul>\n<p style=\"text-align: justify;\">La misericordia es la expresi\u00f3n pr\u00e1ctica del amor de Dios. Es mostrar ese amor en acciones concretas hacia cada persona, independientemente de su condici\u00f3n social, etnia, sexo o credo. Refleja sensibilidad, inclusi\u00f3n y solidaridad.<\/p>\n<ul style=\"text-align: justify;\">\n<li aria-level=\"1\"><b>Respetar<\/b><\/li>\n<\/ul>\n<p style=\"text-align: justify;\">Es establecer relaciones sanas sobre una base de comprensi\u00f3n, aceptaci\u00f3n y compa\u00f1erismo, incluso cuando \u00e9stas difieren de las propias convicciones. El respeto implica comprender que el otro es tan valioso como uno mismo. Implica empat\u00eda, aceptaci\u00f3n y consideraci\u00f3n.<\/p>\n<ul style=\"text-align: justify;\">\n<li aria-level=\"1\"><b>Servicio<\/b><\/li>\n<\/ul>\n<p style=\"text-align: justify;\">Jes\u00fas vino a servir, no a ser servido. La experiencia cristiana no tiene sentido si no se expresa en el servicio al pr\u00f3jimo. El servicio no puede reducirse a simples actos concretos o aislados. Es una actitud permanente, un estilo de vida en el que, activamente, se buscan oportunidades para sacrificarse por el bienestar de los dem\u00e1s, mostrando bondad y altruismo.<\/p>\n<p>[\/et_pb_text][\/et_pb_column][\/et_pb_row][\/et_pb_section][et_pb_section fb_built=&#8221;1&#8243; custom_padding_last_edited=&#8221;on|phone&#8221; disabled_on=&#8221;on|on|off&#8221; admin_label=&#8221;Footer&#8221; _builder_version=&#8221;4.27.4&#8243; _module_preset=&#8221;default&#8221; background_color=&#8221;#FFFFFF&#8221; transform_scale_tablet=&#8221;&#8221; transform_scale_phone=&#8221;&#8221; transform_scale_last_edited=&#8221;on|phone&#8221; transform_translate_tablet=&#8221;&#8221; transform_translate_phone=&#8221;&#8221; transform_translate_last_edited=&#8221;on|phone&#8221; transform_rotate_tablet=&#8221;&#8221; transform_rotate_phone=&#8221;&#8221; transform_rotate_last_edited=&#8221;on|phone&#8221; transform_skew_tablet=&#8221;&#8221; transform_skew_phone=&#8221;&#8221; transform_skew_last_edited=&#8221;on|phone&#8221; transform_origin_tablet=&#8221;&#8221; transform_origin_phone=&#8221;&#8221; transform_origin_last_edited=&#8221;on|phone&#8221; transform_styles_last_edited=&#8221;on|phone&#8221; max_width_tablet=&#8221;&#8221; max_width_phone=&#8221;&#8221; max_width_last_edited=&#8221;on|phone&#8221; min_height=&#8221;268px&#8221; min_height_tablet=&#8221;&#8221; min_height_phone=&#8221;&#8221; min_height_last_edited=&#8221;on|phone&#8221; custom_margin=&#8221;-3px||-5px||false|false&#8221; custom_margin_tablet=&#8221;&#8221; custom_margin_phone=&#8221;-3px||13px||false|false&#8221; custom_margin_last_edited=&#8221;on|phone&#8221; custom_padding=&#8221;1px||17px||false|false&#8221; custom_padding_tablet=&#8221;&#8221; custom_padding_phone=&#8221;15px||0px||false|false&#8221; background_color_phone=&#8221;#FFFFFF&#8221; background_last_edited=&#8221;on|phone&#8221; background_enable_color_phone=&#8221;on&#8221; transform_styles_tablet=&#8221;&#8221; transform_styles_phone=&#8221;&#8221; global_module=&#8221;111401&#8243; saved_tabs=&#8221;all&#8221; global_colors_info=&#8221;{}&#8221;][et_pb_row _builder_version=&#8221;4.20.2&#8243; _module_preset=&#8221;default&#8221; custom_padding=&#8221;120px||0px|||&#8221; global_colors_info=&#8221;{}&#8221;][et_pb_column type=&#8221;4_4&#8243; _builder_version=&#8221;4.20.2&#8243; _module_preset=&#8221;default&#8221; global_colors_info=&#8221;{}&#8221;][et_pb_image src=&#8221;https:\/\/mcs.ed.cr\/wp-content\/uploads\/2025\/01\/accreditations.jpg&#8221; title_text=&#8221;acreditaciones y mep_Mesa de trabajo 1_Mesa de trabajo 1&#8243; disabled_on=&#8221;off|off|off&#8221; _builder_version=&#8221;4.27.4&#8243; _module_preset=&#8221;default&#8221; transform_scale_tablet=&#8221;&#8221; transform_scale_phone=&#8221;122%|122%&#8221; transform_scale_last_edited=&#8221;on|phone&#8221; transform_translate_tablet=&#8221;&#8221; transform_translate_phone=&#8221;&#8221; transform_translate_last_edited=&#8221;on|phone&#8221; transform_rotate_tablet=&#8221;&#8221; transform_rotate_phone=&#8221;&#8221; transform_rotate_last_edited=&#8221;on|phone&#8221; transform_skew_tablet=&#8221;&#8221; transform_skew_phone=&#8221;&#8221; transform_skew_last_edited=&#8221;on|phone&#8221; transform_origin_tablet=&#8221;&#8221; transform_origin_phone=&#8221;&#8221; transform_origin_last_edited=&#8221;on|phone&#8221; transform_styles_last_edited=&#8221;on|phone&#8221; min_height=&#8221;195.8px&#8221; custom_margin=&#8221;-109px||||false|false&#8221; custom_margin_tablet=&#8221;&#8221; custom_margin_phone=&#8221;||||false|false&#8221; custom_margin_last_edited=&#8221;on|phone&#8221; custom_padding_tablet=&#8221;&#8221; custom_padding_phone=&#8221;||0px||false|false&#8221; custom_padding_last_edited=&#8221;on|phone&#8221; transform_styles_tablet=&#8221;&#8221; transform_styles_phone=&#8221;&#8221; global_colors_info=&#8221;{}&#8221;][\/et_pb_image][\/et_pb_column][\/et_pb_row][\/et_pb_section]<\/p>","protected":false},"excerpt":{"rendered":"<p>PRINCIPLES AND VALUESEvery organization is known by the culture that its members live daily. That culture is the product of the models that the institution follows to achieve its goals. [&hellip;]<\/p>","protected":false},"author":1,"featured_media":0,"parent":0,"menu_order":0,"comment_status":"closed","ping_status":"closed","template":"","meta":{"_et_pb_use_builder":"on","_et_pb_old_content":"","_et_gb_content_width":"","footnotes":""},"difl_page_category":[],"class_list":["post-111705","page","type-page","status-publish","hentry"],"yoast_head":"<!-- This site is optimized with the Yoast SEO Premium plugin v26.5 (Yoast SEO v26.5) - https:\/\/yoast.com\/wordpress\/plugins\/seo\/ -->\n<title>Principios y Valores - Monterrey Christian School<\/title>\n<meta name=\"robots\" content=\"index, follow, max-snippet:-1, max-image-preview:large, max-video-preview:-1\" \/>\n<link rel=\"canonical\" href=\"https:\/\/mcs.ed.cr\/es\/principios-valores\/\" \/>\n<meta property=\"og:locale\" content=\"es_ES\" \/>\n<meta property=\"og:type\" content=\"article\" \/>\n<meta property=\"og:title\" content=\"Principios y Valores - Monterrey Christian School\" \/>\n<meta property=\"og:description\" content=\"PRINCIPLES AND VALUESEvery organization is known by the culture that its members live daily. That culture is the product of the models that the institution follows to achieve its goals. [&hellip;]\" \/>\n<meta property=\"og:url\" content=\"https:\/\/mcs.ed.cr\/es\/principios-valores\/\" \/>\n<meta property=\"og:site_name\" content=\"Monterrey Christian School\" \/>\n<meta property=\"article:publisher\" content=\"https:\/\/www.facebook.com\/MonterreyChristianSchool\/\" \/>\n<meta property=\"article:modified_time\" content=\"2025-01-29T17:34:47+00:00\" \/>\n<meta property=\"og:image\" content=\"https:\/\/mcs.ed.cr\/wp-content\/uploads\/2025\/08\/Torneo-Robotica-MCS-9-scaled.jpg\" \/>\n\t<meta property=\"og:image:width\" content=\"2560\" \/>\n\t<meta property=\"og:image:height\" content=\"1440\" \/>\n\t<meta property=\"og:image:type\" content=\"image\/jpeg\" \/>\n<meta name=\"twitter:card\" content=\"summary_large_image\" \/>\n<meta name=\"twitter:label1\" content=\"Est. reading time\" \/>\n\t<meta name=\"twitter:data1\" content=\"5 minutos\" \/>\n<script type=\"application\/ld+json\" class=\"yoast-schema-graph\">{\"@context\":\"https:\/\/schema.org\",\"@graph\":[{\"@type\":\"WebPage\",\"@id\":\"https:\/\/mcs.ed.cr\/principios-valores\/\",\"url\":\"https:\/\/mcs.ed.cr\/principios-valores\/\",\"name\":\"Principios y Valores - Monterrey Christian School\",\"isPartOf\":{\"@id\":\"https:\/\/mcs.ed.cr\/#website\"},\"datePublished\":\"2023-03-24T14:51:52+00:00\",\"dateModified\":\"2025-01-29T17:34:47+00:00\",\"inLanguage\":\"es-CR\",\"potentialAction\":[{\"@type\":\"ReadAction\",\"target\":[\"https:\/\/mcs.ed.cr\/principios-valores\/\"]}]},{\"@type\":\"WebSite\",\"@id\":\"https:\/\/mcs.ed.cr\/#website\",\"url\":\"https:\/\/mcs.ed.cr\/\",\"name\":\"Monterrey Christian School\",\"description\":\"Glorifyng God's Name Since 1956\",\"publisher\":{\"@id\":\"https:\/\/mcs.ed.cr\/#organization\"},\"potentialAction\":[{\"@type\":\"SearchAction\",\"target\":{\"@type\":\"EntryPoint\",\"urlTemplate\":\"https:\/\/mcs.ed.cr\/?s={search_term_string}\"},\"query-input\":{\"@type\":\"PropertyValueSpecification\",\"valueRequired\":true,\"valueName\":\"search_term_string\"}}],\"inLanguage\":\"es-CR\"},{\"@type\":\"Organization\",\"@id\":\"https:\/\/mcs.ed.cr\/#organization\",\"name\":\"Monterrey Christian School\",\"alternateName\":\"MCS\",\"url\":\"https:\/\/mcs.ed.cr\/\",\"logo\":{\"@type\":\"ImageObject\",\"inLanguage\":\"es-CR\",\"@id\":\"https:\/\/mcs.ed.cr\/#\/schema\/logo\/image\/\",\"url\":\"https:\/\/mcs.ed.cr\/wp-content\/uploads\/2023\/02\/MCS-turquesa.png\",\"contentUrl\":\"https:\/\/mcs.ed.cr\/wp-content\/uploads\/2023\/02\/MCS-turquesa.png\",\"width\":1359,\"height\":737,\"caption\":\"Monterrey Christian School\"},\"image\":{\"@id\":\"https:\/\/mcs.ed.cr\/#\/schema\/logo\/image\/\"},\"sameAs\":[\"https:\/\/www.facebook.com\/MonterreyChristianSchool\/\",\"https:\/\/www.instagram.com\/monterreychristianschool\/\"],\"email\":\"mparrales@monterrey.ed.cr\",\"telephone\":\"22240833\",\"legalName\":\"Asociaci\u00f3n Cultural Monterrey\",\"foundingDate\":\"1956-03-01\",\"numberOfEmployees\":{\"@type\":\"QuantitativeValue\",\"minValue\":\"51\",\"maxValue\":\"200\"}}]}<\/script>\n<!-- \/ Yoast SEO Premium plugin. -->","yoast_head_json":{"title":"Principios y Valores - Monterrey Christian School","robots":{"index":"index","follow":"follow","max-snippet":"max-snippet:-1","max-image-preview":"max-image-preview:large","max-video-preview":"max-video-preview:-1"},"canonical":"https:\/\/mcs.ed.cr\/es\/principios-valores\/","og_locale":"es_ES","og_type":"article","og_title":"Principios y Valores - Monterrey Christian School","og_description":"PRINCIPLES AND VALUESEvery organization is known by the culture that its members live daily. That culture is the product of the models that the institution follows to achieve its goals. [&hellip;]","og_url":"https:\/\/mcs.ed.cr\/es\/principios-valores\/","og_site_name":"Monterrey Christian School","article_publisher":"https:\/\/www.facebook.com\/MonterreyChristianSchool\/","article_modified_time":"2025-01-29T17:34:47+00:00","og_image":[{"width":2560,"height":1440,"url":"https:\/\/mcs.ed.cr\/wp-content\/uploads\/2025\/08\/Torneo-Robotica-MCS-9-scaled.jpg","type":"image\/jpeg"}],"twitter_card":"summary_large_image","twitter_misc":{"Est. reading time":"5 minutos"},"schema":{"@context":"https:\/\/schema.org","@graph":[{"@type":"WebPage","@id":"https:\/\/mcs.ed.cr\/principios-valores\/","url":"https:\/\/mcs.ed.cr\/principios-valores\/","name":"Principios y Valores - Monterrey Christian School","isPartOf":{"@id":"https:\/\/mcs.ed.cr\/#website"},"datePublished":"2023-03-24T14:51:52+00:00","dateModified":"2025-01-29T17:34:47+00:00","inLanguage":"es-CR","potentialAction":[{"@type":"ReadAction","target":["https:\/\/mcs.ed.cr\/principios-valores\/"]}]},{"@type":"WebSite","@id":"https:\/\/mcs.ed.cr\/#website","url":"https:\/\/mcs.ed.cr\/","name":"Monterrey Christian School","description":"Glorificando el nombre de Dios desde 1956","publisher":{"@id":"https:\/\/mcs.ed.cr\/#organization"},"potentialAction":[{"@type":"SearchAction","target":{"@type":"EntryPoint","urlTemplate":"https:\/\/mcs.ed.cr\/?s={search_term_string}"},"query-input":{"@type":"PropertyValueSpecification","valueRequired":true,"valueName":"search_term_string"}}],"inLanguage":"es-CR"},{"@type":"Organization","@id":"https:\/\/mcs.ed.cr\/#organization","name":"Monterrey Christian School","alternateName":"MCS","url":"https:\/\/mcs.ed.cr\/","logo":{"@type":"ImageObject","inLanguage":"es-CR","@id":"https:\/\/mcs.ed.cr\/#\/schema\/logo\/image\/","url":"https:\/\/mcs.ed.cr\/wp-content\/uploads\/2023\/02\/MCS-turquesa.png","contentUrl":"https:\/\/mcs.ed.cr\/wp-content\/uploads\/2023\/02\/MCS-turquesa.png","width":1359,"height":737,"caption":"Monterrey Christian School"},"image":{"@id":"https:\/\/mcs.ed.cr\/#\/schema\/logo\/image\/"},"sameAs":["https:\/\/www.facebook.com\/MonterreyChristianSchool\/","https:\/\/www.instagram.com\/monterreychristianschool\/"],"email":"mparrales@monterrey.ed.cr","telephone":"22240833","legalName":"Asociaci\u00f3n Cultural Monterrey","foundingDate":"1956-03-01","numberOfEmployees":{"@type":"QuantitativeValue","minValue":"51","maxValue":"200"}}]}},"_links":{"self":[{"href":"https:\/\/mcs.ed.cr\/es\/wp-json\/wp\/v2\/pages\/111705","targetHints":{"allow":["GET"]}}],"collection":[{"href":"https:\/\/mcs.ed.cr\/es\/wp-json\/wp\/v2\/pages"}],"about":[{"href":"https:\/\/mcs.ed.cr\/es\/wp-json\/wp\/v2\/types\/page"}],"author":[{"embeddable":true,"href":"https:\/\/mcs.ed.cr\/es\/wp-json\/wp\/v2\/users\/1"}],"replies":[{"embeddable":true,"href":"https:\/\/mcs.ed.cr\/es\/wp-json\/wp\/v2\/comments?post=111705"}],"version-history":[{"count":0,"href":"https:\/\/mcs.ed.cr\/es\/wp-json\/wp\/v2\/pages\/111705\/revisions"}],"wp:attachment":[{"href":"https:\/\/mcs.ed.cr\/es\/wp-json\/wp\/v2\/media?parent=111705"}],"wp:term":[{"taxonomy":"difl_page_category","embeddable":true,"href":"https:\/\/mcs.ed.cr\/es\/wp-json\/wp\/v2\/difl_page_category?post=111705"}],"curies":[{"name":"wp","href":"https:\/\/api.w.org\/{rel}","templated":true}]}}