{"id":114114,"date":"2024-12-29T18:15:15","date_gmt":"2024-12-29T18:15:15","guid":{"rendered":"https:\/\/mcs.ed.cr\/?page_id=114114"},"modified":"2025-01-20T17:28:55","modified_gmt":"2025-01-20T17:28:55","slug":"devocionales-diarios","status":"publish","type":"page","link":"https:\/\/mcs.ed.cr\/es\/devocionales-diarios\/","title":{"rendered":"Devocionales diarios"},"content":{"rendered":"<p>[et_pb_section fb_built=\"1\u2033 _builder_version=\"4.27.3\u2033 _module_preset=\"default\" custom_padding=\"2px||0px|||\" global_colors_info=\"{}\"][et_pb_row use_custom_gutter=\"on\" make_equal=\"on\" _builder_version=\"4.27.3\u2033 _module_preset=\"default\" width=\"100%\" max_width=\"100%\" module_alignment=\"center\" custom_padding=\"0px||0px|||\" global_colors_info=\"{}\"][et_pb_column type=\"4_4\u2033 _builder_version=\"4.27.3\u2033 _module_preset=\"default\" global_colors_info=\"{}\"][et_pb_image src=\"https:\/\/mcs.ed.cr\/wp-content\/uploads\/2024\/12\/banphy10.jpg\" title_text=\"banphy10\u2033 align=\"center\" force_fullwidth=\"on\" _builder_version=\"4.27.4\u2033 _module_preset=\"default\" global_colors_info=\"{}\"][\/et_pb_image][et_pb_text _builder_version=\"4.27.4\u2033 _module_preset=\"default\" header_font=\"Nexa Bold||||||||\" header_text_color=\"#FFFFFF\" header_font_size=\"56px\" transform_translate=\"23px|-91px\" custom_margin=\"-144px||-12px||false|false\" custom_padding=\"||15px|||\" hover_enabled=\"0\u2033 global_colors_info=\"{}\" disabled_on=\"on|on|off\" sticky_enabled=\"0\u2033]<\/p>\n<h1>Devocionales diarios<\/h1>\n<p>[\/et_pb_text][\/et_pb_column][\/et_pb_row][\/et_pb_section][et_pb_section fb_built=\"1\u2033 _builder_version=\"4.27.4\u2033 _module_preset=\"default\" background_image=\"https:\/\/mcs.ed.cr\/wp-content\/uploads\/2024\/12\/arrow-nwu3.png\" custom_padding=\"18px||0px|||\" global_colors_info=\"{}\"][et_pb_row _builder_version=\"4.27.3\u2033 _module_preset=\"default\" width=\"90%\" max_width=\"90%\" custom_margin=\"|auto|-6px||auto||\" custom_padding=\"52px||33px|||\" global_colors_info=\"{}\"][et_pb_column type=\"4_4\u2033 _builder_version=\"4.27.3\u2033 _module_preset=\"default\" global_colors_info=\"{}\"][et_pb_text _builder_version=\"4.27.4\u2033 _module_preset=\"default\" text_font=\"-et_global_body_font||||||||\" text_font_size=\"15px\" custom_margin=\"6px||||false|false\" custom_padding=\"||0px||||\" global_colors_info=\"{}\"]<\/p>\n<h3><b>Devocionales B\u00edblicos Diarios en el Colegio Cristiano Monterrey: Cultivando Corazones, Mentes y Car\u00e1cter para Cristo<\/b><\/h3>\n<p><span style=\"font-weight: 400;\">En el Monterrey Christian School, los devocionales b\u00edblicos diarios son un elemento fundamental de nuestra filosof\u00eda educativa y una parte vital de nuestra misi\u00f3n de proporcionar una educaci\u00f3n integral centrada en Cristo. Estos devocionales ofrecen a los estudiantes una oportunidad diaria de conectarse con la Palabra de Dios, fomentando el crecimiento espiritual mientras apoyan su desarrollo acad\u00e9mico y personal. Arraigados en las Escrituras, la reflexi\u00f3n y la oraci\u00f3n, nuestros devocionales sirven de gu\u00eda para que los alumnos construyan una identidad fuerte y centrada en Cristo.<\/span><\/p>\n<p><span style=\"font-weight: 400;\">A trav\u00e9s del compromiso diario con la Biblia, los estudiantes son profundamente impactados de tres maneras transformadoras:<\/span><\/p>\n<p>[\/et_pb_text][\/et_pb_column][\/et_pb_row][et_pb_row column_structure=\u201d1_3,1_3,1_3\u2033 _builder_version=\u201d4.27.4\u2033 _module_preset=\"default\" width=\"90%\" max_width=\"90%\" custom_padding=\"8px|||||\" global_colors_info=\"{}\"][et_pb_column type=\"1_3\u2033 _builder_version=\"4.27.4\u2033 _module_preset=\"default\" global_colors_info=\"{}\"][dmpro_before_after_slider before_image=\"https:\/\/mcs.ed.cr\/wp-content\/uploads\/2024\/12\/bb2.jpg\" after_image=\"https:\/\/mcs.ed.cr\/wp-content\/uploads\/2024\/12\/bb2a.jpg\" _builder_version=\"4.27.4\u2033 _module_preset=\"default\" global_colors_info=\"{}\"][\/dmpro_before_after_slider][et_pb_text _builder_version=\"4.27.4\u2033 _module_preset=\"default\" text_orientation=\"center\" global_colors_info=\"{}\"]<\/p>\n<p><b>Crecimiento espiritual:<\/b><span style=\"font-weight: 400;\"> Los devocionales nutren una relaci\u00f3n personal con Dios, ayudando a los estudiantes a entender Su amor, gracia y prop\u00f3sito para sus vidas. Al profundizar en la verdad de Dios, los alumnos desarrollan una base firme de fe, aprendiendo a confiar en \u00c9l tanto en los desaf\u00edos como en las victorias. Esta base espiritual les da una sensaci\u00f3n de paz y plenitud que se extiende m\u00e1s all\u00e1 del aula.<\/span><\/p>\n<p>[\/et_pb_text][\/et_pb_column][et_pb_column type=\"1_3\u2033 _builder_version=\"4.27.4\u2033 _module_preset=\"default\" global_colors_info=\"{}\"][dmpro_before_after_slider before_image=\"https:\/\/mcs.ed.cr\/wp-content\/uploads\/2024\/12\/bb1.jpg\" after_image=\"https:\/\/mcs.ed.cr\/wp-content\/uploads\/2024\/12\/bb1a.jpg\" _builder_version=\"4.27.4\u2033 _module_preset=\"default\" global_colors_info=\"{}\"][\/dmpro_before_after_slider][et_pb_text _builder_version=\"4.27.4\u2033 _module_preset=\"default\" text_orientation=\"center\" global_colors_info=\"{}\"]<\/p>\n<p><b>Car\u00e1cter y disciplina:<\/b><span style=\"font-weight: 400;\"> Los devocionales diarios inculcan valores como la humildad, la perseverancia y la autodisciplina, ense\u00f1ando a los alumnos a vivir de acuerdo con los principios b\u00edblicos. Estas lecciones ayudan a moldear su comportamiento y su toma de decisiones, fomentando la integridad, la responsabilidad y el respeto por los dem\u00e1s. La consistencia de esta pr\u00e1ctica anima a los estudiantes a construir rutinas saludables que reflejen su compromiso de vivir una vida que honre a Cristo.<\/span><\/p>\n<p>[\/et_pb_text][\/et_pb_column][et_pb_column type=\"1_3\u2033 _builder_version=\"4.27.4\u2033 _module_preset=\"default\" global_colors_info=\"{}\"][dmpro_before_after_slider before_image=\"https:\/\/mcs.ed.cr\/wp-content\/uploads\/2024\/12\/bb3.jpg\" after_image=\"https:\/\/mcs.ed.cr\/wp-content\/uploads\/2024\/12\/bb3a.jpg\" _builder_version=\"4.27.4\u2033 _module_preset=\"default\" global_colors_info=\"{}\"][\/dmpro_before_after_slider][et_pb_text _builder_version=\"4.27.4\u2033 _module_preset=\"default\" text_orientation=\"center\" global_colors_info=\"{}\"]<\/p>\n<p><b>Una vida plena:<\/b><span style=\"font-weight: 400;\"> Al centrarse en la Palabra de Dios cada d\u00eda, los alumnos descubren su mayor prop\u00f3sito y potencial. Aprenden que sus talentos y habilidades son dones para ser utilizados para la gloria de Dios y para el mejoramiento del mundo. Esta comprensi\u00f3n les capacita para perseguir sus objetivos con confianza, sabiendo que forman parte del gran plan de Dios.<\/span><\/p>\n<p>[\/et_pb_text][\/et_pb_column][\/et_pb_row][et_pb_row _builder_version=\"4.27.3\u2033 _module_preset=\"default\" width=\"90%\" max_width=\"90%\" custom_padding=\"4px||0px|||\" global_colors_info=\"{}\"][et_pb_column type=\"4_4\u2033 _builder_version=\"4.27.3\u2033 _module_preset=\"default27.3\u2033 _module_preset=\"default\" global_colors_info=\"{}\"][et_pb_text _builder_version=\"4.27.4\u2033 _module_preset=\"default\" text_font=\"-et_global_body_font||||||||\" text_font_size=\"15px\" header_4_font_size=\"20px\" global_colors_info=\"{}\"]<\/p>\n<p><span style=\"font-weight: 400;\">Los devocionales diarios tambi\u00e9n crean un ritmo espiritual compartido dentro de nuestra comunidad escolar, uniendo a alumnos, profesores y personal en un enfoque centrado en Cristo. Este tiempo colectivo refuerza la importancia de la fe en todos los aspectos de la vida y fomenta un ambiente de apoyo donde los estudiantes se sienten alentados a crecer en su caminar con Dios.<\/span><\/p>\n<p><span style=\"font-weight: 400;\">En el Monterrey Christian School, estamos dedicados a formar a la persona en su totalidad-coraz\u00f3n, mente, alma y fuerza (Marcos 12:30). Nuestros devocionales diarios son una parte esencial de esta misi\u00f3n, equipando a los estudiantes con la sabidur\u00eda, el car\u00e1cter y la madurez espiritual necesaria para vivir una vida plena para la gloria de Dios y para hacer un impacto duradero en la sociedad y el mundo.<\/span><\/p>\n<p>[\/et_pb_text][\/et_pb_column][\/et_pb_row][\/et_pb_section][et_pb_section fb_built=\"1\u2033 _builder_version=\"4.27.4\u2033 _module_preset=\"default\" background_image=\"https:\/\/mcs.ed.cr\/wp-content\/uploads\/2024\/12\/note-bk.png\" custom_padding=\"||||false|false\" global_colors_info=\"{}\"][et_pb_row _builder_version=\"4.27.4\u2033 _module_preset=\"default\" custom_margin=\"-44px||||false|false\" custom_padding=\"0px||0px||false|false\" global_colors_info=\"{}\"][et_pb_column type=\"4_4\u2033 _builder_version=\"4.27.3\u2033 _module_preset=\"default\" global_colors_info=\"{}\"][et_pb_divider _builder_version=\"4.27.3\u2033 _module_preset=\"default\" global_colors_info=\"{}\"][\/et_pb_divider][\/et_pb_column][\/et_pb_row][et_pb_row _builder_version=\"4.27.3\u2033 _module_preset=\"default\" custom_padding=\"||23px|||\" global_colors_info=\"{}\"][et_pb_column type=\"4_4\u2033 _builder_version=\"4.27.3\u2033 _module_preset=\"default\" global_colors_info=\"{}\"][et_pb_text _builder_version=\"4.27.3\u2033 _module_preset=\"default\" header_font=\"Nexa Bold||||||||\" header_font_size=\"46px\" global_colors_info=\"{}\"]<\/p>\n<h1><b>\u00a0Proceso de admisi\u00f3n e informaci\u00f3n  financiera<\/b><\/h1>\n<p>[\/et_pb_text][\/et_pb_column][\/et_pb_row][et_pb_row column_structure=\"1_2,1_2\u2033 _builder_version=\"4.27.3\u2033 _module_preset=\"default\" global_colors_info=\"{}\"][et_pb_column type=\"1_2\u2033 _builder_version=\"4.27.3\u2033 _module_preset=\"default\" global_colors_info=\"{}\"][et_pb_text _builder_version=\"4.27.3\u2033 _module_preset=\"default\" global_colors_info=\"{}\"]<\/p>\n<p><b>Requisitos de admisi\u00f3n<\/b><b><br \/><\/b><span style=\"font-weight: 400;\">Nuestro proceso de admisi\u00f3n est\u00e1 dise\u00f1ado para acoger a familias que comparten nuestros valores. Los futuros estudiantes se someten a una evaluaci\u00f3n y una entrevista para garantizar que MCS es la opci\u00f3n adecuada.<\/span><\/p>\n<p><b>Matr\u00edcula y ayudas econ\u00f3micas<\/b><b><br \/><\/b><span style=\"font-weight: 400;\">MCS ofrece tasas de matr\u00edcula competitivas con opciones de ayuda financiera disponibles para apoyar a las familias.<\/span><\/p>\n<p><span style=\"font-weight: 400;\"><\/span><\/p>\n<p><b>\u00danase a la comunidad MCS<\/b><b><br \/><\/b><span style=\"font-weight: 400;\">Experimente la educaci\u00f3n transformadora del Colegio Cristiano Monterrey. Programe una visita, asista a una jornada de puertas abiertas, o p\u00f3ngase en contacto con nuestro equipo de admisiones para obtener m\u00e1s informaci\u00f3n sobre la inscripci\u00f3n de su hijo en una comunidad comprometida con la fe, la excelencia y el liderazgo.<\/span><\/p>\n<ul>\n<li style=\"font-weight: 400;\" aria-level=\"1\"><b>Tel\u00e9fono:<\/b><span style=\"font-weight: 400;\"> (506) 2224-0833<\/span><\/li>\n<li style=\"font-weight: 400;\" aria-level=\"1\"><b>Correo electr\u00f3nico:<\/b><span style=\"font-weight: 400;\"> admissions@mcs.ed.cr<\/span><\/li>\n<li style=\"font-weight: 400;\" aria-level=\"1\"><b>P\u00e1gina web:<\/b><span style=\"font-weight: 400;\"> mcs.ed.cr\u00a0<\/span><\/li>\n<\/ul>\n<p><b>Monterrey Christian School-Educando para la eternidad, inspirando a los estudiantes a glorificar a Dios, y formando hoy a los l\u00edderes del ma\u00f1ana.<\/b><\/p>\n<p>[\/et_pb_text][\/et_pb_column][et_pb_column type=\"1_2\u2033 _builder_version=\"4.27.3\u2033 _module_preset=\"default\" global_colors_info=\"{}\"][et_pb_contact_form email=\"admision@monterrey.ed.cr\" title=\"Mensaje\" success_message=\"Agradecemos enormemente su inter\u00e9s; uno de nuestros asesores se pondr\u00e1 en contacto con usted lo antes posible.\" submit_button_text=\"Enviar\" _builder_version=\"4.27.3\u2033 _module_preset=\"default\" form_field_background_color=\"#F5F0EB\" form_field_text_color=\"#000000\u2033 form_field_font=\"|600|||||||\" form_field_line_height=\"1.8em\" custom_button=\"on\" button_text_size=\"16px\" button_text_color=\"#000000\u2033 button_bg_color=\"#F5C966\u2033 button_border_width=\"0px\" button_border_radius=\"0px\" button_font=\"Roboto|700|||||||\" button_custom_padding=\"15px|30px|15px|30px|true|true\" global_colors_info=\"{}\"][et_pb_contact_field field_id=\"Nombre\" field_title=\"Nombre\" _builder_version=\"4.16\u2033 global_colors_info=\"{}\" button_text_size__hover_enabled=\"off\" button_one_text_size__hover_enabled=\"off\" button_two_text_size__hover_enabled=\"off\" button_text_color__hover_enabled=\"off\" button_one_text_color__hover_enabled=\"off\" button_two_text_color__hover_enabled=\"off\" button_border_width__hover_enabled=\"off\" button_one_border_width__hover_enabled=\"off\" button_two_border_width__hover_enabled=\"off\" button_border_color__hover_enabled=\"off\" button_one_border_color__hover_enabled=\"off\" button_two_border_color__hover_enabled=\"off\" button_border_radius__hover_enabled=\"off\" button_one_border_radius__hover_enabled=\"off\" button_two_border_radius__hover_enabled=\"off\" button_letter_spacing__hover_enabled=\"off\" button_one_letter_spacing__hover_enabled=\"off\" button_two_letter_spacing__hover_enabled=\"off\" button_bg_color__hover_enabled=\"off\" button_one_bg_color__hover_enabled=\"off\" button_two_bg_color__hover_enabled=\"off\"][\/et_pb_contact_field][et_pb_contact_field field_id=\"Correo electr\u00f3nico\" field_title=\"Direcci\u00f3n de correo electr\u00f3nico\" field_type=\"correo electr\u00f3nico\" _builder_version=\"4.20.20.2\u2033 global_colors_info=\"{}\" button_text_size__hover_enabled=\"off\" button_one_text_size__hover_enabled=\"off\" button_two_text_size__hover_enabled=\"off\" button_text_color__hover_enabled=\"off\" button_one_text_color__hover_enabled=\"off\" button_two_text_color__hover_enabled=\"off\" button_border_width__hover_enabled=\"off\" button_one_border_width__hover_enabled=\"off\" button_two_border_width__hover_enabled=\"off\" button_border_color__hover_enabled=\"off\" button_one_border_color__hover_enabled=\"off\" button_two_border_color__hover_enabled=\"off\" button_border_radius__hover_enabled=\"off\" button_one_border_radius__hover_enabled=\"off\" button_two_border_radius__hover_enabled=\"off\" button_letter_spacing__hover_enabled=\"off\" button_one_letter_spacing__hover_enabled=\"off\" button_two_letter_spacing__hover_enabled=\"off\" button_bg_color__hover_enabled=\"off\" button_one_bg_color__hover_enabled=\"off\" button_two_bg_color__hover_enabled=\"off\"][\/et_pb_contact_field][et_pb_contact_field field_id=\"Mensaje\" field_title=\"Mensaje\" field_type=\"text\" fullwidth_field=\"on\" _builder_version=\"4.16\u2033 global_colors_info=\"{}\" button_text_size__hover_enabled=\"off\" button_one_text_size__hover_enabled=\"off\" button_two_text_size__hover_enabled=\"off\" button_text_color__hover_enabled=\"off\" button_one_text_color__hover_enabled=\"off\" button_two_text_color__hover_enabled=\"desactivado\" button_border_width__hover_enabled=\"desactivado\" button_one_border_width__hover_enabled=\"desactivado\" button_two_border_width__hover_enabled=\"desactivado\" button_border_color__hover_enabled=\"desactivado\" button_one_border_color__hover_enabled=\"desactivado\" button_two_border_color__hover_enabled=\"off\" button_border_radius__hover_enabled=\"off\" button_one_border_radius__hover_enabled=\"off\" button_two_border_radius__hover_enabled=\"off\" button_letter_spacing__hover_enabled=\"off\" button_one_letter_spacing__hover_enabled=\"off\" button_two_letter_spacing__hover_enabled=\"off\" button_bg_color__hover_enabled=\"off\" button_one_bg_color__hover_enabled=\"off\" button_two_bg_color__hover_enabled=\"off\"][\/et_pb_contact_field][\/et_pb_contact_form][et_pb_code _builder_version=\"4.20.0\u2033 _module_preset=\"default\" global_colors_info=\"{}\"]<iframe src=\"https:\/\/www.google.com\/maps\/embed?pb=!1m18!1m12!1m3!1d3817.3648960690293!2d-84.04287938553338!3d9.93883889289315!2m3!1f0!2f0!3f0!3m2!1i1024!2i768!4f13.1!3m3!1m2!1s0x8fa0e47578729da9%3A0x25e6b6eab2f9cf7!2sMonterrey%20Christian%20School%20(MCS)!5e1!3m2!1sen!2scr!4v1676652926729!5m2!1sen!2scr\" width=\"600\" height=\"450\" style=\"border:0;\" allowfullscreen=\"\" loading=\"lazy\" referrerpolicy=\"no-referrer-when-downgrade\"><\/iframe>[\/et_pb_code][\/et_pb_column][\/et_pb_row][\/et_pb_section][et_pb_section fb_built=\"1\u2033 _builder_version=\"4.27.3\u2033 _module_preset=\"default\" global_colors_info=\"{}\"][et_pb_row _builder_version=\"4.27.3\u2033 _module_preset=\"default\" global_colors_info=\"{}\"][et_pb_column type=\"4_4\u2033 _builder_version=\"4.27.3\u2033 _module_preset=\"default\" global_colors_info=\"{}\"][et_pb_image src=\"https:\/\/mcs.ed.cr\/wp-content\/uploads\/2024\/10\/acreditaciones-y-mep_Mesa-de-trabajo-1_Mesa-de-trabajo-1_Mesa-de-trabajo-1-scaled.jpg\" _builder_version=\"4.27.3\u2033 _module_preset=\"default\" global_colors_info=\"{}\"][\/et_pb_image][\/et_pb_column][\/et_pb_row][\/et_pb_section]<\/p>","protected":false},"excerpt":{"rendered":"<p>Devocionales DiariosDevocionales B\u00edblicos Diarios en Monterrey Christian School: Cultivando Corazones, Mentes y Car\u00e1cter para Cristo En Monterrey Christian School, los devocionales b\u00edblicos diarios son un elemento fundamental de nuestra filosof\u00eda educativa [...].<\/p>","protected":false},"author":1,"featured_media":0,"parent":0,"menu_order":0,"comment_status":"closed","ping_status":"closed","template":"","meta":{"_et_pb_use_builder":"on","_et_pb_old_content":"","_et_gb_content_width":"","footnotes":""},"difl_page_category":[],"class_list":["post-114114","page","type-page","status-publish","hentry"],"yoast_head":"<!-- This site is optimized with the Yoast SEO Premium plugin v26.5 (Yoast SEO v26.5) - https:\/\/yoast.com\/wordpress\/plugins\/seo\/ -->\n<title>Daily Devotionals - Monterrey Christian School<\/title>\n<meta name=\"robots\" content=\"index, follow, max-snippet:-1, max-image-preview:large, max-video-preview:-1\" \/>\n<link rel=\"canonical\" href=\"https:\/\/mcs.ed.cr\/es\/devocionales-diarios\/\" \/>\n<meta property=\"og:locale\" content=\"es_ES\" \/>\n<meta property=\"og:type\" content=\"article\" \/>\n<meta property=\"og:title\" content=\"Daily Devotionals - Monterrey Christian School\" \/>\n<meta property=\"og:description\" content=\"Daily DevotionalsDaily Biblical Devotionals at Monterrey Christian School: Cultivating Hearts, Minds, and Character for Christ At Monterrey Christian School, daily biblical devotionals are a foundational element of our educational philosophy [&hellip;]\" \/>\n<meta property=\"og:url\" content=\"https:\/\/mcs.ed.cr\/es\/devocionales-diarios\/\" \/>\n<meta property=\"og:site_name\" content=\"Monterrey Christian School\" \/>\n<meta property=\"article:publisher\" content=\"https:\/\/www.facebook.com\/MonterreyChristianSchool\/\" \/>\n<meta property=\"article:modified_time\" content=\"2025-01-20T17:28:55+00:00\" \/>\n<meta property=\"og:image\" content=\"https:\/\/mcs.ed.cr\/wp-content\/uploads\/2025\/08\/Torneo-Robotica-MCS-9-scaled.jpg\" \/>\n\t<meta property=\"og:image:width\" content=\"2560\" \/>\n\t<meta property=\"og:image:height\" content=\"1440\" \/>\n\t<meta property=\"og:image:type\" content=\"image\/jpeg\" \/>\n<meta name=\"twitter:card\" content=\"summary_large_image\" \/>\n<script type=\"application\/ld+json\" class=\"yoast-schema-graph\">{\"@context\":\"https:\/\/schema.org\",\"@graph\":[{\"@type\":\"WebPage\",\"@id\":\"https:\/\/mcs.ed.cr\/daily-devotionals\/\",\"url\":\"https:\/\/mcs.ed.cr\/daily-devotionals\/\",\"name\":\"Daily Devotionals - Monterrey Christian School\",\"isPartOf\":{\"@id\":\"https:\/\/mcs.ed.cr\/#website\"},\"datePublished\":\"2024-12-29T18:15:15+00:00\",\"dateModified\":\"2025-01-20T17:28:55+00:00\",\"inLanguage\":\"es-CR\",\"potentialAction\":[{\"@type\":\"ReadAction\",\"target\":[\"https:\/\/mcs.ed.cr\/daily-devotionals\/\"]}]},{\"@type\":\"WebSite\",\"@id\":\"https:\/\/mcs.ed.cr\/#website\",\"url\":\"https:\/\/mcs.ed.cr\/\",\"name\":\"Monterrey Christian School\",\"description\":\"Glorifyng God's Name Since 1956\",\"publisher\":{\"@id\":\"https:\/\/mcs.ed.cr\/#organization\"},\"potentialAction\":[{\"@type\":\"SearchAction\",\"target\":{\"@type\":\"EntryPoint\",\"urlTemplate\":\"https:\/\/mcs.ed.cr\/?s={search_term_string}\"},\"query-input\":{\"@type\":\"PropertyValueSpecification\",\"valueRequired\":true,\"valueName\":\"search_term_string\"}}],\"inLanguage\":\"es-CR\"},{\"@type\":\"Organization\",\"@id\":\"https:\/\/mcs.ed.cr\/#organization\",\"name\":\"Monterrey Christian School\",\"alternateName\":\"MCS\",\"url\":\"https:\/\/mcs.ed.cr\/\",\"logo\":{\"@type\":\"ImageObject\",\"inLanguage\":\"es-CR\",\"@id\":\"https:\/\/mcs.ed.cr\/#\/schema\/logo\/image\/\",\"url\":\"https:\/\/mcs.ed.cr\/wp-content\/uploads\/2023\/02\/MCS-turquesa.png\",\"contentUrl\":\"https:\/\/mcs.ed.cr\/wp-content\/uploads\/2023\/02\/MCS-turquesa.png\",\"width\":1359,\"height\":737,\"caption\":\"Monterrey Christian School\"},\"image\":{\"@id\":\"https:\/\/mcs.ed.cr\/#\/schema\/logo\/image\/\"},\"sameAs\":[\"https:\/\/www.facebook.com\/MonterreyChristianSchool\/\",\"https:\/\/www.instagram.com\/monterreychristianschool\/\"],\"email\":\"mparrales@monterrey.ed.cr\",\"telephone\":\"22240833\",\"legalName\":\"Asociaci\u00f3n Cultural Monterrey\",\"foundingDate\":\"1956-03-01\",\"numberOfEmployees\":{\"@type\":\"QuantitativeValue\",\"minValue\":\"51\",\"maxValue\":\"200\"}}]}<\/script>\n<!-- \/ Yoast SEO Premium plugin. -->","yoast_head_json":{"title":"Devocionarios Diarios - Monterrey Christian School","robots":{"index":"index","follow":"follow","max-snippet":"max-snippet:-1","max-image-preview":"max-image-preview:large","max-video-preview":"max-video-preview:-1"},"canonical":"https:\/\/mcs.ed.cr\/es\/devocionales-diarios\/","og_locale":"es_ES","og_type":"article","og_title":"Daily Devotionals - Monterrey Christian School","og_description":"Daily DevotionalsDaily Biblical Devotionals at Monterrey Christian School: Cultivating Hearts, Minds, and Character for Christ At Monterrey Christian School, daily biblical devotionals are a foundational element of our educational philosophy [&hellip;]","og_url":"https:\/\/mcs.ed.cr\/es\/devocionales-diarios\/","og_site_name":"Monterrey Christian School","article_publisher":"https:\/\/www.facebook.com\/MonterreyChristianSchool\/","article_modified_time":"2025-01-20T17:28:55+00:00","og_image":[{"width":2560,"height":1440,"url":"https:\/\/mcs.ed.cr\/wp-content\/uploads\/2025\/08\/Torneo-Robotica-MCS-9-scaled.jpg","type":"image\/jpeg"}],"twitter_card":"summary_large_image","schema":{"@context":"https:\/\/schema.org","@graph":[{"@type":"WebPage","@id":"https:\/\/mcs.ed.cr\/daily-devotionals\/","url":"https:\/\/mcs.ed.cr\/daily-devotionals\/","name":"Devocionarios Diarios - Monterrey Christian School","isPartOf":{"@id":"https:\/\/mcs.ed.cr\/#website"},"datePublished":"2024-12-29T18:15:15+00:00","dateModified":"2025-01-20T17:28:55+00:00","inLanguage":"es-CR","potentialAction":[{"@type":"ReadAction","target":["https:\/\/mcs.ed.cr\/daily-devotionals\/"]}]},{"@type":"WebSite","@id":"https:\/\/mcs.ed.cr\/#website","url":"https:\/\/mcs.ed.cr\/","name":"Monterrey Christian School","description":"Glorificando el nombre de Dios desde 1956","publisher":{"@id":"https:\/\/mcs.ed.cr\/#organization"},"potentialAction":[{"@type":"SearchAction","target":{"@type":"EntryPoint","urlTemplate":"https:\/\/mcs.ed.cr\/?s={search_term_string}"},"query-input":{"@type":"PropertyValueSpecification","valueRequired":true,"valueName":"search_term_string"}}],"inLanguage":"es-CR"},{"@type":"Organization","@id":"https:\/\/mcs.ed.cr\/#organization","name":"Monterrey Christian School","alternateName":"MCS","url":"https:\/\/mcs.ed.cr\/","logo":{"@type":"ImageObject","inLanguage":"es-CR","@id":"https:\/\/mcs.ed.cr\/#\/schema\/logo\/image\/","url":"https:\/\/mcs.ed.cr\/wp-content\/uploads\/2023\/02\/MCS-turquesa.png","contentUrl":"https:\/\/mcs.ed.cr\/wp-content\/uploads\/2023\/02\/MCS-turquesa.png","width":1359,"height":737,"caption":"Monterrey Christian School"},"image":{"@id":"https:\/\/mcs.ed.cr\/#\/schema\/logo\/image\/"},"sameAs":["https:\/\/www.facebook.com\/MonterreyChristianSchool\/","https:\/\/www.instagram.com\/monterreychristianschool\/"],"email":"mparrales@monterrey.ed.cr","telephone":"22240833","legalName":"Asociaci\u00f3n Cultural Monterrey","foundingDate":"1956-03-01","numberOfEmployees":{"@type":"QuantitativeValue","minValue":"51","maxValue":"200"}}]}},"_links":{"self":[{"href":"https:\/\/mcs.ed.cr\/es\/wp-json\/wp\/v2\/pages\/114114","targetHints":{"allow":["GET"]}}],"collection":[{"href":"https:\/\/mcs.ed.cr\/es\/wp-json\/wp\/v2\/pages"}],"about":[{"href":"https:\/\/mcs.ed.cr\/es\/wp-json\/wp\/v2\/types\/page"}],"author":[{"embeddable":true,"href":"https:\/\/mcs.ed.cr\/es\/wp-json\/wp\/v2\/users\/1"}],"replies":[{"embeddable":true,"href":"https:\/\/mcs.ed.cr\/es\/wp-json\/wp\/v2\/comments?post=114114"}],"version-history":[{"count":0,"href":"https:\/\/mcs.ed.cr\/es\/wp-json\/wp\/v2\/pages\/114114\/revisions"}],"wp:attachment":[{"href":"https:\/\/mcs.ed.cr\/es\/wp-json\/wp\/v2\/media?parent=114114"}],"wp:term":[{"taxonomy":"difl_page_category","embeddable":true,"href":"https:\/\/mcs.ed.cr\/es\/wp-json\/wp\/v2\/difl_page_category?post=114114"}],"curies":[{"name":"wp","href":"https:\/\/api.w.org\/{rel}","templated":true}]}}