{"id":114136,"date":"2024-12-29T19:15:41","date_gmt":"2024-12-29T19:15:41","guid":{"rendered":"https:\/\/mcs.ed.cr\/?page_id=114136"},"modified":"2025-02-24T15:19:20","modified_gmt":"2025-02-24T15:19:20","slug":"lampara","status":"publish","type":"page","link":"https:\/\/mcs.ed.cr\/es\/lampara\/","title":{"rendered":"LAMP"},"content":{"rendered":"<p>[et_pb_section fb_built=&#8221;1&#8243; _builder_version=&#8221;4.27.4&#8243; _module_preset=&#8221;default&#8221; background_enable_color=&#8221;off&#8221; background_image=&#8221;https:\/\/mcs.ed.cr\/wp-content\/uploads\/2024\/12\/banphy11.jpg&#8221; custom_padding=&#8221;2px||0px|||&#8221; global_colors_info=&#8221;{}&#8221;][et_pb_row use_custom_gutter=&#8221;on&#8221; make_equal=&#8221;on&#8221; _builder_version=&#8221;4.27.4&#8243; _module_preset=&#8221;default&#8221; background_color=&#8221;RGBA(255,255,255,0)&#8221; width=&#8221;100%&#8221; max_width=&#8221;100%&#8221; module_alignment=&#8221;center&#8221; custom_padding=&#8221;0px||0px|||&#8221; global_colors_info=&#8221;{}&#8221;][et_pb_column type=&#8221;4_4&#8243; _builder_version=&#8221;4.27.3&#8243; _module_preset=&#8221;default&#8221; global_colors_info=&#8221;{}&#8221;][et_pb_image src=&#8221;https:\/\/mcs.ed.cr\/wp-content\/uploads\/2024\/12\/banphy11.jpg&#8221; title_text=&#8221;banphy11&#8243; align=&#8221;center&#8221; force_fullwidth=&#8221;on&#8221; _builder_version=&#8221;4.27.4&#8243; _module_preset=&#8221;default&#8221; global_colors_info=&#8221;{}&#8221;][\/et_pb_image][et_pb_text _builder_version=&#8221;4.27.4&#8243; _module_preset=&#8221;default&#8221; header_font=&#8221;Nexa Bold||||||||&#8221; header_text_color=&#8221;#FFFFFF&#8221; header_font_size=&#8221;56px&#8221; transform_translate=&#8221;23px|-91px&#8221; custom_margin=&#8221;-144px||-12px||false|false&#8221; custom_padding=&#8221;||15px|||&#8221; global_colors_info=&#8221;{}&#8221;]<\/p>\n<h1><b>Vivir seg\u00fan el Plan Maestro<\/b><\/h1>\n<p>[\/et_pb_text][\/et_pb_column][\/et_pb_row][\/et_pb_section][et_pb_section fb_built=&#8221;1&#8243; _builder_version=&#8221;4.27.4&#8243; _module_preset=&#8221;default&#8221; background_image=&#8221;https:\/\/mcs.ed.cr\/wp-content\/uploads\/2024\/12\/fondolamp.png&#8221; background_blend=&#8221;multiply&#8221; custom_padding=&#8221;18px||0px|||&#8221; global_colors_info=&#8221;{}&#8221;][et_pb_row _builder_version=&#8221;4.27.3&#8243; _module_preset=&#8221;default&#8221; width=&#8221;90%&#8221; max_width=&#8221;90%&#8221; custom_margin=&#8221;|auto|-6px|auto||&#8221; custom_padding=&#8221;52px||33px|||&#8221; global_colors_info=&#8221;{}&#8221;][et_pb_column type=&#8221;4_4&#8243; _builder_version=&#8221;4.27.3&#8243; _module_preset=&#8221;default&#8221; global_colors_info=&#8221;{}&#8221;][et_pb_text _builder_version=&#8221;4.27.4&#8243; _module_preset=&#8221;default&#8221; text_font=&#8221;&#8211;et_global_body_font||||||||&#8221; text_font_size=&#8221;15px&#8221; custom_margin=&#8221;6px||||false|false&#8221; custom_padding=&#8221;||0px|||&#8221; global_colors_info=&#8221;{}&#8221;]<\/p>\n<p><span style=\"font-weight: 400;\">En Monterrey Christian School, estamos dedicados a fomentar no s\u00f3lo la excelencia acad\u00e9mica, sino tambi\u00e9n el crecimiento espiritual de nuestros estudiantes. <\/span><b>LAMP (Vivir seg\u00fan el Plan Maestro)<\/b><span style=\"font-weight: 400;\"> es un ministerio dirigido por estudiantes que encarna este compromiso capacitando a los estudiantes cristianos para vivir activamente su fe, compartir el Evangelio y servir a sus compa\u00f1eros de manera significativa.<\/span><\/p>\n<p><span style=\"font-weight: 400;\">LAMP es una comunidad vibrante de estudiantes devotos y apasionados que se unen con la misi\u00f3n compartida de difundir el amor de Cristo y fomentar un ambiente de apoyo dentro de la escuela. Bajo la gu\u00eda y consejo de los l\u00edderes de la escuela, este grupo opera independientemente, desarrollando y liderando iniciativas que fomentan el crecimiento espiritual, la unidad y el servicio entre sus compa\u00f1eros. Al tomar posesi\u00f3n del ministerio, los miembros de LAMP aprenden valiosas lecciones de liderazgo, discipulado y acci\u00f3n guiada por la fe.<\/span><\/p>\n<p><span style=\"font-weight: 400;\">Uno de los aspectos m\u00e1s destacados de LAMP son sus reuniones semanales, que se celebran cada <\/span><b>Jueves a las 18:00<\/b><span style=\"font-weight: 400;\">. Estas sesiones son un tiempo de adoraci\u00f3n gozosa, alabanza sincera a trav\u00e9s de la m\u00fasica y ense\u00f1anzas devocionales profundas de la Biblia. Dise\u00f1adas y dirigidas enteramente por los alumnos, estas reuniones reflejan su fe aut\u00e9ntica y su dedicaci\u00f3n a crecer como seguidores de Cristo. Cada sesi\u00f3n es cuidadosamente supervisada por el liderazgo de la escuela para asegurar la alineaci\u00f3n con los principios b\u00edblicos al tiempo que permite a los estudiantes un control creativo y organizativo completo.<\/span><\/p>\n<p><span style=\"font-weight: 400;\">LAMP es m\u00e1s que un grupo; es un movimiento dentro del Colegio Cristiano Monterrey que inspira a los estudiantes a vivir de acuerdo al plan de Dios para sus vidas, haciendo un impacto duradero en la comunidad escolar y m\u00e1s all\u00e1. Si eres un estudiante que busca profundizar su fe o alguien que busca compa\u00f1erismo y aliento, LAMP da la bienvenida a todos los que est\u00e1n deseosos de crecer m\u00e1s cerca de Dios y compartir su amor con los dem\u00e1s. \u00danete a nosotros para vivir el plan del Maestro y hacer una diferencia para Su gloria.<\/span><\/p>\n<p>[\/et_pb_text][\/et_pb_column][\/et_pb_row][\/et_pb_section][et_pb_section fb_built=\"1\u2033 _builder_version=\"4.27.4\u2033 _module_preset=\"default\" background_image=\"https:\/\/mcs.ed.cr\/wp-content\/uploads\/2024\/12\/note-bk.png\" custom_padding=\"||||false|false\" global_colors_info=\"{}\"][et_pb_row _builder_version=\"4.27.4\u2033 _module_preset=\"default\" custom_margin=\"-44px||||false|false\" custom_padding=\"0px||0px||false|false\" global_colors_info=\"{}\"][et_pb_column type=\"4_4\u2033 _builder_version=\"4.27.3\u2033 _module_preset=\"default\" global_colors_info=\"{}\"][et_pb_divider _builder_version=\"4.27.3\u2033 _module_preset=\"default\" global_colors_info=\"{}\"][\/et_pb_divider][\/et_pb_column][\/et_pb_row][et_pb_row _builder_version=\"4.27.3\u2033 _module_preset=\"default\" custom_padding=\"||23px|||\" global_colors_info=\"{}\"][et_pb_column type=\"4_4\u2033 _builder_version=\"4.27.3\u2033 _module_preset=\"default\" global_colors_info=\"{}\"][et_pb_text _builder_version=\"4.27.3\u2033 _module_preset=\"default\" header_font=\"Nexa Bold||||||||\" header_font_size=\"46px\" global_colors_info=\"{}\"]<\/p>\n<h1><b>\u00a0Proceso de admisi\u00f3n e informaci\u00f3n  financiera<\/b><\/h1>\n<p>[\/et_pb_text][\/et_pb_column][\/et_pb_row][et_pb_row column_structure=\"1_2,1_2\u2033 _builder_version=\"4.27.3\u2033 _module_preset=\"default\" global_colors_info=\"{}\"][et_pb_column type=\"1_2\u2033 _builder_version=\"4.27.3\u2033 _module_preset=\"default\" global_colors_info=\"{}\"][et_pb_text _builder_version=\"4.27.3\u2033 _module_preset=\"default\" global_colors_info=\"{}\"]<\/p>\n<p><b>Requisitos de admisi\u00f3n<\/b><b><br \/><\/b><span style=\"font-weight: 400;\">Nuestro proceso de admisi\u00f3n est\u00e1 dise\u00f1ado para acoger a familias que comparten nuestros valores. Los futuros estudiantes se someten a una evaluaci\u00f3n y una entrevista para garantizar que MCS es la opci\u00f3n adecuada.<\/span><\/p>\n<p><b>Matr\u00edcula y ayudas econ\u00f3micas<\/b><b><br \/><\/b><span style=\"font-weight: 400;\">MCS ofrece tasas de matr\u00edcula competitivas con opciones de ayuda financiera disponibles para apoyar a las familias.<\/span><\/p>\n<p><span style=\"font-weight: 400;\"><\/span><\/p>\n<p><b>\u00danase a la comunidad MCS<\/b><b><br \/><\/b><span style=\"font-weight: 400;\">Experimente la educaci\u00f3n transformadora del Colegio Cristiano Monterrey. Programe una visita, asista a una jornada de puertas abiertas, o p\u00f3ngase en contacto con nuestro equipo de admisiones para obtener m\u00e1s informaci\u00f3n sobre la inscripci\u00f3n de su hijo en una comunidad comprometida con la fe, la excelencia y el liderazgo.<\/span><\/p>\n<ul>\n<li style=\"font-weight: 400;\" aria-level=\"1\"><b>Tel\u00e9fono:<\/b><span style=\"font-weight: 400;\"> (506) 2224-0833<\/span><\/li>\n<li style=\"font-weight: 400;\" aria-level=\"1\"><b>Correo electr\u00f3nico:<\/b><span style=\"font-weight: 400;\"> admissions@mcs.ed.cr<\/span><\/li>\n<li style=\"font-weight: 400;\" aria-level=\"1\"><b>P\u00e1gina web:<\/b><span style=\"font-weight: 400;\"> mcs.ed.cr\u00a0<\/span><\/li>\n<\/ul>\n<p><b>Monterrey Christian School-Educando para la eternidad, inspirando a los estudiantes a glorificar a Dios, y formando hoy a los l\u00edderes del ma\u00f1ana.<\/b><\/p>\n<p>[\/et_pb_text][\/et_pb_column][et_pb_column type=\"1_2\u2033 _builder_version=\"4.27.3\u2033 _module_preset=\"default\" global_colors_info=\"{}\"][et_pb_contact_form email=\"admision@monterrey.ed.cr\" title=\"Mensaje\" success_message=\"Agradecemos enormemente su inter\u00e9s; uno de nuestros asesores se pondr\u00e1 en contacto con usted lo antes posible.\" submit_button_text=\"Enviar\" _builder_version=\"4.27.3\u2033 _module_preset=\"default\" form_field_background_color=\"#F5F0EB\" form_field_text_color=\"#000000\u2033 form_field_font=\"|600|||||||\" form_field_line_height=\"1.8em\" custom_button=\"on\" button_text_size=\"16px\" button_text_color=\"#000000\u2033 button_bg_color=\"#F5C966\u2033 button_border_width=\"0px\" button_border_radius=\"0px\" button_font=\"Roboto|700|||||||\" button_custom_padding=\"15px|30px|15px|30px|true|true\" global_colors_info=\"{}\"][et_pb_contact_field field_id=\"Nombre\" field_title=\"Nombre\" _builder_version=\"4.16\u2033 global_colors_info=\"{}\" button_text_size__hover_enabled=\"off\" button_one_text_size__hover_enabled=\"off\" button_two_text_size__hover_enabled=\"off\" button_text_color__hover_enabled=\"off\" button_one_text_color__hover_enabled=\"off\" button_two_text_color__hover_enabled=\"off\" button_border_width__hover_enabled=\"off\" button_one_border_width__hover_enabled=\"off\" button_two_border_width__hover_enabled=\"off\" button_border_color__hover_enabled=\"off\" button_one_border_color__hover_enabled=\"off\" button_two_border_color__hover_enabled=\"off\" button_border_radius__hover_enabled=\"off\" button_one_border_radius__hover_enabled=\"off\" button_two_border_radius__hover_enabled=\"off\" button_letter_spacing__hover_enabled=\"off\" button_one_letter_spacing__hover_enabled=\"off\" button_two_letter_spacing__hover_enabled=\"off\" button_bg_color__hover_enabled=\"off\" button_one_bg_color__hover_enabled=\"off\" button_two_bg_color__hover_enabled=\"off\"][\/et_pb_contact_field][et_pb_contact_field field_id=\"Correo electr\u00f3nico\" field_title=\"Direcci\u00f3n de correo electr\u00f3nico\" field_type=\"correo electr\u00f3nico\" _builder_version=\"4.20.20.2\u2033 global_colors_info=\"{}\" button_text_size__hover_enabled=\"off\" button_one_text_size__hover_enabled=\"off\" button_two_text_size__hover_enabled=\"off\" button_text_color__hover_enabled=\"off\" button_one_text_color__hover_enabled=\"off\" button_two_text_color__hover_enabled=\"off\" button_border_width__hover_enabled=\"off\" button_one_border_width__hover_enabled=\"off\" button_two_border_width__hover_enabled=\"off\" button_border_color__hover_enabled=\"off\" button_one_border_color__hover_enabled=\"off\" button_two_border_color__hover_enabled=\"off\" button_border_radius__hover_enabled=\"off\" button_one_border_radius__hover_enabled=\"off\" button_two_border_radius__hover_enabled=\"off\" button_letter_spacing__hover_enabled=\"off\" button_one_letter_spacing__hover_enabled=\"off\" button_two_letter_spacing__hover_enabled=\"off\" button_bg_color__hover_enabled=\"off\" button_one_bg_color__hover_enabled=\"off\" button_two_bg_color__hover_enabled=\"off\"][\/et_pb_contact_field][et_pb_contact_field field_id=\"Mensaje\" field_title=\"Mensaje\" field_type=\"text\" fullwidth_field=\"on\" _builder_version=\"4.16\u2033 global_colors_info=\"{}\" button_text_size__hover_enabled=\"off\" button_one_text_size__hover_enabled=\"off\" button_two_text_size__hover_enabled=\"off\" button_text_color__hover_enabled=\"off\" button_one_text_color__hover_enabled=\"off\" button_two_text_color__hover_enabled=\"desactivado\" button_border_width__hover_enabled=\"desactivado\" button_one_border_width__hover_enabled=\"desactivado\" button_two_border_width__hover_enabled=\"desactivado\" button_border_color__hover_enabled=\"desactivado\" button_one_border_color__hover_enabled=\"desactivado\" button_two_border_color__hover_enabled=\"off\" button_border_radius__hover_enabled=\"off\" button_one_border_radius__hover_enabled=\"off\" button_two_border_radius__hover_enabled=\"off\" button_letter_spacing__hover_enabled=\"off\" button_one_letter_spacing__hover_enabled=\"off\" button_two_letter_spacing__hover_enabled=\"off\" button_bg_color__hover_enabled=\"off\" button_one_bg_color__hover_enabled=\"off\" button_two_bg_color__hover_enabled=\"off\"][\/et_pb_contact_field][\/et_pb_contact_form][et_pb_code _builder_version=\"4.20.0\u2033 _module_preset=\"default\" global_colors_info=\"{}\"]<iframe src=\"https:\/\/www.google.com\/maps\/embed?pb=!1m18!1m12!1m3!1d3817.3648960690293!2d-84.04287938553338!3d9.93883889289315!2m3!1f0!2f0!3f0!3m2!1i1024!2i768!4f13.1!3m3!1m2!1s0x8fa0e47578729da9%3A0x25e6b6eab2f9cf7!2sMonterrey%20Christian%20School%20(MCS)!5e1!3m2!1sen!2scr!4v1676652926729!5m2!1sen!2scr\" width=\"600\" height=\"450\" style=\"border:0;\" allowfullscreen=\"\" loading=\"lazy\" referrerpolicy=\"no-referrer-when-downgrade\"><\/iframe>[\/et_pb_code][\/et_pb_column][\/et_pb_row][\/et_pb_section][et_pb_section fb_built=\"1\u2033 _builder_version=\"4.27.3\u2033 _module_preset=\"default\" global_colors_info=\"{}\"][et_pb_row _builder_version=\"4.27.3\u2033 _module_preset=\"default\" global_colors_info=\"{}\"][et_pb_column type=\"4_4\u2033 _builder_version=\"4.27.3\u2033 _module_preset=\"default\" global_colors_info=\"{}\"][et_pb_image src=\"https:\/\/mcs.ed.cr\/wp-content\/uploads\/2024\/10\/acreditaciones-y-mep_Mesa-de-trabajo-1_Mesa-de-trabajo-1_Mesa-de-trabajo-1-scaled.jpg\" _builder_version=\"4.27.3\u2033 _module_preset=\"default\" global_colors_info=\"{}\"][\/et_pb_image][\/et_pb_column][\/et_pb_row][\/et_pb_section]<\/p>","protected":false},"excerpt":{"rendered":"<p>Living According to the Master&#8217;s PlanAt Monterrey Christian School, we are dedicated to nurturing not only academic excellence but also the spiritual growth of our students. LAMP (Living According to [&hellip;]<\/p>","protected":false},"author":1,"featured_media":0,"parent":0,"menu_order":0,"comment_status":"closed","ping_status":"closed","template":"","meta":{"_et_pb_use_builder":"on","_et_pb_old_content":"","_et_gb_content_width":"","footnotes":""},"difl_page_category":[],"class_list":["post-114136","page","type-page","status-publish","hentry"],"yoast_head":"<!-- This site is optimized with the Yoast SEO Premium plugin v26.5 (Yoast SEO v26.5) - https:\/\/yoast.com\/wordpress\/plugins\/seo\/ -->\n<title>LAMP - Monterrey Christian School<\/title>\n<meta name=\"robots\" content=\"index, follow, max-snippet:-1, max-image-preview:large, max-video-preview:-1\" \/>\n<link rel=\"canonical\" href=\"https:\/\/mcs.ed.cr\/es\/lampara\/\" \/>\n<meta property=\"og:locale\" content=\"es_ES\" \/>\n<meta property=\"og:type\" content=\"article\" \/>\n<meta property=\"og:title\" content=\"LAMP - Monterrey Christian School\" \/>\n<meta property=\"og:description\" content=\"Living According to the Master&#039;s PlanAt Monterrey Christian School, we are dedicated to nurturing not only academic excellence but also the spiritual growth of our students. LAMP (Living According to [&hellip;]\" \/>\n<meta property=\"og:url\" content=\"https:\/\/mcs.ed.cr\/es\/lampara\/\" \/>\n<meta property=\"og:site_name\" content=\"Monterrey Christian School\" \/>\n<meta property=\"article:publisher\" content=\"https:\/\/www.facebook.com\/MonterreyChristianSchool\/\" \/>\n<meta property=\"article:modified_time\" content=\"2025-02-24T15:19:20+00:00\" \/>\n<meta property=\"og:image\" content=\"https:\/\/mcs.ed.cr\/wp-content\/uploads\/2025\/08\/Torneo-Robotica-MCS-9-scaled.jpg\" \/>\n\t<meta property=\"og:image:width\" content=\"2560\" \/>\n\t<meta property=\"og:image:height\" content=\"1440\" \/>\n\t<meta property=\"og:image:type\" content=\"image\/jpeg\" \/>\n<meta name=\"twitter:card\" content=\"summary_large_image\" \/>\n<meta name=\"twitter:label1\" content=\"Est. reading time\" \/>\n\t<meta name=\"twitter:data1\" content=\"3 minutos\" \/>\n<script type=\"application\/ld+json\" class=\"yoast-schema-graph\">{\"@context\":\"https:\/\/schema.org\",\"@graph\":[{\"@type\":\"WebPage\",\"@id\":\"https:\/\/mcs.ed.cr\/lamp\/\",\"url\":\"https:\/\/mcs.ed.cr\/lamp\/\",\"name\":\"LAMP - Monterrey Christian School\",\"isPartOf\":{\"@id\":\"https:\/\/mcs.ed.cr\/#website\"},\"datePublished\":\"2024-12-29T19:15:41+00:00\",\"dateModified\":\"2025-02-24T15:19:20+00:00\",\"inLanguage\":\"es-CR\",\"potentialAction\":[{\"@type\":\"ReadAction\",\"target\":[\"https:\/\/mcs.ed.cr\/lamp\/\"]}]},{\"@type\":\"WebSite\",\"@id\":\"https:\/\/mcs.ed.cr\/#website\",\"url\":\"https:\/\/mcs.ed.cr\/\",\"name\":\"Monterrey Christian School\",\"description\":\"Glorifyng God's Name Since 1956\",\"publisher\":{\"@id\":\"https:\/\/mcs.ed.cr\/#organization\"},\"potentialAction\":[{\"@type\":\"SearchAction\",\"target\":{\"@type\":\"EntryPoint\",\"urlTemplate\":\"https:\/\/mcs.ed.cr\/?s={search_term_string}\"},\"query-input\":{\"@type\":\"PropertyValueSpecification\",\"valueRequired\":true,\"valueName\":\"search_term_string\"}}],\"inLanguage\":\"es-CR\"},{\"@type\":\"Organization\",\"@id\":\"https:\/\/mcs.ed.cr\/#organization\",\"name\":\"Monterrey Christian School\",\"alternateName\":\"MCS\",\"url\":\"https:\/\/mcs.ed.cr\/\",\"logo\":{\"@type\":\"ImageObject\",\"inLanguage\":\"es-CR\",\"@id\":\"https:\/\/mcs.ed.cr\/#\/schema\/logo\/image\/\",\"url\":\"https:\/\/mcs.ed.cr\/wp-content\/uploads\/2023\/02\/MCS-turquesa.png\",\"contentUrl\":\"https:\/\/mcs.ed.cr\/wp-content\/uploads\/2023\/02\/MCS-turquesa.png\",\"width\":1359,\"height\":737,\"caption\":\"Monterrey Christian School\"},\"image\":{\"@id\":\"https:\/\/mcs.ed.cr\/#\/schema\/logo\/image\/\"},\"sameAs\":[\"https:\/\/www.facebook.com\/MonterreyChristianSchool\/\",\"https:\/\/www.instagram.com\/monterreychristianschool\/\"],\"email\":\"mparrales@monterrey.ed.cr\",\"telephone\":\"22240833\",\"legalName\":\"Asociaci\u00f3n Cultural Monterrey\",\"foundingDate\":\"1956-03-01\",\"numberOfEmployees\":{\"@type\":\"QuantitativeValue\",\"minValue\":\"51\",\"maxValue\":\"200\"}}]}<\/script>\n<!-- \/ Yoast SEO Premium plugin. -->","yoast_head_json":{"title":"L\u00c1MPARA - Monterrey Christian School","robots":{"index":"index","follow":"follow","max-snippet":"max-snippet:-1","max-image-preview":"max-image-preview:large","max-video-preview":"max-video-preview:-1"},"canonical":"https:\/\/mcs.ed.cr\/es\/lampara\/","og_locale":"es_ES","og_type":"article","og_title":"LAMP - Monterrey Christian School","og_description":"Living According to the Master's PlanAt Monterrey Christian School, we are dedicated to nurturing not only academic excellence but also the spiritual growth of our students. LAMP (Living According to [&hellip;]","og_url":"https:\/\/mcs.ed.cr\/es\/lampara\/","og_site_name":"Monterrey Christian School","article_publisher":"https:\/\/www.facebook.com\/MonterreyChristianSchool\/","article_modified_time":"2025-02-24T15:19:20+00:00","og_image":[{"width":2560,"height":1440,"url":"https:\/\/mcs.ed.cr\/wp-content\/uploads\/2025\/08\/Torneo-Robotica-MCS-9-scaled.jpg","type":"image\/jpeg"}],"twitter_card":"summary_large_image","twitter_misc":{"Est. reading time":"3 minutos"},"schema":{"@context":"https:\/\/schema.org","@graph":[{"@type":"WebPage","@id":"https:\/\/mcs.ed.cr\/lamp\/","url":"https:\/\/mcs.ed.cr\/lamp\/","name":"L\u00c1MPARA - Monterrey Christian School","isPartOf":{"@id":"https:\/\/mcs.ed.cr\/#website"},"datePublished":"2024-12-29T19:15:41+00:00","dateModified":"2025-02-24T15:19:20+00:00","inLanguage":"es-CR","potentialAction":[{"@type":"ReadAction","target":["https:\/\/mcs.ed.cr\/lamp\/"]}]},{"@type":"WebSite","@id":"https:\/\/mcs.ed.cr\/#website","url":"https:\/\/mcs.ed.cr\/","name":"Monterrey Christian School","description":"Glorificando el nombre de Dios desde 1956","publisher":{"@id":"https:\/\/mcs.ed.cr\/#organization"},"potentialAction":[{"@type":"SearchAction","target":{"@type":"EntryPoint","urlTemplate":"https:\/\/mcs.ed.cr\/?s={search_term_string}"},"query-input":{"@type":"PropertyValueSpecification","valueRequired":true,"valueName":"search_term_string"}}],"inLanguage":"es-CR"},{"@type":"Organization","@id":"https:\/\/mcs.ed.cr\/#organization","name":"Monterrey Christian School","alternateName":"MCS","url":"https:\/\/mcs.ed.cr\/","logo":{"@type":"ImageObject","inLanguage":"es-CR","@id":"https:\/\/mcs.ed.cr\/#\/schema\/logo\/image\/","url":"https:\/\/mcs.ed.cr\/wp-content\/uploads\/2023\/02\/MCS-turquesa.png","contentUrl":"https:\/\/mcs.ed.cr\/wp-content\/uploads\/2023\/02\/MCS-turquesa.png","width":1359,"height":737,"caption":"Monterrey Christian School"},"image":{"@id":"https:\/\/mcs.ed.cr\/#\/schema\/logo\/image\/"},"sameAs":["https:\/\/www.facebook.com\/MonterreyChristianSchool\/","https:\/\/www.instagram.com\/monterreychristianschool\/"],"email":"mparrales@monterrey.ed.cr","telephone":"22240833","legalName":"Asociaci\u00f3n Cultural Monterrey","foundingDate":"1956-03-01","numberOfEmployees":{"@type":"QuantitativeValue","minValue":"51","maxValue":"200"}}]}},"_links":{"self":[{"href":"https:\/\/mcs.ed.cr\/es\/wp-json\/wp\/v2\/pages\/114136","targetHints":{"allow":["GET"]}}],"collection":[{"href":"https:\/\/mcs.ed.cr\/es\/wp-json\/wp\/v2\/pages"}],"about":[{"href":"https:\/\/mcs.ed.cr\/es\/wp-json\/wp\/v2\/types\/page"}],"author":[{"embeddable":true,"href":"https:\/\/mcs.ed.cr\/es\/wp-json\/wp\/v2\/users\/1"}],"replies":[{"embeddable":true,"href":"https:\/\/mcs.ed.cr\/es\/wp-json\/wp\/v2\/comments?post=114136"}],"version-history":[{"count":0,"href":"https:\/\/mcs.ed.cr\/es\/wp-json\/wp\/v2\/pages\/114136\/revisions"}],"wp:attachment":[{"href":"https:\/\/mcs.ed.cr\/es\/wp-json\/wp\/v2\/media?parent=114136"}],"wp:term":[{"taxonomy":"difl_page_category","embeddable":true,"href":"https:\/\/mcs.ed.cr\/es\/wp-json\/wp\/v2\/difl_page_category?post=114136"}],"curies":[{"name":"wp","href":"https:\/\/api.w.org\/{rel}","templated":true}]}}