{"id":114282,"date":"2025-01-13T15:33:21","date_gmt":"2025-01-13T15:33:21","guid":{"rendered":"https:\/\/mcs.ed.cr\/?page_id=114282"},"modified":"2025-03-25T23:49:33","modified_gmt":"2025-03-25T23:49:33","slug":"trabajar-en-mcs","status":"publish","type":"page","link":"https:\/\/mcs.ed.cr\/es\/trabajar-en-mcs\/","title":{"rendered":"Trabaja en MCS"},"content":{"rendered":"<p>[et_pb_section fb_built=\"1\u2033 _builder_version=\"4.27.4\u2033 _module_preset=\"default\" background_enable_color=\"off\" background_enable_image=\"off\" background_size=\"contain\" custom_padding=\"2px||0px|||\" global_colors_info=\"{}\"][et_pb_row use_custom_gutter=\"on\" make_equal=\"on\" _builder_version=\"4.27.4\u2033 _module_preset=\"default\" background_color=\"RGBA(255,255,255,0)\" width=\"100%\" max_width=\"100%\" module_alignment=\"center\" custom_padding=\"0px||0px|||\" global_colors_info=\"{}\"][et_pb_column type=\"4_4\u2033 _builder_version=\"4.27.3\u2033 _module_preset=\"default\" global_colors_info=\"{}\"][et_pb_image src=\"https:\/\/mcs.ed.cr\/wp-content\/uploads\/2025\/01\/banphy12.jpg\" title_text=\"banphy11\u2033 align=\"center\" force_fullwidth=\"on\" _builder_version=\"4.27.4\u2033 _module_preset=\"default\" global_colors_info=\"{}\"][\/et_pb_image][et_pb_text admin_label=\"Texto\" _builder_version=\"4.27.4\u2033 _module_preset=\"default\" header_font=\"Nexa Bold||||||||\" header_text_color=\"#FFFFFF\" header_font_size=\"56px\" transform_translate=\"23px|-91px\" custom_margin=\"-144px|||-12px||false|false\" custom_padding=\"||15px|||\" global_colors_info=\"{}\"]<\/p>\n<h1><b>Trabaja en MCS<\/b><\/h1>\n<p>[\/et_pb_text][\/et_pb_column][\/et_pb_row][\/et_pb_section][et_pb_section fb_built=\"1\u2033 _builder_version=\"4.27.4\u2033 _module_preset=\"default\" background_image=\"https:\/\/mcs.ed.cr\/wp-content\/uploads\/2024\/12\/fondoarro.png\" background_size=\"contain\" background_position=\"top_left\" background_blend=\"multiply\" custom_padding=\"18px||0px|||\" global_colors_info=\"{}\"][et_pb_row _builder_version=\"4.27.3\u2033 _module_preset=\"default\" width=\"90%\" max_width=\"90%\" custom_margin=\"|auto|-6px||auto||\" custom_padding=\"52px||33px|||\" global_colors_info=\"{}\"][et_pb_column type=\"4_4\u2033 _builder_version=\"4.27.3\u2033 _module_preset=\"default\" global_colors_info=\"{}\"][et_pb_text _builder_version=\"4.27.4\u2033 _module_preset=\"default\" text_font=\"-et_global_body_font||||||||\" text_font_size=\"15px\" custom_margin=\"6px||||false|false\" custom_padding=\"||0px||||\" global_colors_info=\"{}\"]<\/p>\n<div style=\"text-align: justify;\"><span style=\"font-family: arial, sans-serif;\">En<span>\u00a0<\/span><strong>Monterrey Christian School<\/strong>estamos dedicados a proporcionar una experiencia educativa excepcional que va m\u00e1s all\u00e1 de lo acad\u00e9mico. Nuestra misi\u00f3n es formar l\u00edderes fuertes con convicciones inquebrantables y una profunda fe en Dios. Ofrecemos un enfoque hol\u00edstico que integra excelentes programas acad\u00e9micos, din\u00e1micos programas art\u00edsticos y deportivos, enriquecedores campamentos y retiros cristianos, y valiosas oportunidades de viajes educativos y asociaciones universitarias.<\/span><\/div>\n<div class=\"gmail_quote\">\n<div dir=\"ltr\">\n<div>\n<div dir=\"ltr\" class=\"gmail_signature\" data-smartmail=\"gmail_signature\">\n<div dir=\"ltr\">\n<p style=\"text-align: justify;\"><span style=\"font-family: arial, sans-serif;\"><\/span><\/p>\n<p style=\"text-align: justify;\"><span style=\"font-family: arial, sans-serif;\">El Colegio Cristiano Monterrey no es s\u00f3lo una instituci\u00f3n educativa; es una comunidad comprometida a formar futuros l\u00edderes con valores s\u00f3lidos, una profunda fe en Dios y las habilidades necesarias para sobresalir en todas las \u00e1reas de la vida. Nos enorgullecemos de nuestro compromiso con la excelencia acad\u00e9mica, programas extracurriculares excepcionales, y un enfoque centrado en la Biblia que nos distingue.<\/span><\/p>\n<p style=\"text-align: justify;\"><span style=\"font-family: arial, sans-serif;\">Monterrey Christian School ofrece una experiencia educativa transformadora, preparando a los estudiantes para hacer un impacto en el mundo para Cristo.<\/span><\/p>\n<p style=\"text-align: justify;\"><span style=\"font-family: arial, sans-serif;\"><strong>Requisito para todos los puestos<\/strong>: Disfrutar y contribuir a un ambiente donde Dios es alabado y glorificado (esto incluye el conocimiento de la Biblia, la voluntad de participar en grupos de discipulado en la instituci\u00f3n, y la motivaci\u00f3n para difundir el Evangelio a los estudiantes, las familias y otros miembros de la comunidad).<\/span><\/p>\n<p style=\"text-align: justify;\"><span style=\"font-family: arial, sans-serif;\">El Monterrey Christian School opera bajo la siguiente misi\u00f3n y visi\u00f3n y busca colaboradores que est\u00e9n alineados con este mismo prop\u00f3sito:<\/span><\/p>\n<p style=\"text-align: justify;\"><span style=\"font-family: arial, sans-serif;\"><strong>Visi\u00f3n<\/strong><br \/>Ser la principal instituci\u00f3n educativa sin \u00e1nimo de lucro, centrada en Cristo, reconocida nacional e internacionalmente por nuestro compromiso de cultivar la fe, el car\u00e1cter y la dedicaci\u00f3n a la verdad b\u00edblica de los estudiantes, al tiempo que alcanzamos la excelencia en los \u00e1mbitos acad\u00e9mico, tecnol\u00f3gico, deportivo y art\u00edstico.<\/span><\/p>\n<p style=\"text-align: justify;\"><span style=\"font-family: arial, sans-serif;\"><strong>Misi\u00f3n<\/strong><br \/>Nuestra misi\u00f3n es desarrollar l\u00edderes \u00edntegros y responsables, dotados de las mejores herramientas para liderar con prop\u00f3sito e integridad, inspirados por el mensaje transformador de Jesucristo, y comprometidos a generar un impacto significativo en la sociedad, tanto a nivel nacional como internacional.<\/span><\/p>\n<p style=\"text-align: justify;\">\n<\/div>\n<\/div>\n<\/div>\n<\/div>\n<\/div>\n<p>[\/et_pb_text][\/et_pb_column][\/et_pb_row][\/et_pb_section][et_pb_section fb_built=\"1\u2033 _builder_version=\"4.27.4\u2033 _module_preset=\"default\" background_image=\"https:\/\/mcs.ed.cr\/wp-content\/uploads\/2024\/12\/holiback.png\" global_colors_info=\"{}\"][et_pb_row _builder_version=\"4.27.4\u2033 _module_preset=\"default\" global_colors_info=\"{}\"][et_pb_column type=\"4_4\u2033 _builder_version=\"4.27.4\u2033 _module_preset=\"default\" global_colors_info=\"{}\"][et_pb_text _builder_version=\"4.27.4\u2033 _module_preset=\"default\" hover_enabled=\"0\u2033 global_colors_info=\"{}\" sticky_enabled=\"0\u2033]<\/p>\n<h2><strong><span style=\"font-family: arial, sans-serif; font-size: 24;\">Puestos disponibles:<\/span><\/strong><\/h2>\n<p>&nbsp;<\/p>\n<p style=\"text-align: justify;\">En este momento, no hay puestos vacantes. No obstante, animamos a los profesionales y educadores cualificados que sientan pasi\u00f3n por la excelencia acad\u00e9mica y el desarrollo integral de los estudiantes a que env\u00eden su curr\u00edculum vitae a <a data-start=\"362\" data-end=\"391\" rel=\"noopener\" href=\"mailto:talentohumano@monterrey.ed.cr\" target=\"_blank\">talentohumano@monterrey.ed.cr <\/a>\u00a0Su informaci\u00f3n se archivar\u00e1 y se tendr\u00e1 en cuenta para futuras oportunidades acordes con su perfil.<\/p>\n<p>[\/et_pb_text][\/et_pb_column][\/et_pb_row][\/et_pb_section][et_pb_section fb_built=\"1\u2033 _builder_version=\"4.27.4\u2033 _module_preset=\"default\" global_colors_info=\"{}\"][et_pb_row _builder_version=\"4.27.4\u2033 _module_preset=\"default\" global_colors_info=\"{}\"][et_pb_column type=\"4_4\u2033 _builder_version=\"4.27.4\u2033 _module_preset=\"default\" global_colors_info=\"{}\"][et_pb_contact_form email=\"reclutamiento@mcs.ed.cr\" title=\"Contacte con nosotros\" success_message=\"Su mensaje se ha enviado correctamente.\" _builder_version=\u201d4.27.4\u2033 _module_preset=\u201ddefault\u201d _unique_id=\u201dbcd21547-517a-4d7f-94c1-6917e62e821e\u201d global_colors_info=\u201d{}\u201d][et_pb_contact_field field_id=\u201dName\u201d field_title=\u201dName\u201d _builder_version=\u201d4.27.4\u2033 background_color=\"#ffffff\" background_enable_color=\"on\" global_colors_info=\"{}\" button_text_size__hover_enabled=\"off\" button_one_text_size__hover_enabled=\"off\" button_two_text_size__hover_enabled=\"off\" button_text_color__hover_enabled=\"off\" button_one_text_color__hover_enabled=\"off\" button_two_text_color__hover_enabled=\"desactivado\" button_border_width__hover_enabled=\"desactivado\" button_one_border_width__hover_enabled=\"desactivado\" button_two_border_width__hover_enabled=\"desactivado\" button_border_color__hover_enabled=\"desactivado\" button_one_border_color__hover_enabled=\"desactivado\" button_two_border_color__hover_enabled=\"off\" button_border_radius__hover_enabled=\"off\" button_one_border_radius__hover_enabled=\"off\" button_two_border_radius__hover_enabled=\"off\" button_letter_spacing__hover_enabled=\"off\" button_one_letter_spacing__hover_enabled=\"off\" button_two_letter_spacing__hover_enabled=\"off\" button_bg_color__hover_enabled=\"off\" button_one_bg_color__hover_enabled=\"off\" button_two_bg_color__hover_enabled=\"off\"][\/et_pb_contact_field][et_pb_contact_field field_id=\"Correo electr\u00f3nico\" field_title=\"Direcci\u00f3n de correo electr\u00f3nico\" field_type=\"correo electr\u00f3nico\" _builder_version=\"4.16\u2033 global_colors_info=\"{}\" button_text_size__hover_enabled=\"off\" button_one_text_size__hover_enabled=\"off\" button_two_text_size__hover_enabled=\"off\" button_text_color__hover_enabled=\"off\" button_one_text_color__hover_enabled=\"off\" button_two_text_color__hover_enabled=\"off\" button_border_width__hover_enabled=\"off\" button_one_border_width__hover_enabled=\"off\" button_two_border_width__hover_enabled=\"off\" button_border_color__hover_enabled=\"off\" button_one_border_color__hover_enabled=\"off\" button_two_border_color__hover_enabled=\"off\" button_border_radius__hover_enabled=\"off\" button_one_border_radius__hover_enabled=\"off\" button_two_border_radius__hover_enabled=\"off\" button_letter_spacing__hover_enabled=\"off\" button_one_letter_spacing__hover_enabled=\"off\" button_two_letter_spacing__hover_enabled=\"off\" button_bg_color__hover_enabled=\"off\" button_one_bg_color__hover_enabled=\"off\" button_two_bg_color__hover_enabled=\"off\"][\/et_pb_contact_field][et_pb_contact_field field_id=\"Mensaje\" field_title=\"Por favor, facil\u00edtenos una breve descripci\u00f3n profesional\" field_type=\"text\" fullwidth_field=\"on\" _builder_version=\"4.27.27.4\u2033 global_colors_info=\"{}\" button_text_size__hover_enabled=\"off\" button_one_text_size__hover_enabled=\"off\" button_two_text_size__hover_enabled=\"off\" button_text_color__hover_enabled=\"off\" button_one_text_color__hover_enabled=\"off\" button_two_text_color__hover_enabled=\"off\" button_border_width__hover_enabled=\"off\" button_one_border_width__hover_enabled=\"off\" button_two_border_width__hover_enabled=\"off\" button_border_color__hover_enabled=\"off\" button_one_border_color__hover_enabled=\"off\" button_two_border_color__hover_enabled=\"off\" button_border_radius__hover_enabled=\"off\" button_one_border_radius__hover_enabled=\"off\" button_two_border_radius__hover_enabled=\"off\" button_letter_spacing__hover_enabled=\"off\" button_one_letter_spacing__hover_enabled=\"off\" button_two_letter_spacing__hover_enabled=\"off\" button_bg_color__hover_enabled=\"off\" button_one_bg_color__hover_enabled=\"off\" button_two_bg_color__hover_enabled=\"off\"][\/et_pb_contact_field][\/et_pb_contact_form][\/et_pb_column][\/et_pb_row][\/et_pb_section][et_pb_section fb_built=\"1\u2033 _builder_version=\"4.27.3\u2033 _module_preset=\"default\" global_colors_info=\"{}\"][et_pb_row _builder_version=\"4.27.3\u2033 _module_preset=\"default\" global_colors_info=\"{}\"][et_pb_column type=\"4_4\u2033 _builder_version=\"4.27.3\u2033 _module_preset=\"default\" global_colors_info=\"{}\"][et_pb_image src=\"https:\/\/mcs.ed.cr\/wp-content\/uploads\/2024\/10\/acreditaciones-y-mep_Mesa-de-trabajo-1_Mesa-de-trabajo-1_Mesa-de-trabajo-1-scaled.jpg\" _builder_version=\"4.27.3\u2033 _module_preset=\"default\" global_colors_info=\"{}\"][\/et_pb_image][\/et_pb_column][\/et_pb_row][\/et_pb_section]<\/p>","protected":false},"excerpt":{"rendered":"<p>Trabajar en MCSAEn Monterrey Christian School, nos dedicamos a proporcionar una experiencia educativa excepcional que va m\u00e1s all\u00e1 de lo acad\u00e9mico. Nuestra misi\u00f3n es formar l\u00edderes fuertes con convicciones inquebrantables y [...]<\/p>","protected":false},"author":1,"featured_media":0,"parent":0,"menu_order":0,"comment_status":"closed","ping_status":"closed","template":"","meta":{"_et_pb_use_builder":"on","_et_pb_old_content":"","_et_gb_content_width":"","footnotes":""},"difl_page_category":[],"class_list":["post-114282","page","type-page","status-publish","hentry"],"yoast_head":"<!-- This site is optimized with the Yoast SEO Premium plugin v26.5 (Yoast SEO v26.5) - https:\/\/yoast.com\/wordpress\/plugins\/seo\/ -->\n<title>Work at MCS - Monterrey Christian School<\/title>\n<meta name=\"robots\" content=\"index, follow, max-snippet:-1, max-image-preview:large, max-video-preview:-1\" \/>\n<link rel=\"canonical\" href=\"https:\/\/mcs.ed.cr\/es\/trabajar-en-mcs\/\" \/>\n<meta property=\"og:locale\" content=\"es_ES\" \/>\n<meta property=\"og:type\" content=\"article\" \/>\n<meta property=\"og:title\" content=\"Work at MCS - Monterrey Christian School\" \/>\n<meta property=\"og:description\" content=\"Work at MCSAt\u00a0Monterrey Christian School, we are dedicated to providing an exceptional educational experience that goes beyond academics. Our mission is to shape strong leaders with unwavering convictions and deep [&hellip;]\" \/>\n<meta property=\"og:url\" content=\"https:\/\/mcs.ed.cr\/es\/trabajar-en-mcs\/\" \/>\n<meta property=\"og:site_name\" content=\"Monterrey Christian School\" \/>\n<meta property=\"article:publisher\" content=\"https:\/\/www.facebook.com\/MonterreyChristianSchool\/\" \/>\n<meta property=\"article:modified_time\" content=\"2025-03-25T23:49:33+00:00\" \/>\n<meta property=\"og:image\" content=\"https:\/\/mcs.ed.cr\/wp-content\/uploads\/2025\/08\/Torneo-Robotica-MCS-9-scaled.jpg\" \/>\n\t<meta property=\"og:image:width\" content=\"2560\" \/>\n\t<meta property=\"og:image:height\" content=\"1440\" \/>\n\t<meta property=\"og:image:type\" content=\"image\/jpeg\" \/>\n<meta name=\"twitter:card\" content=\"summary_large_image\" \/>\n<meta name=\"twitter:label1\" content=\"Est. reading time\" \/>\n\t<meta name=\"twitter:data1\" content=\"3 minutos\" \/>\n<script type=\"application\/ld+json\" class=\"yoast-schema-graph\">{\"@context\":\"https:\/\/schema.org\",\"@graph\":[{\"@type\":\"WebPage\",\"@id\":\"https:\/\/mcs.ed.cr\/work-at-mcs\/\",\"url\":\"https:\/\/mcs.ed.cr\/work-at-mcs\/\",\"name\":\"Work at MCS - Monterrey Christian School\",\"isPartOf\":{\"@id\":\"https:\/\/mcs.ed.cr\/#website\"},\"datePublished\":\"2025-01-13T15:33:21+00:00\",\"dateModified\":\"2025-03-25T23:49:33+00:00\",\"inLanguage\":\"es-CR\",\"potentialAction\":[{\"@type\":\"ReadAction\",\"target\":[\"https:\/\/mcs.ed.cr\/work-at-mcs\/\"]}]},{\"@type\":\"WebSite\",\"@id\":\"https:\/\/mcs.ed.cr\/#website\",\"url\":\"https:\/\/mcs.ed.cr\/\",\"name\":\"Monterrey Christian School\",\"description\":\"Glorifyng God's Name Since 1956\",\"publisher\":{\"@id\":\"https:\/\/mcs.ed.cr\/#organization\"},\"potentialAction\":[{\"@type\":\"SearchAction\",\"target\":{\"@type\":\"EntryPoint\",\"urlTemplate\":\"https:\/\/mcs.ed.cr\/?s={search_term_string}\"},\"query-input\":{\"@type\":\"PropertyValueSpecification\",\"valueRequired\":true,\"valueName\":\"search_term_string\"}}],\"inLanguage\":\"es-CR\"},{\"@type\":\"Organization\",\"@id\":\"https:\/\/mcs.ed.cr\/#organization\",\"name\":\"Monterrey Christian School\",\"alternateName\":\"MCS\",\"url\":\"https:\/\/mcs.ed.cr\/\",\"logo\":{\"@type\":\"ImageObject\",\"inLanguage\":\"es-CR\",\"@id\":\"https:\/\/mcs.ed.cr\/#\/schema\/logo\/image\/\",\"url\":\"https:\/\/mcs.ed.cr\/wp-content\/uploads\/2023\/02\/MCS-turquesa.png\",\"contentUrl\":\"https:\/\/mcs.ed.cr\/wp-content\/uploads\/2023\/02\/MCS-turquesa.png\",\"width\":1359,\"height\":737,\"caption\":\"Monterrey Christian School\"},\"image\":{\"@id\":\"https:\/\/mcs.ed.cr\/#\/schema\/logo\/image\/\"},\"sameAs\":[\"https:\/\/www.facebook.com\/MonterreyChristianSchool\/\",\"https:\/\/www.instagram.com\/monterreychristianschool\/\"],\"email\":\"mparrales@monterrey.ed.cr\",\"telephone\":\"22240833\",\"legalName\":\"Asociaci\u00f3n Cultural Monterrey\",\"foundingDate\":\"1956-03-01\",\"numberOfEmployees\":{\"@type\":\"QuantitativeValue\",\"minValue\":\"51\",\"maxValue\":\"200\"}}]}<\/script>\n<!-- \/ Yoast SEO Premium plugin. -->","yoast_head_json":{"title":"Trabajar en MCS - Monterrey Christian School","robots":{"index":"index","follow":"follow","max-snippet":"max-snippet:-1","max-image-preview":"max-image-preview:large","max-video-preview":"max-video-preview:-1"},"canonical":"https:\/\/mcs.ed.cr\/es\/trabajar-en-mcs\/","og_locale":"es_ES","og_type":"article","og_title":"Work at MCS - Monterrey Christian School","og_description":"Work at MCSAt\u00a0Monterrey Christian School, we are dedicated to providing an exceptional educational experience that goes beyond academics. Our mission is to shape strong leaders with unwavering convictions and deep [&hellip;]","og_url":"https:\/\/mcs.ed.cr\/es\/trabajar-en-mcs\/","og_site_name":"Monterrey Christian School","article_publisher":"https:\/\/www.facebook.com\/MonterreyChristianSchool\/","article_modified_time":"2025-03-25T23:49:33+00:00","og_image":[{"width":2560,"height":1440,"url":"https:\/\/mcs.ed.cr\/wp-content\/uploads\/2025\/08\/Torneo-Robotica-MCS-9-scaled.jpg","type":"image\/jpeg"}],"twitter_card":"summary_large_image","twitter_misc":{"Est. reading time":"3 minutos"},"schema":{"@context":"https:\/\/schema.org","@graph":[{"@type":"WebPage","@id":"https:\/\/mcs.ed.cr\/work-at-mcs\/","url":"https:\/\/mcs.ed.cr\/work-at-mcs\/","name":"Trabajar en MCS - Monterrey Christian School","isPartOf":{"@id":"https:\/\/mcs.ed.cr\/#website"},"datePublished":"2025-01-13T15:33:21+00:00","dateModified":"2025-03-25T23:49:33+00:00","inLanguage":"es-CR","potentialAction":[{"@type":"ReadAction","target":["https:\/\/mcs.ed.cr\/work-at-mcs\/"]}]},{"@type":"WebSite","@id":"https:\/\/mcs.ed.cr\/#website","url":"https:\/\/mcs.ed.cr\/","name":"Monterrey Christian School","description":"Glorificando el nombre de Dios desde 1956","publisher":{"@id":"https:\/\/mcs.ed.cr\/#organization"},"potentialAction":[{"@type":"SearchAction","target":{"@type":"EntryPoint","urlTemplate":"https:\/\/mcs.ed.cr\/?s={search_term_string}"},"query-input":{"@type":"PropertyValueSpecification","valueRequired":true,"valueName":"search_term_string"}}],"inLanguage":"es-CR"},{"@type":"Organization","@id":"https:\/\/mcs.ed.cr\/#organization","name":"Monterrey Christian School","alternateName":"MCS","url":"https:\/\/mcs.ed.cr\/","logo":{"@type":"ImageObject","inLanguage":"es-CR","@id":"https:\/\/mcs.ed.cr\/#\/schema\/logo\/image\/","url":"https:\/\/mcs.ed.cr\/wp-content\/uploads\/2023\/02\/MCS-turquesa.png","contentUrl":"https:\/\/mcs.ed.cr\/wp-content\/uploads\/2023\/02\/MCS-turquesa.png","width":1359,"height":737,"caption":"Monterrey Christian School"},"image":{"@id":"https:\/\/mcs.ed.cr\/#\/schema\/logo\/image\/"},"sameAs":["https:\/\/www.facebook.com\/MonterreyChristianSchool\/","https:\/\/www.instagram.com\/monterreychristianschool\/"],"email":"mparrales@monterrey.ed.cr","telephone":"22240833","legalName":"Asociaci\u00f3n Cultural Monterrey","foundingDate":"1956-03-01","numberOfEmployees":{"@type":"QuantitativeValue","minValue":"51","maxValue":"200"}}]}},"_links":{"self":[{"href":"https:\/\/mcs.ed.cr\/es\/wp-json\/wp\/v2\/pages\/114282","targetHints":{"allow":["GET"]}}],"collection":[{"href":"https:\/\/mcs.ed.cr\/es\/wp-json\/wp\/v2\/pages"}],"about":[{"href":"https:\/\/mcs.ed.cr\/es\/wp-json\/wp\/v2\/types\/page"}],"author":[{"embeddable":true,"href":"https:\/\/mcs.ed.cr\/es\/wp-json\/wp\/v2\/users\/1"}],"replies":[{"embeddable":true,"href":"https:\/\/mcs.ed.cr\/es\/wp-json\/wp\/v2\/comments?post=114282"}],"version-history":[{"count":0,"href":"https:\/\/mcs.ed.cr\/es\/wp-json\/wp\/v2\/pages\/114282\/revisions"}],"wp:attachment":[{"href":"https:\/\/mcs.ed.cr\/es\/wp-json\/wp\/v2\/media?parent=114282"}],"wp:term":[{"taxonomy":"difl_page_category","embeddable":true,"href":"https:\/\/mcs.ed.cr\/es\/wp-json\/wp\/v2\/difl_page_category?post=114282"}],"curies":[{"name":"wp","href":"https:\/\/api.w.org\/{rel}","templated":true}]}}