{"id":114426,"date":"2025-01-27T16:05:52","date_gmt":"2025-01-27T16:05:52","guid":{"rendered":"https:\/\/mcs.ed.cr\/?page_id=114426"},"modified":"2026-03-02T20:29:36","modified_gmt":"2026-03-02T20:29:36","slug":"robotica","status":"publish","type":"page","link":"https:\/\/mcs.ed.cr\/es\/robotica\/","title":{"rendered":"VAPOR"},"content":{"rendered":"<p>[et_pb_section fb_built=&#8221;1&#8243; disabled_on=&#8221;off|off|off&#8221; _builder_version=&#8221;4.27.4&#8243; _module_preset=&#8221;default&#8221; custom_padding=&#8221;2px||0px|||&#8221; global_colors_info=&#8221;{}&#8221;][et_pb_row use_custom_gutter=&#8221;on&#8221; make_equal=&#8221;on&#8221; _builder_version=&#8221;4.27.3&#8243; _module_preset=&#8221;default&#8221; width=&#8221;100%&#8221; max_width=&#8221;100%&#8221; module_alignment=&#8221;center&#8221; custom_padding=&#8221;0px||0px|||&#8221; global_colors_info=&#8221;{}&#8221;][et_pb_column type=&#8221;4_4&#8243; _builder_version=&#8221;4.27.3&#8243; _module_preset=&#8221;default&#8221; global_colors_info=&#8221;{}&#8221;][et_pb_image src=&#8221;https:\/\/mcs.ed.cr\/wp-content\/uploads\/2025\/01\/banphy17.jpg&#8221; title_text=&#8221;banphy17&#8243; align=&#8221;center&#8221; force_fullwidth=&#8221;on&#8221; _builder_version=&#8221;4.27.4&#8243; _module_preset=&#8221;default&#8221; global_colors_info=&#8221;{}&#8221;][\/et_pb_image][et_pb_text disabled_on=&#8221;on|on|off&#8221; _builder_version=&#8221;4.27.4&#8243; _module_preset=&#8221;default&#8221; header_font=&#8221;Nexa Bold||||||||&#8221; header_text_color=&#8221;#FFFFFF&#8221; header_font_size=&#8221;53px&#8221; transform_scale=&#8221;86%|86%&#8221; transform_translate=&#8221;-91px|-148px&#8221; custom_margin=&#8221;-110px||-12px|13px|false|false&#8221; custom_padding=&#8221;||15px|||&#8221; global_colors_info=&#8221;{}&#8221;]<\/p>\n<h1><b>Rob\u00f3tica<\/b><\/h1>\n<p>[\/et_pb_text][\/et_pb_column][\/et_pb_row][\/et_pb_section][et_pb_section fb_built=&#8221;1&#8243; _builder_version=&#8221;4.27.3&#8243; _module_preset=&#8221;default&#8221; custom_padding=&#8221;18px||0px|||&#8221; global_colors_info=&#8221;{}&#8221;][et_pb_row _builder_version=&#8221;4.27.4&#8243; _module_preset=&#8221;default&#8221; width=&#8221;95%&#8221; max_width=&#8221;95%&#8221; custom_margin=&#8221;|auto|-6px|auto||&#8221; custom_padding=&#8221;||0px|||&#8221; global_colors_info=&#8221;{}&#8221;][et_pb_column type=&#8221;4_4&#8243; _builder_version=&#8221;4.27.3&#8243; _module_preset=&#8221;default&#8221; global_colors_info=&#8221;{}&#8221;][et_pb_text _builder_version=&#8221;4.27.4&#8243; _module_preset=&#8221;default&#8221; text_font=&#8221;&#8211;et_global_body_font||||||||&#8221; text_font_size=&#8221;15px&#8221; custom_margin=&#8221;-19px||||false|false&#8221; custom_padding=&#8221;||0px|||&#8221; hover_enabled=&#8221;0&#8243; global_colors_info=&#8221;{}&#8221; sticky_enabled=&#8221;0&#8243;]<\/p>\n<p style=\"text-align: justify;\">En <b data-path-to-node=\"4\" data-index-in-node=\"3\">Monterrey Christian School<\/b>, nuestro programa STEAM es m\u00e1s que una asignatura; es un marco educativo integral. Vamos m\u00e1s all\u00e1 de los \u201csilos\u201d para integrar la ciencia, la tecnolog\u00eda, la ingenier\u00eda, las artes y las matem\u00e1ticas en un todo coherente., <b data-path-to-node=\"4\" data-index-in-node=\"227\">experiencia de aprendizaje interdisciplinario<\/b>.<\/p>\n<p>[\/et_pb_text][\/et_pb_column][\/et_pb_row][et_pb_row column_structure=&#8221;3_4,1_4&#8243; _builder_version=&#8221;4.27.4&#8243; _module_preset=&#8221;default&#8221; width=&#8221;95%&#8221; max_width=&#8221;95%&#8221; custom_margin=&#8221;|auto|-6px|auto||&#8221; custom_padding=&#8221;||0px|||&#8221; global_colors_info=&#8221;{}&#8221;][et_pb_column type=&#8221;3_4&#8243; _builder_version=&#8221;4.27.3&#8243; _module_preset=&#8221;default&#8221; global_colors_info=&#8221;{}&#8221;][et_pb_text _builder_version=&#8221;4.27.4&#8243; _module_preset=&#8221;default&#8221; global_colors_info=&#8221;{}&#8221;]<\/p>\n<p>&nbsp;<\/p>\n<h3>Un enfoque moderno del aprendizaje<\/h3>\n<p data-path-to-node=\"6\">Nuestro plan de estudios se basa en la investigaci\u00f3n contempor\u00e1nea, transformando el aula en un espacio para <b data-path-to-node=\"6\" data-index-in-node=\"95\">exploraci\u00f3n y resoluci\u00f3n de problemas<\/b>.<\/p>\n<p data-path-to-node=\"6\">\n<ul data-path-to-node=\"7\">\n<li>\n<p data-path-to-node=\"7,0,0\"><b data-path-to-node=\"7,0,0\" data-index-in-node=\"0\">Aprendizaje basado en proyectos:<\/b> Los estudiantes aplican sus conocimientos en contextos aut\u00e9nticos y reales.<\/p>\n<\/li>\n<li>\n<p data-path-to-node=\"7,1,0\"><b data-path-to-node=\"7,1,0\" data-index-in-node=\"0\">Investigaci\u00f3n activa:<\/b> Desafiamos a los estudiantes a dise\u00f1ar, probar, crear y reflexionar.<\/p>\n<\/li>\n<li>\n<p data-path-to-node=\"7,2,0\"><b data-path-to-node=\"7,2,0\" data-index-in-node=\"0\">Crecimiento equilibrado:<\/b> Fomentamos entornos en los que <b data-path-to-node=\"7,2,0\" data-index-in-node=\"46\">creatividad y razonamiento anal\u00edtico<\/b> coexisten perfectamente.<\/p>\n<\/li>\n<\/ul>\n<ul><\/ul>\n<p>[\/et_pb_text][et_pb_text _builder_version=&#8221;4.27.4&#8243; _module_preset=&#8221;default&#8221; hover_enabled=&#8221;0&#8243; global_colors_info=&#8221;{}&#8221; sticky_enabled=&#8221;0&#8243;]<\/p>\n<h3>M\u00e1s all\u00e1 de la pantalla: innovaci\u00f3n con prop\u00f3sito<\/h3>\n<p data-path-to-node=\"10\">No solo ense\u00f1amos a los estudiantes a utilizar la tecnolog\u00eda, sino que les ense\u00f1amos a <b data-path-to-node=\"10\" data-index-in-node=\"73\">innovar con \u00e9l<\/b>. Al integrar el <b data-path-to-node=\"10\" data-index-in-node=\"110\">Artes<\/b>, reforzamos:<\/p>\n<ul data-path-to-node=\"11\">\n<li>\n<p data-path-to-node=\"11,0,0\"><b data-path-to-node=\"11,0,0\" data-index-in-node=\"0\">Pensamiento de dise\u00f1o:<\/b> Conectando la tecnolog\u00eda con la est\u00e9tica.<\/p>\n<\/li>\n<li>\n<p data-path-to-node=\"11,1,0\"><b data-path-to-node=\"11,1,0\" data-index-in-node=\"0\">Comunicaci\u00f3n:<\/b> Desarrollar la capacidad de compartir ideas complejas de manera eficaz.<\/p>\n<\/li>\n<li>\n<p data-path-to-node=\"11,2,0\"><b data-path-to-node=\"11,2,0\" data-index-in-node=\"0\">Reflexi\u00f3n \u00e9tica:<\/b> Garantizar que la innovaci\u00f3n siempre sirva a un prop\u00f3sito humano.<\/p>\n<\/li>\n<\/ul>\n<blockquote data-path-to-node=\"12\">\n<p data-path-to-node=\"12,0\"><b data-path-to-node=\"12,0\" data-index-in-node=\"0\">Nuestro objetivo:<\/b> Formar pensadores y creadores, no solo usuarios de tecnolog\u00eda.<\/p>\n<\/blockquote>\n<h3 data-path-to-node=\"14\">Alianzas globales e infraestructura avanzada<\/h3>\n<p data-path-to-node=\"15\">Para ofrecer una experiencia de primer nivel, hemos ampliado nuestro alcance mediante colaboraciones estrat\u00e9gicas e instalaciones de alta tecnolog\u00eda:<\/p>\n<ul data-path-to-node=\"16\">\n<li>\n<p data-path-to-node=\"16,0,0\"><b data-path-to-node=\"16,0,0\" data-index-in-node=\"0\">Alianzas estrat\u00e9gicas:<\/b> Colaboraciones con <b data-path-to-node=\"16,0,0\" data-index-in-node=\"39\">Technokids y Luva<\/b> proporcionar conocimientos especializados y acceso a concursos nacionales e internacionales de rob\u00f3tica y programaci\u00f3n.<\/p>\n<\/li>\n<li>\n<p data-path-to-node=\"16,1,0\"><b data-path-to-node=\"16,1,0\" data-index-in-node=\"0\">Laboratorios STEAM:<\/b> Nuestros laboratorios son centros de innovaci\u00f3n totalmente equipados que cuentan con:<\/p>\n<ul data-path-to-node=\"16,1,1\">\n<li>\n<p data-path-to-node=\"16,1,1,0,0\">Impresoras 3D y cortadoras l\u00e1ser.<\/p>\n<\/li>\n<li>\n<p data-path-to-node=\"16,1,1,1,0\">Sistemas de ingenier\u00eda de cart\u00f3n y madera.<\/p>\n<\/li>\n<li>\n<p data-path-to-node=\"16,1,1,2,0\">Herramientas avanzadas de fabricaci\u00f3n y creaci\u00f3n de prototipos.<\/p>\n<\/li>\n<\/ul>\n<\/li>\n<\/ul>\n<p>[\/et_pb_text][et_pb_text _builder_version=&#8221;4.27.4&#8243; _module_preset=&#8221;default&#8221; hover_enabled=&#8221;0&#8243; global_colors_info=&#8221;{}&#8221; sticky_enabled=&#8221;0&#8243;]<\/p>\n<h3><b>El enfoque STEAM de Monterrey Christian School<\/b><\/h3>\n<h3 data-path-to-node=\"17\">Desarrollar habilidades preparadas para el futuro<\/h3>\n<p data-path-to-node=\"18\">En nuestros laboratorios STEAM, los estudiantes pasan de la teor\u00eda a la pr\u00e1ctica. <b data-path-to-node=\"18\" data-index-in-node=\"48\">creaci\u00f3n tangible<\/b>. Este proceso desarrolla la fluidez t\u00e9cnica, la resiliencia y una mentalidad orientada a la experimentaci\u00f3n, habilidades que definir\u00e1n su \u00e9xito acad\u00e9mico y profesional.<\/p>\n<p><b>Valores cristianos:<\/b><span style=\"font-weight: 400;\"> Basados en la fe, hacemos hincapi\u00e9 en el uso de la tecnolog\u00eda para servir a los dem\u00e1s y glorificar a Dios.<\/span><\/p>\n<p>[\/et_pb_text][\/et_pb_column][et_pb_column type=&#8221;1_4&#8243; _builder_version=&#8221;4.27.3&#8243; _module_preset=&#8221;default&#8221; global_colors_info=&#8221;{}&#8221;][et_pb_image src=&#8221;https:\/\/mcs.ed.cr\/wp-content\/uploads\/2025\/01\/Robots.png&#8221; title_text=&#8221;Robots&#8221; _builder_version=&#8221;4.27.4&#8243; _module_preset=&#8221;default&#8221; global_colors_info=&#8221;{}&#8221;][\/et_pb_image][\/et_pb_column][\/et_pb_row][\/et_pb_section][et_pb_section fb_built=&#8221;1&#8243; _builder_version=&#8221;4.27.3&#8243; _module_preset=&#8221;default&#8221; background_image=&#8221;https:\/\/mcs.ed.cr\/wp-content\/uploads\/2024\/12\/note-bk.png&#8221; min_height=&#8221;1046.3px&#8221; custom_padding=&#8221;24px|||||&#8221; global_colors_info=&#8221;{}&#8221;][et_pb_row _builder_version=&#8221;4.27.3&#8243; _module_preset=&#8221;default&#8221; min_height=&#8221;53.8px&#8221; custom_padding=&#8221;||0px|||&#8221; global_colors_info=&#8221;{}&#8221;][et_pb_column type=&#8221;4_4&#8243; _builder_version=&#8221;4.27.3&#8243; _module_preset=&#8221;default&#8221; global_colors_info=&#8221;{}&#8221;][et_pb_divider _builder_version=&#8221;4.27.3&#8243; _module_preset=&#8221;default&#8221; global_colors_info=&#8221;{}&#8221;][\/et_pb_divider][\/et_pb_column][\/et_pb_row][et_pb_row _builder_version=&#8221;4.27.3&#8243; _module_preset=&#8221;default&#8221; custom_padding=&#8221;||23px|||&#8221; global_colors_info=&#8221;{}&#8221;][et_pb_column type=&#8221;4_4&#8243; _builder_version=&#8221;4.27.3&#8243; _module_preset=&#8221;default&#8221; global_colors_info=&#8221;{}&#8221;][et_pb_text _builder_version=&#8221;4.27.3&#8243; _module_preset=&#8221;default&#8221; header_font=&#8221;Nexa Bold||||||||&#8221; header_font_size=&#8221;46px&#8221; global_colors_info=&#8221;{}&#8221;]<\/p>\n<h1><b>\u00a0Proceso de admisi\u00f3n e informaci\u00f3n  financiera<\/b><\/h1>\n<p>[\/et_pb_text][\/et_pb_column][\/et_pb_row][et_pb_row column_structure=\"1_2,1_2\u2033 _builder_version=\"4.27.3\u2033 _module_preset=\"default\" global_colors_info=\"{}\"][et_pb_column type=\"1_2\u2033 _builder_version=\"4.27.3\u2033 _module_preset=\"default\" global_colors_info=\"{}\"][et_pb_text _builder_version=\"4.27.3\u2033 _module_preset=\"default\" global_colors_info=\"{}\"]<\/p>\n<p><b>Requisitos de admisi\u00f3n<\/b><b><br \/><\/b><span style=\"font-weight: 400;\">Nuestro proceso de admisi\u00f3n est\u00e1 dise\u00f1ado para acoger a familias que comparten nuestros valores. Los futuros estudiantes se someten a una evaluaci\u00f3n y una entrevista para garantizar que MCS es la opci\u00f3n adecuada.<\/span><\/p>\n<p><b>Matr\u00edcula y ayudas econ\u00f3micas<\/b><b><br \/><\/b><span style=\"font-weight: 400;\">MCS ofrece tasas de matr\u00edcula competitivas con opciones de ayuda financiera disponibles para apoyar a las familias.<\/span><\/p>\n<p><span style=\"font-weight: 400;\"><\/span><\/p>\n<p><b>\u00danase a la comunidad MCS<\/b><b><br \/><\/b><span style=\"font-weight: 400;\">Experimente la educaci\u00f3n transformadora del Colegio Cristiano Monterrey. Programe una visita, asista a una jornada de puertas abiertas, o p\u00f3ngase en contacto con nuestro equipo de admisiones para obtener m\u00e1s informaci\u00f3n sobre la inscripci\u00f3n de su hijo en una comunidad comprometida con la fe, la excelencia y el liderazgo.<\/span><\/p>\n<ul>\n<li style=\"font-weight: 400;\" aria-level=\"1\"><b>Tel\u00e9fono:<\/b><span style=\"font-weight: 400;\"> (506) 2224-0833<\/span><\/li>\n<li style=\"font-weight: 400;\" aria-level=\"1\"><b>Correo electr\u00f3nico:<\/b><span style=\"font-weight: 400;\"> admissions@mcs.ed.cr<\/span><\/li>\n<li style=\"font-weight: 400;\" aria-level=\"1\"><b>P\u00e1gina web:<\/b><span style=\"font-weight: 400;\"> mcs.ed.cr\u00a0<\/span><\/li>\n<\/ul>\n<p><b>Monterrey Christian School-Educando para la eternidad, inspirando a los estudiantes a glorificar a Dios, y formando hoy a los l\u00edderes del ma\u00f1ana.<\/b><\/p>\n<p>[\/et_pb_text][\/et_pb_column][et_pb_column type=\"1_2\u2033 _builder_version=\"4.27.3\u2033 _module_preset=\"default\" global_colors_info=\"{}\"][et_pb_contact_form email=\"admissions@monterrey.ed.cr\" title=\"Mensaje\" success_message=\"Agradecemos enormemente su inter\u00e9s; uno de nuestros asesores se pondr\u00e1 en contacto con usted lo antes posible.\" submit_button_text=\"Enviar\" _builder_version=\"4.27.4\u2033 _module_preset=\"default\" form_field_background_color=\"#F5F0EB\" form_field_text_color=\"#000000\u2033 form_field_font=\"|600|||||||\" form_field_line_height=\"1.8em\" custom_button=\"on\" button_text_size=\"16px\" button_text_color=\"#000000\u2033 button_bg_color=\"#F5C966\u2033 button_border_width=\"0px\" button_border_radius=\"0px\" button_font=\"Roboto|700|||||||\" button_custom_padding=\"15px|30px|15px|30px|true|true\" global_colors_info=\"{}\"][et_pb_contact_field field_id=\"Nombre\" field_title=\"Nombre\" _builder_version=\"4.16\u2033 global_colors_info=\"{}\" button_text_size__hover_enabled=\"off\" button_one_text_size__hover_enabled=\"off\" button_two_text_size__hover_enabled=\"off\" button_text_color__hover_enabled=\"off\" button_one_text_color__hover_enabled=\"off\" button_two_text_color__hover_enabled=\"off\" button_border_width__hover_enabled=\"off\" button_one_border_width__hover_enabled=\"off\" button_two_border_width__hover_enabled=\"off\" button_border_color__hover_enabled=\"off\" button_one_border_color__hover_enabled=\"off\" button_two_border_color__hover_enabled=\"off\" button_border_radius__hover_enabled=\"off\" button_one_border_radius__hover_enabled=\"off\" button_two_border_radius__hover_enabled=\"off\" button_letter_spacing__hover_enabled=\"off\" button_one_letter_spacing__hover_enabled=\"off\" button_two_letter_spacing__hover_enabled=\"off\" button_bg_color__hover_enabled=\"off\" button_one_bg_color__hover_enabled=\"off\" button_two_bg_color__hover_enabled=\"off\"][\/et_pb_contact_field][et_pb_contact_field field_id=\"Correo electr\u00f3nico\" field_title=\"Direcci\u00f3n de correo electr\u00f3nico\" field_type=\"correo electr\u00f3nico\" _builder_version=\"4.20.20.2\u2033 global_colors_info=\"{}\" button_text_size__hover_enabled=\"off\" button_one_text_size__hover_enabled=\"off\" button_two_text_size__hover_enabled=\"off\" button_text_color__hover_enabled=\"off\" button_one_text_color__hover_enabled=\"off\" button_two_text_color__hover_enabled=\"off\" button_border_width__hover_enabled=\"off\" button_one_border_width__hover_enabled=\"off\" button_two_border_width__hover_enabled=\"off\" button_border_color__hover_enabled=\"off\" button_one_border_color__hover_enabled=\"off\" button_two_border_color__hover_enabled=\"off\" button_border_radius__hover_enabled=\"off\" button_one_border_radius__hover_enabled=\"off\" button_two_border_radius__hover_enabled=\"off\" button_letter_spacing__hover_enabled=\"off\" button_one_letter_spacing__hover_enabled=\"off\" button_two_letter_spacing__hover_enabled=\"off\" button_bg_color__hover_enabled=\"off\" button_one_bg_color__hover_enabled=\"off\" button_two_bg_color__hover_enabled=\"off\"][\/et_pb_contact_field][et_pb_contact_field field_id=\"Mensaje\" field_title=\"Mensaje\" field_type=\"text\" fullwidth_field=\"on\" _builder_version=\"4.16\u2033 global_colors_info=\"{}\" button_text_size__hover_enabled=\"off\" button_one_text_size__hover_enabled=\"off\" button_two_text_size__hover_enabled=\"off\" button_text_color__hover_enabled=\"off\" button_one_text_color__hover_enabled=\"off\" button_two_text_color__hover_enabled=\"desactivado\" button_border_width__hover_enabled=\"desactivado\" button_one_border_width__hover_enabled=\"desactivado\" button_two_border_width__hover_enabled=\"desactivado\" button_border_color__hover_enabled=\"desactivado\" button_one_border_color__hover_enabled=\"desactivado\" button_two_border_color__hover_enabled=\"off\" button_border_radius__hover_enabled=\"off\" button_one_border_radius__hover_enabled=\"off\" button_two_border_radius__hover_enabled=\"off\" button_letter_spacing__hover_enabled=\"off\" button_one_letter_spacing__hover_enabled=\"off\" button_two_letter_spacing__hover_enabled=\"off\" button_bg_color__hover_enabled=\"off\" button_one_bg_color__hover_enabled=\"off\" button_two_bg_color__hover_enabled=\"off\"][\/et_pb_contact_field][\/et_pb_contact_form][et_pb_code _builder_version=\"4.20.0\u2033 _module_preset=\"default\" global_colors_info=\"{}\"]<iframe src=\"https:\/\/www.google.com\/maps\/embed?pb=!1m18!1m12!1m3!1d3817.3648960690293!2d-84.04287938553338!3d9.93883889289315!2m3!1f0!2f0!3f0!3m2!1i1024!2i768!4f13.1!3m3!1m2!1s0x8fa0e47578729da9%3A0x25e6b6eab2f9cf7!2sMonterrey%20Christian%20School%20(MCS)!5e1!3m2!1sen!2scr!4v1676652926729!5m2!1sen!2scr\" width=\"600\" height=\"450\" style=\"border:0;\" allowfullscreen=\"\" loading=\"lazy\" referrerpolicy=\"no-referrer-when-downgrade\"><\/iframe>[\/et_pb_code][\/et_pb_column][\/et_pb_row][\/et_pb_section][et_pb_section fb_built=&#8221;1&#8243; _builder_version=&#8221;4.27.3&#8243; _module_preset=&#8221;default&#8221; global_colors_info=&#8221;{}&#8221;][et_pb_row _builder_version=&#8221;4.27.3&#8243; _module_preset=&#8221;default&#8221; global_colors_info=&#8221;{}&#8221;][et_pb_column type=&#8221;4_4&#8243; _builder_version=&#8221;4.27.3&#8243; _module_preset=&#8221;default&#8221; global_colors_info=&#8221;{}&#8221;][et_pb_image src=&#8221;https:\/\/mcs.ed.cr\/wp-content\/uploads\/2025\/01\/accreditations.jpg&#8221; _builder_version=&#8221;4.27.4&#8243; _module_preset=&#8221;default&#8221; global_colors_info=&#8221;{}&#8221;][\/et_pb_image][\/et_pb_column][\/et_pb_row][\/et_pb_section]<\/p>","protected":false},"excerpt":{"rendered":"<p>RoboticsAt Monterrey Christian School, our STEAM program is more than a subject; it is a comprehensive educational framework. We move beyond &#8220;silos&#8221; to integrate Science, Technology, Engineering, Arts, and Mathematics [&hellip;]<\/p>","protected":false},"author":1,"featured_media":0,"parent":0,"menu_order":0,"comment_status":"closed","ping_status":"closed","template":"","meta":{"_et_pb_use_builder":"on","_et_pb_old_content":"","_et_gb_content_width":"","footnotes":""},"difl_page_category":[],"class_list":["post-114426","page","type-page","status-publish","hentry"],"yoast_head":"<!-- This site is optimized with the Yoast SEO Premium plugin v26.5 (Yoast SEO v26.5) - https:\/\/yoast.com\/wordpress\/plugins\/seo\/ -->\n<title>STEAM - Monterrey Christian School<\/title>\n<meta name=\"robots\" content=\"index, follow, max-snippet:-1, max-image-preview:large, max-video-preview:-1\" \/>\n<link rel=\"canonical\" href=\"https:\/\/mcs.ed.cr\/es\/robotica\/\" \/>\n<meta property=\"og:locale\" content=\"es_ES\" \/>\n<meta property=\"og:type\" content=\"article\" \/>\n<meta property=\"og:title\" content=\"STEAM - Monterrey Christian School\" \/>\n<meta property=\"og:description\" content=\"RoboticsAt Monterrey Christian School, our STEAM program is more than a subject; it is a comprehensive educational framework. We move beyond &quot;silos&quot; to integrate Science, Technology, Engineering, Arts, and Mathematics [&hellip;]\" \/>\n<meta property=\"og:url\" content=\"https:\/\/mcs.ed.cr\/es\/robotica\/\" \/>\n<meta property=\"og:site_name\" content=\"Monterrey Christian School\" \/>\n<meta property=\"article:publisher\" content=\"https:\/\/www.facebook.com\/MonterreyChristianSchool\/\" \/>\n<meta property=\"article:modified_time\" content=\"2026-03-02T20:29:36+00:00\" \/>\n<meta property=\"og:image\" content=\"https:\/\/mcs.ed.cr\/wp-content\/uploads\/2025\/08\/Torneo-Robotica-MCS-9-scaled.jpg\" \/>\n\t<meta property=\"og:image:width\" content=\"2560\" \/>\n\t<meta property=\"og:image:height\" content=\"1440\" \/>\n\t<meta property=\"og:image:type\" content=\"image\/jpeg\" \/>\n<meta name=\"twitter:card\" content=\"summary_large_image\" \/>\n<meta name=\"twitter:label1\" content=\"Est. reading time\" \/>\n\t<meta name=\"twitter:data1\" content=\"4 minutos\" \/>\n<script type=\"application\/ld+json\" class=\"yoast-schema-graph\">{\"@context\":\"https:\/\/schema.org\",\"@graph\":[{\"@type\":\"WebPage\",\"@id\":\"https:\/\/mcs.ed.cr\/robotics\/\",\"url\":\"https:\/\/mcs.ed.cr\/robotics\/\",\"name\":\"STEAM - Monterrey Christian School\",\"isPartOf\":{\"@id\":\"https:\/\/mcs.ed.cr\/#website\"},\"datePublished\":\"2025-01-27T16:05:52+00:00\",\"dateModified\":\"2026-03-02T20:29:36+00:00\",\"inLanguage\":\"es-CR\",\"potentialAction\":[{\"@type\":\"ReadAction\",\"target\":[\"https:\/\/mcs.ed.cr\/robotics\/\"]}]},{\"@type\":\"WebSite\",\"@id\":\"https:\/\/mcs.ed.cr\/#website\",\"url\":\"https:\/\/mcs.ed.cr\/\",\"name\":\"Monterrey Christian School\",\"description\":\"Glorifyng God's Name Since 1956\",\"publisher\":{\"@id\":\"https:\/\/mcs.ed.cr\/#organization\"},\"potentialAction\":[{\"@type\":\"SearchAction\",\"target\":{\"@type\":\"EntryPoint\",\"urlTemplate\":\"https:\/\/mcs.ed.cr\/?s={search_term_string}\"},\"query-input\":{\"@type\":\"PropertyValueSpecification\",\"valueRequired\":true,\"valueName\":\"search_term_string\"}}],\"inLanguage\":\"es-CR\"},{\"@type\":\"Organization\",\"@id\":\"https:\/\/mcs.ed.cr\/#organization\",\"name\":\"Monterrey Christian School\",\"alternateName\":\"MCS\",\"url\":\"https:\/\/mcs.ed.cr\/\",\"logo\":{\"@type\":\"ImageObject\",\"inLanguage\":\"es-CR\",\"@id\":\"https:\/\/mcs.ed.cr\/#\/schema\/logo\/image\/\",\"url\":\"https:\/\/mcs.ed.cr\/wp-content\/uploads\/2023\/02\/MCS-turquesa.png\",\"contentUrl\":\"https:\/\/mcs.ed.cr\/wp-content\/uploads\/2023\/02\/MCS-turquesa.png\",\"width\":1359,\"height\":737,\"caption\":\"Monterrey Christian School\"},\"image\":{\"@id\":\"https:\/\/mcs.ed.cr\/#\/schema\/logo\/image\/\"},\"sameAs\":[\"https:\/\/www.facebook.com\/MonterreyChristianSchool\/\",\"https:\/\/www.instagram.com\/monterreychristianschool\/\"],\"email\":\"mparrales@monterrey.ed.cr\",\"telephone\":\"22240833\",\"legalName\":\"Asociaci\u00f3n Cultural Monterrey\",\"foundingDate\":\"1956-03-01\",\"numberOfEmployees\":{\"@type\":\"QuantitativeValue\",\"minValue\":\"51\",\"maxValue\":\"200\"}}]}<\/script>\n<!-- \/ Yoast SEO Premium plugin. -->","yoast_head_json":{"title":"STEAM - Monterrey Christian School","robots":{"index":"index","follow":"follow","max-snippet":"max-snippet:-1","max-image-preview":"max-image-preview:large","max-video-preview":"max-video-preview:-1"},"canonical":"https:\/\/mcs.ed.cr\/es\/robotica\/","og_locale":"es_ES","og_type":"article","og_title":"STEAM - Monterrey Christian School","og_description":"RoboticsAt Monterrey Christian School, our STEAM program is more than a subject; it is a comprehensive educational framework. We move beyond \"silos\" to integrate Science, Technology, Engineering, Arts, and Mathematics [&hellip;]","og_url":"https:\/\/mcs.ed.cr\/es\/robotica\/","og_site_name":"Monterrey Christian School","article_publisher":"https:\/\/www.facebook.com\/MonterreyChristianSchool\/","article_modified_time":"2026-03-02T20:29:36+00:00","og_image":[{"width":2560,"height":1440,"url":"https:\/\/mcs.ed.cr\/wp-content\/uploads\/2025\/08\/Torneo-Robotica-MCS-9-scaled.jpg","type":"image\/jpeg"}],"twitter_card":"summary_large_image","twitter_misc":{"Est. reading time":"4 minutos"},"schema":{"@context":"https:\/\/schema.org","@graph":[{"@type":"WebPage","@id":"https:\/\/mcs.ed.cr\/robotics\/","url":"https:\/\/mcs.ed.cr\/robotics\/","name":"STEAM - Monterrey Christian School","isPartOf":{"@id":"https:\/\/mcs.ed.cr\/#website"},"datePublished":"2025-01-27T16:05:52+00:00","dateModified":"2026-03-02T20:29:36+00:00","inLanguage":"es-CR","potentialAction":[{"@type":"ReadAction","target":["https:\/\/mcs.ed.cr\/robotics\/"]}]},{"@type":"WebSite","@id":"https:\/\/mcs.ed.cr\/#website","url":"https:\/\/mcs.ed.cr\/","name":"Monterrey Christian School","description":"Glorificando el nombre de Dios desde 1956","publisher":{"@id":"https:\/\/mcs.ed.cr\/#organization"},"potentialAction":[{"@type":"SearchAction","target":{"@type":"EntryPoint","urlTemplate":"https:\/\/mcs.ed.cr\/?s={search_term_string}"},"query-input":{"@type":"PropertyValueSpecification","valueRequired":true,"valueName":"search_term_string"}}],"inLanguage":"es-CR"},{"@type":"Organization","@id":"https:\/\/mcs.ed.cr\/#organization","name":"Monterrey Christian School","alternateName":"MCS","url":"https:\/\/mcs.ed.cr\/","logo":{"@type":"ImageObject","inLanguage":"es-CR","@id":"https:\/\/mcs.ed.cr\/#\/schema\/logo\/image\/","url":"https:\/\/mcs.ed.cr\/wp-content\/uploads\/2023\/02\/MCS-turquesa.png","contentUrl":"https:\/\/mcs.ed.cr\/wp-content\/uploads\/2023\/02\/MCS-turquesa.png","width":1359,"height":737,"caption":"Monterrey Christian School"},"image":{"@id":"https:\/\/mcs.ed.cr\/#\/schema\/logo\/image\/"},"sameAs":["https:\/\/www.facebook.com\/MonterreyChristianSchool\/","https:\/\/www.instagram.com\/monterreychristianschool\/"],"email":"mparrales@monterrey.ed.cr","telephone":"22240833","legalName":"Asociaci\u00f3n Cultural Monterrey","foundingDate":"1956-03-01","numberOfEmployees":{"@type":"QuantitativeValue","minValue":"51","maxValue":"200"}}]}},"_links":{"self":[{"href":"https:\/\/mcs.ed.cr\/es\/wp-json\/wp\/v2\/pages\/114426","targetHints":{"allow":["GET"]}}],"collection":[{"href":"https:\/\/mcs.ed.cr\/es\/wp-json\/wp\/v2\/pages"}],"about":[{"href":"https:\/\/mcs.ed.cr\/es\/wp-json\/wp\/v2\/types\/page"}],"author":[{"embeddable":true,"href":"https:\/\/mcs.ed.cr\/es\/wp-json\/wp\/v2\/users\/1"}],"replies":[{"embeddable":true,"href":"https:\/\/mcs.ed.cr\/es\/wp-json\/wp\/v2\/comments?post=114426"}],"version-history":[{"count":0,"href":"https:\/\/mcs.ed.cr\/es\/wp-json\/wp\/v2\/pages\/114426\/revisions"}],"wp:attachment":[{"href":"https:\/\/mcs.ed.cr\/es\/wp-json\/wp\/v2\/media?parent=114426"}],"wp:term":[{"taxonomy":"difl_page_category","embeddable":true,"href":"https:\/\/mcs.ed.cr\/es\/wp-json\/wp\/v2\/difl_page_category?post=114426"}],"curies":[{"name":"wp","href":"https:\/\/api.w.org\/{rel}","templated":true}]}}