{"id":258197,"date":"2025-08-04T14:34:21","date_gmt":"2025-08-04T14:34:21","guid":{"rendered":"https:\/\/mcs.ed.cr\/?page_id=258197"},"modified":"2025-08-04T14:43:06","modified_gmt":"2025-08-04T14:43:06","slug":"preguntas-admisiones","status":"publish","type":"page","link":"https:\/\/mcs.ed.cr\/es\/preguntas-admisiones\/","title":{"rendered":"Preguntas-admisiones"},"content":{"rendered":"<p>[et_pb_section fb_built=&#8221;1&#8243; _builder_version=&#8221;4.27.4&#8243; _module_preset=&#8221;default&#8221; global_colors_info=&#8221;{}&#8221;][et_pb_row column_structure=&#8221;1_2,1_2&#8243; _builder_version=&#8221;4.27.4&#8243; _module_preset=&#8221;default&#8221; global_colors_info=&#8221;{}&#8221;][et_pb_column type=&#8221;1_2&#8243; _builder_version=&#8221;4.27.4&#8243; _module_preset=&#8221;default&#8221; global_colors_info=&#8221;{}&#8221;][et_pb_text _builder_version=&#8221;4.27.4&#8243; _module_preset=&#8221;default&#8221; global_colors_info=&#8221;{}&#8221;]<\/p>\n<h3><span style=\"font-weight: 400;\">Nombre de la persona encargada de admisiones?<\/span><span style=\"font-weight: 400;\"><\/span><\/h3>\n<p><span style=\"font-weight: 400;\"> Kattia Figueroa<\/span><\/p>\n<p><span style=\"font-weight: 400;\"><\/span><\/p>\n<h3><span style=\"font-weight: 400;\">Descuentos de matr\u00edcula<\/span><span style=\"font-weight: 400;\"><\/span><\/h3>\n<ul>\n<li style=\"font-weight: 400;\" aria-level=\"1\"><span style=\"font-weight: 400;\">Anualidad: Tasa b\u00e1sica pasiva + 1%<\/span><\/li>\n<li style=\"font-weight: 400;\" aria-level=\"1\"><span style=\"font-weight: 400;\">Descuento al segundo y tercer hermano<\/span><\/li>\n<li style=\"font-weight: 400;\" aria-level=\"1\"><span style=\"font-weight: 400;\">Descuento por asistencia al Open House<\/span><\/li>\n<\/ul>\n<h3><span style=\"font-weight: 400;\">Servicio de cuidado<\/span><\/h3>\n<p><span style=\"font-weight: 400;\"><\/span><\/p>\n<p><span style=\"font-weight: 400;\">Servicio de After School Program, disponible para preescolar y para primaria<\/span><\/p>\n<p><span style=\"font-weight: 400;\">El servicio se ofrece hasta las 5:30 p.m.<\/span><\/p>\n<p><span style=\"font-weight: 400;\"><\/span><\/p>\n<h3><span style=\"font-weight: 400;\">\u00bfQu\u00e9 otros importes se deben pagar?<\/span><\/h3>\n<ul>\n<li><span style=\"font-weight: 400;\">Kit educativo que contiene los libros y licencias que requiere el estudiante seg\u00fan su a\u00f1o cursado<\/span><\/li>\n<li><span style=\"font-weight: 400;\">Uniformes<\/span><\/li>\n<li><span style=\"font-weight: 400;\">Gastos generales como giras educativas, convivios, retiros o campamentos seg\u00fan corresponda a su nivel.<\/span><\/li>\n<li><span style=\"font-weight: 400;\">Fiestas de cumplea\u00f1os y de fin de curso<\/span><\/li>\n<li><span style=\"font-weight: 400;\">D\u00eda del padre y de la madre<\/span><\/li>\n<\/ul>\n<h3><span style=\"font-weight: 400;\">\u00bfC\u00f3mo se maneja la parte de ideolog\u00eda de g\u00e9nero?<\/span><\/h3>\n<h3><span style=\"font-weight: 400;\">\u00bfC\u00f3mo se maneja la parte cristiana?<\/span><\/h3>\n<h3><span style=\"font-weight: 400;\">Programa de educaci\u00f3n especial<\/span><\/h3>\n<p>[\/et_pb_text][\/et_pb_column][et_pb_column type=&#8221;1_2&#8243; _builder_version=&#8221;4.27.4&#8243; _module_preset=&#8221;default&#8221; hover_enabled=&#8221;0&#8243; global_colors_info=&#8221;{}&#8221; sticky_enabled=&#8221;0&#8243;][et_pb_text _builder_version=&#8221;4.27.4&#8243; _module_preset=&#8221;default&#8221; hover_enabled=&#8221;0&#8243; global_colors_info=&#8221;{}&#8221; sticky_enabled=&#8221;0&#8243;]<\/p>\n<h3><span style=\"font-weight: 400;\">\u00bfSe ofrecen becas deportivas o acad\u00e9micas?<\/span><\/h3>\n<p><span style=\"font-weight: 400;\">El colegio cuenta con beneficio de becas socioecon\u00f3micas, algunos de los requisitos son que se puede aplicar a partir del segundo a\u00f1o de estudios en la instituci\u00f3n y a partir del nivel de primer grado.<\/span><\/p>\n<p><span style=\"font-weight: 400;\">Se realiza por estudio socioecon\u00f3mico de una trabajadora social y un grupo de funcionarios que conforman el comit\u00e9 que estudia cada caso.<\/span><\/p>\n<p><span style=\"font-weight: 400;\"><\/span><\/p>\n<h3><span style=\"font-weight: 400;\">\u00bfOfrecen descuentos?<\/span><\/h3>\n<ul>\n<li><span style=\"font-weight: 400;\">Existen descuentos por anualidad (tasa b\u00e1sica pasiva vigente al momento de pagar + 1%<\/span><\/li>\n<li><span style=\"font-weight: 400;\">Descuento para hermanos<\/span><\/li>\n<li><span style=\"font-weight: 400;\">10% para el primer hermano<\/span><\/li>\n<li><span style=\"font-weight: 400;\">15% para el segundo hermano<\/span><\/li>\n<\/ul>\n<h3><span style=\"font-weight: 400;\">C\u00f3mo puedo inscribirme en los Open House<\/span><\/h3>\n<p><span style=\"font-weight: 400;\">Preescolar <\/span><a href=\"https:\/\/forms.gle\/Yrhp1vB4Z5q3MMhJ6\"><span style=\"font-weight: 400;\">https:\/\/forms.gle\/Yrhp1vB4Z5q3MMhJ6<\/span><\/a><\/p>\n<p><span style=\"font-weight: 400;\">Primaria y secundaria <a href=\"https:\/\/forms.gle\/rKgzJJfVFAHAiUjcA\">https:\/\/forms.gle\/rKgzJJfVFAHAiUjcA<\/a><\/span><\/p>\n<p><span style=\"font-weight: 400;\"><\/span><\/p>\n<h3><span style=\"font-weight: 400;\">Transportistas rutas<\/span><\/h3>\n<p style=\"text-align: justify;\"><span style=\"font-weight: 400;\">MCS no ofrece el servicio de transporte de manera directa, pero s\u00ed contamos con un grupo de transportistas que podemos recomendar, ya que cuentan con los requisitos y permisos necesarios para el transporte de estudiantes (otorgado por el MOPT), los cuales presentaron ante la instituci\u00f3n como evidencia que garantiza unidades de transporte en buenas condiciones y el adecuado manejo de los ni\u00f1os.<\/span><\/p>\n<ul>\n<li><span style=\"font-weight: 400;\">Tres R\u00edos<\/span><\/li>\n<li><span style=\"font-weight: 400;\">San Antonio<\/span><\/li>\n<li><span style=\"font-weight: 400;\">Desamparados<\/span><\/li>\n<li><span style=\"font-weight: 400;\">San Francisco<\/span><\/li>\n<li><span style=\"font-weight: 400;\">Paso Ancho<\/span><\/li>\n<li><span style=\"font-weight: 400;\">Guadalupe hacia el Oeste<\/span><\/li>\n<li><span style=\"font-weight: 400;\">Santa Cecilia<\/span><\/li>\n<li><span style=\"font-weight: 400;\">Barrio Pilar<\/span><\/li>\n<li><span style=\"font-weight: 400;\">El Encanto - Calle Blancos<\/span><\/li>\n<li><span style=\"font-weight: 400;\">Tib\u00e1s<\/span><\/li>\n<li><span style=\"font-weight: 400;\">Santo Domingo<\/span><\/li>\n<li><span style=\"font-weight: 400;\">San Pablo - Heredia<\/span><\/li>\n<li><span style=\"font-weight: 400;\">Santo Tom\u00e1s - Heredia<\/span><\/li>\n<li><span style=\"font-weight: 400;\">Hacienda Vieja - Curridabat<\/span><\/li>\n<li><span style=\"font-weight: 400;\">Loma de Ayarco<\/span><\/li>\n<li><span style=\"font-weight: 400;\">La L\u00eda<\/span><\/li>\n<li><span style=\"font-weight: 400;\">Granadilla Norte<\/span><\/li>\n<li><span style=\"font-weight: 400;\">San Ram\u00f3n - Tres R\u00edos<\/span><\/li>\n<li><span style=\"font-weight: 400;\">San Rafael - Montes de Oca<\/span><\/li>\n<li><span style=\"font-weight: 400;\">Salitrillos<\/span><\/li>\n<li><span style=\"font-weight: 400;\">El Carmen - Guadalupe<\/span><\/li>\n<li><span style=\"font-weight: 400;\">Sabanilla<\/span><\/li>\n<li><span style=\"font-weight: 400;\">Vargas Araya<\/span><\/li>\n<li><span style=\"font-weight: 400;\">Cedros<\/span><\/li>\n<li><span style=\"font-weight: 400;\">Lourdes<\/span><\/li>\n<li><span style=\"font-weight: 400;\">Alto de Guadalupe<\/span><\/li>\n<li><span style=\"font-weight: 400;\">San Blas<\/span><\/li>\n<li><span style=\"font-weight: 400;\">La Isla<\/span><\/li>\n<li><span style=\"font-weight: 400;\">Los Sitios<\/span><\/li>\n<li><span style=\"font-weight: 400;\">La Trinidad<\/span><\/li>\n<li><span style=\"font-weight: 400;\">El Alto de Trinidad<\/span><\/li>\n<li><span style=\"font-weight: 400;\">Dulce Nombre<\/span><\/li>\n<li><span style=\"font-weight: 400;\">San Antonio - Coronado<\/span><\/li>\n<li><span style=\"font-weight: 400;\">Coronado Centro<\/span><\/li>\n<li><span style=\"font-weight: 400;\">Residencial Los Cafetos<\/span><\/li>\n<li><span style=\"font-weight: 400;\">San Mart\u00edn<\/span><\/li>\n<li><span style=\"font-weight: 400;\">Zetillal<\/span><\/li>\n<li><span style=\"font-weight: 400;\">La Mora<\/span><\/li>\n<li><span style=\"font-weight: 400;\">La Facio<\/span><\/li>\n<li><span style=\"font-weight: 400;\">Mozotal<\/span><\/li>\n<li><span style=\"font-weight: 400;\">Purral<\/span><\/li>\n<li><span style=\"font-weight: 400;\">San Pedro<\/span><\/li>\n<li><span style=\"font-weight: 400;\">Paso Ancho<\/span><\/li>\n<li><span style=\"font-weight: 400;\">San Sebasti\u00e1n<\/span><\/li>\n<li><span style=\"font-weight: 400;\">San Francisco - Dos R\u00edos<\/span><\/li>\n<li><span style=\"font-weight: 400;\">Desamparados<\/span><\/li>\n<li><span style=\"font-weight: 400;\">San Antonio - Desamparados<\/span><\/li>\n<li><span style=\"font-weight: 400;\">C\u00f3rdoba<\/span><\/li>\n<li><span style=\"font-weight: 400;\">Quesada Dur\u00e1n<\/span><\/li>\n<li><span style=\"font-weight: 400;\">Hatillos<\/span><\/li>\n<li><span style=\"font-weight: 400;\">Barrio Cuba<\/span><\/li>\n<li><span style=\"font-weight: 400;\">San Sebasti\u00e1n<\/span><\/li>\n<li><span style=\"font-weight: 400;\">Gravilias<\/span><\/li>\n<li><span style=\"font-weight: 400;\">Porvenir<\/span><\/li>\n<li><span style=\"font-weight: 400;\">La Pac\u00edfica<\/span><\/li>\n<li><span style=\"font-weight: 400;\">Los Sauces<\/span><\/li>\n<li><span style=\"font-weight: 400;\">Barrio Pinto<\/span><\/li>\n<\/ul>\n<p>[\/et_pb_text][\/et_pb_column][\/et_pb_row][\/et_pb_section]<\/p>","protected":false},"excerpt":{"rendered":"<p>Nombre de la persona encargada de admisiones? Kattia Figueroa Descuentos de matr\u00edcula Anualidad: Tasa b\u00e1sica pasiva + 1% Descuento al segundo y tercer hermano Descuento por asistencia al Open House [&hellip;]<\/p>","protected":false},"author":2,"featured_media":0,"parent":0,"menu_order":0,"comment_status":"closed","ping_status":"closed","template":"","meta":{"_et_pb_use_builder":"on","_et_pb_old_content":"","_et_gb_content_width":"","footnotes":""},"difl_page_category":[],"class_list":["post-258197","page","type-page","status-publish","hentry"],"yoast_head":"<!-- This site is optimized with the Yoast SEO Premium plugin v26.5 (Yoast SEO v26.5) - https:\/\/yoast.com\/wordpress\/plugins\/seo\/ -->\n<title>Preguntas-admisiones - Monterrey Christian School<\/title>\n<meta name=\"robots\" content=\"index, follow, max-snippet:-1, max-image-preview:large, max-video-preview:-1\" \/>\n<link rel=\"canonical\" href=\"https:\/\/mcs.ed.cr\/es\/preguntas-admisiones\/\" \/>\n<meta property=\"og:locale\" content=\"es_ES\" \/>\n<meta property=\"og:type\" content=\"article\" \/>\n<meta property=\"og:title\" content=\"Preguntas-admisiones - Monterrey Christian School\" \/>\n<meta property=\"og:description\" content=\"Nombre de la persona encargada de admisiones? Kattia Figueroa Descuentos de matr\u00edcula Anualidad: Tasa b\u00e1sica pasiva + 1% Descuento al segundo y tercer hermano Descuento por asistencia al Open House [&hellip;]\" \/>\n<meta property=\"og:url\" content=\"https:\/\/mcs.ed.cr\/es\/preguntas-admisiones\/\" \/>\n<meta property=\"og:site_name\" content=\"Monterrey Christian School\" \/>\n<meta property=\"article:publisher\" content=\"https:\/\/www.facebook.com\/MonterreyChristianSchool\/\" \/>\n<meta property=\"article:modified_time\" content=\"2025-08-04T14:43:06+00:00\" \/>\n<meta property=\"og:image\" content=\"https:\/\/mcs.ed.cr\/wp-content\/uploads\/2025\/08\/Torneo-Robotica-MCS-9-scaled.jpg\" \/>\n\t<meta property=\"og:image:width\" content=\"2560\" \/>\n\t<meta property=\"og:image:height\" content=\"1440\" \/>\n\t<meta property=\"og:image:type\" content=\"image\/jpeg\" \/>\n<meta name=\"twitter:card\" content=\"summary_large_image\" \/>\n<script type=\"application\/ld+json\" class=\"yoast-schema-graph\">{\"@context\":\"https:\/\/schema.org\",\"@graph\":[{\"@type\":\"WebPage\",\"@id\":\"https:\/\/mcs.ed.cr\/preguntas-admisiones\/\",\"url\":\"https:\/\/mcs.ed.cr\/preguntas-admisiones\/\",\"name\":\"Preguntas-admisiones - Monterrey Christian School\",\"isPartOf\":{\"@id\":\"https:\/\/mcs.ed.cr\/#website\"},\"datePublished\":\"2025-08-04T14:34:21+00:00\",\"dateModified\":\"2025-08-04T14:43:06+00:00\",\"inLanguage\":\"es-CR\",\"potentialAction\":[{\"@type\":\"ReadAction\",\"target\":[\"https:\/\/mcs.ed.cr\/preguntas-admisiones\/\"]}]},{\"@type\":\"WebSite\",\"@id\":\"https:\/\/mcs.ed.cr\/#website\",\"url\":\"https:\/\/mcs.ed.cr\/\",\"name\":\"Monterrey Christian School\",\"description\":\"Glorifyng God's Name Since 1956\",\"publisher\":{\"@id\":\"https:\/\/mcs.ed.cr\/#organization\"},\"potentialAction\":[{\"@type\":\"SearchAction\",\"target\":{\"@type\":\"EntryPoint\",\"urlTemplate\":\"https:\/\/mcs.ed.cr\/?s={search_term_string}\"},\"query-input\":{\"@type\":\"PropertyValueSpecification\",\"valueRequired\":true,\"valueName\":\"search_term_string\"}}],\"inLanguage\":\"es-CR\"},{\"@type\":\"Organization\",\"@id\":\"https:\/\/mcs.ed.cr\/#organization\",\"name\":\"Monterrey Christian School\",\"alternateName\":\"MCS\",\"url\":\"https:\/\/mcs.ed.cr\/\",\"logo\":{\"@type\":\"ImageObject\",\"inLanguage\":\"es-CR\",\"@id\":\"https:\/\/mcs.ed.cr\/#\/schema\/logo\/image\/\",\"url\":\"https:\/\/mcs.ed.cr\/wp-content\/uploads\/2023\/02\/MCS-turquesa.png\",\"contentUrl\":\"https:\/\/mcs.ed.cr\/wp-content\/uploads\/2023\/02\/MCS-turquesa.png\",\"width\":1359,\"height\":737,\"caption\":\"Monterrey Christian School\"},\"image\":{\"@id\":\"https:\/\/mcs.ed.cr\/#\/schema\/logo\/image\/\"},\"sameAs\":[\"https:\/\/www.facebook.com\/MonterreyChristianSchool\/\",\"https:\/\/www.instagram.com\/monterreychristianschool\/\"],\"email\":\"mparrales@monterrey.ed.cr\",\"telephone\":\"22240833\",\"legalName\":\"Asociaci\u00f3n Cultural Monterrey\",\"foundingDate\":\"1956-03-01\",\"numberOfEmployees\":{\"@type\":\"QuantitativeValue\",\"minValue\":\"51\",\"maxValue\":\"200\"}}]}<\/script>\n<!-- \/ Yoast SEO Premium plugin. -->","yoast_head_json":{"title":"Preguntas-admisiones - Monterrey Christian School","robots":{"index":"index","follow":"follow","max-snippet":"max-snippet:-1","max-image-preview":"max-image-preview:large","max-video-preview":"max-video-preview:-1"},"canonical":"https:\/\/mcs.ed.cr\/es\/preguntas-admisiones\/","og_locale":"es_ES","og_type":"article","og_title":"Preguntas-admisiones - Monterrey Christian School","og_description":"Nombre de la persona encargada de admisiones? Kattia Figueroa Descuentos de matr\u00edcula Anualidad: Tasa b\u00e1sica pasiva + 1% Descuento al segundo y tercer hermano Descuento por asistencia al Open House [&hellip;]","og_url":"https:\/\/mcs.ed.cr\/es\/preguntas-admisiones\/","og_site_name":"Monterrey Christian School","article_publisher":"https:\/\/www.facebook.com\/MonterreyChristianSchool\/","article_modified_time":"2025-08-04T14:43:06+00:00","og_image":[{"width":2560,"height":1440,"url":"https:\/\/mcs.ed.cr\/wp-content\/uploads\/2025\/08\/Torneo-Robotica-MCS-9-scaled.jpg","type":"image\/jpeg"}],"twitter_card":"summary_large_image","schema":{"@context":"https:\/\/schema.org","@graph":[{"@type":"WebPage","@id":"https:\/\/mcs.ed.cr\/preguntas-admisiones\/","url":"https:\/\/mcs.ed.cr\/preguntas-admisiones\/","name":"Preguntas-admisiones - Monterrey Christian School","isPartOf":{"@id":"https:\/\/mcs.ed.cr\/#website"},"datePublished":"2025-08-04T14:34:21+00:00","dateModified":"2025-08-04T14:43:06+00:00","inLanguage":"es-CR","potentialAction":[{"@type":"ReadAction","target":["https:\/\/mcs.ed.cr\/preguntas-admisiones\/"]}]},{"@type":"WebSite","@id":"https:\/\/mcs.ed.cr\/#website","url":"https:\/\/mcs.ed.cr\/","name":"Monterrey Christian School","description":"Glorificando el nombre de Dios desde 1956","publisher":{"@id":"https:\/\/mcs.ed.cr\/#organization"},"potentialAction":[{"@type":"SearchAction","target":{"@type":"EntryPoint","urlTemplate":"https:\/\/mcs.ed.cr\/?s={search_term_string}"},"query-input":{"@type":"PropertyValueSpecification","valueRequired":true,"valueName":"search_term_string"}}],"inLanguage":"es-CR"},{"@type":"Organization","@id":"https:\/\/mcs.ed.cr\/#organization","name":"Monterrey Christian School","alternateName":"MCS","url":"https:\/\/mcs.ed.cr\/","logo":{"@type":"ImageObject","inLanguage":"es-CR","@id":"https:\/\/mcs.ed.cr\/#\/schema\/logo\/image\/","url":"https:\/\/mcs.ed.cr\/wp-content\/uploads\/2023\/02\/MCS-turquesa.png","contentUrl":"https:\/\/mcs.ed.cr\/wp-content\/uploads\/2023\/02\/MCS-turquesa.png","width":1359,"height":737,"caption":"Monterrey Christian School"},"image":{"@id":"https:\/\/mcs.ed.cr\/#\/schema\/logo\/image\/"},"sameAs":["https:\/\/www.facebook.com\/MonterreyChristianSchool\/","https:\/\/www.instagram.com\/monterreychristianschool\/"],"email":"mparrales@monterrey.ed.cr","telephone":"22240833","legalName":"Asociaci\u00f3n Cultural Monterrey","foundingDate":"1956-03-01","numberOfEmployees":{"@type":"QuantitativeValue","minValue":"51","maxValue":"200"}}]}},"_links":{"self":[{"href":"https:\/\/mcs.ed.cr\/es\/wp-json\/wp\/v2\/pages\/258197","targetHints":{"allow":["GET"]}}],"collection":[{"href":"https:\/\/mcs.ed.cr\/es\/wp-json\/wp\/v2\/pages"}],"about":[{"href":"https:\/\/mcs.ed.cr\/es\/wp-json\/wp\/v2\/types\/page"}],"author":[{"embeddable":true,"href":"https:\/\/mcs.ed.cr\/es\/wp-json\/wp\/v2\/users\/2"}],"replies":[{"embeddable":true,"href":"https:\/\/mcs.ed.cr\/es\/wp-json\/wp\/v2\/comments?post=258197"}],"version-history":[{"count":0,"href":"https:\/\/mcs.ed.cr\/es\/wp-json\/wp\/v2\/pages\/258197\/revisions"}],"wp:attachment":[{"href":"https:\/\/mcs.ed.cr\/es\/wp-json\/wp\/v2\/media?parent=258197"}],"wp:term":[{"taxonomy":"difl_page_category","embeddable":true,"href":"https:\/\/mcs.ed.cr\/es\/wp-json\/wp\/v2\/difl_page_category?post=258197"}],"curies":[{"name":"wp","href":"https:\/\/api.w.org\/{rel}","templated":true}]}}